{"id":24995,"date":"2026-02-04T02:01:58","date_gmt":"2026-02-03T23:01:58","guid":{"rendered":"https:\/\/a-pant.ee\/product\/lazernyj-uroven-pr-2-hs-priemnik-pra-20\/"},"modified":"2026-02-22T12:37:56","modified_gmt":"2026-02-22T09:37:56","slug":"lazernyj-uroven-pr-2-hs-priemnik-pra-20-zaryadka","status":"publish","type":"product","link":"https:\/\/a-pant.ee\/ru\/product\/lazernyj-uroven-pr-2-hs-priemnik-pra-20-zaryadka\/","title":{"rendered":"\u041b\u0430\u0437\u0435\u0440\u043d\u044b\u0439 \u0443\u0440\u043e\u0432\u0435\u043d\u044c PR 2-HS + \u041f\u0440\u0438\u0435\u043c\u043d\u0438\u043a PRA 20 + \u0417\u0430\u0440\u044f\u0434\u043a\u0430"},"content":{"rendered":"\n<p> P\u00f6\u00f6rdlaser PR 2-HS + Laserkiire vastuv\u00f5tja PRA 20 + Laadija, heas seisu- ja t\u00f6\u00f6korras! <\/p><p> KIRJELDUS <\/p><p> T\u00e4psus <br \/> \u00b10.5 mm juures 10 m <br \/> T\u00f6\u00f6ulatus laserkiire vastuv\u00f5tjaga (l\u00e4bim\u00f5\u00f5t) <br \/> 2 &#8212; 600 m <br \/> Laseri klass <br \/> &lt; 4,85 mW, 620-690 nm, Klass 2 (EN 60825), Klass II (FDA CFR 21 art. 1040) <br \/> Iseloodimise vahemik toatemperatuuril <br \/> \u00b1 5 \u00b0 <br \/> P\u00f6\u00f6rlemiskiirus <br \/> 300 p\/min <br \/> T\u00f6\u00f6temperatuuride vahemik <br \/> -20 &#8212; 50 \u00b0C <br \/> Suurim t\u00f6\u00f6aeg <br \/> 16 h <\/p>\n","protected":false},"excerpt":{"rendered":"<p>P\u00f6\u00f6rdlaser PR 2-HS + Laserkiire vastuv\u00f5tja PRA 20 + Laadija, heas seisu- ja t\u00f6\u00f6korras! KIRJELDUS T\u00e4psus \u00b10.5 mm juures 10 m T\u00f6\u00f6ulatus laserkiire vastuv\u00f5tjaga (l\u00e4bim\u00f5\u00f5t) 2 &#8212; 600 m Laseri klass &lt; 4,85 mW, 620-690 nm, Klass 2 (EN 60825), Klass II (FDA CFR 21 art. 1040) Iseloodimise vahemik toatemperatuuril \u00b1 5 \u00b0 P\u00f6\u00f6rlemiskiirus 300 [&hellip;]<\/p>\n","protected":false},"featured_media":24996,"comment_status":"closed","ping_status":"open","template":"","meta":{"inline_featured_image":false},"product_brand":[],"product_cat":[234],"product_tag":[],"class_list":{"0":"post-24995","1":"product","2":"type-product","3":"status-publish","4":"has-post-thumbnail","6":"product_cat-izmeritelnye-pribory","7":"pa_asukoht-mustamae","8":"pa_seisukord-ispolzovano","10":"first","11":"instock","12":"taxable","13":"shipping-taxable","14":"purchasable","15":"product-type-simple"},"_links":{"self":[{"href":"https:\/\/a-pant.ee\/ru\/wp-json\/wp\/v2\/product\/24995","targetHints":{"allow":["GET"]}}],"collection":[{"href":"https:\/\/a-pant.ee\/ru\/wp-json\/wp\/v2\/product"}],"about":[{"href":"https:\/\/a-pant.ee\/ru\/wp-json\/wp\/v2\/types\/product"}],"replies":[{"embeddable":true,"href":"https:\/\/a-pant.ee\/ru\/wp-json\/wp\/v2\/comments?post=24995"}],"wp:featuredmedia":[{"embeddable":true,"href":"https:\/\/a-pant.ee\/ru\/wp-json\/wp\/v2\/media\/24996"}],"wp:attachment":[{"href":"https:\/\/a-pant.ee\/ru\/wp-json\/wp\/v2\/media?parent=24995"}],"wp:term":[{"taxonomy":"product_brand","embeddable":true,"href":"https:\/\/a-pant.ee\/ru\/wp-json\/wp\/v2\/product_brand?post=24995"},{"taxonomy":"product_cat","embeddable":true,"href":"https:\/\/a-pant.ee\/ru\/wp-json\/wp\/v2\/product_cat?post=24995"},{"taxonomy":"product_tag","embeddable":true,"href":"https:\/\/a-pant.ee\/ru\/wp-json\/wp\/v2\/product_tag?post=24995"}],"curies":[{"name":"wp","href":"https:\/\/api.w.org\/{rel}","templated":true}]}}