{"id":24975,"date":"2026-02-04T01:56:53","date_gmt":"2026-02-03T22:56:53","guid":{"rendered":"https:\/\/a-pant.ee\/product\/kofevarka-philips-ep4349\/"},"modified":"2026-02-22T12:38:00","modified_gmt":"2026-02-22T09:38:00","slug":"kofevarka-philips-ep4349","status":"publish","type":"product","link":"https:\/\/a-pant.ee\/ru\/product\/kofevarka-philips-ep4349\/","title":{"rendered":"\u041a\u043e\u0444\u0435\u0432\u0430\u0440\u043a\u0430 Philips Ep4349"},"content":{"rendered":"\n<p> Kohvimasin Philips Ep4349\u00a0, heas seisu- ja t\u00f6\u00f6korras! <\/p><p> KIRJELDUS <\/p><p> Kategooria: Kohvimasinad ja espressomasinad <\/p><p> Kaubam\u00e4rk: Philips <\/p><p> V\u00f5imsus: 1500 W <\/p><p> K\u00f5rgus: 43.3 cm <\/p><p> Laius: 24.6 cm <\/p><p> S\u00fcgavus: 37.2 cm <\/p><p> Kaal umbes: 8 kg <\/p><p> Veemahuti: 1.8 l <\/p><p> Kohviubade mahuti: 275 g <\/p><p> Sisseehitatud kohviveski: Jah <\/p><p> V\u00e4rv: Must <\/p><p> Korpus: Plastikust <\/p><p> Kohvit\u00fc\u00fcp: Kohvioad <\/p><p> Nutiseade: Ei <\/p><p> Kohvimasina t\u00fc\u00fcp: T\u00e4isautomaatne kohvimasin <\/p><p> Vaade: Philips, t\u00e4isautomaatne kohvimasin kohvimasinad ja espressomasinad <\/p><p> Piimavahustaja: Automaatne piimavahustaja <\/p><p> Kohvijoogi t\u00fc\u00fcp: Espresso, Cappuccino, Cafe Latte, Latte Machiatto <\/p>\n","protected":false},"excerpt":{"rendered":"<p>Kohvimasin Philips Ep4349\u00a0, heas seisu- ja t\u00f6\u00f6korras! KIRJELDUS Kategooria: Kohvimasinad ja espressomasinad Kaubam\u00e4rk: Philips V\u00f5imsus: 1500 W K\u00f5rgus: 43.3 cm Laius: 24.6 cm S\u00fcgavus: 37.2 cm Kaal umbes: 8 kg Veemahuti: 1.8 l Kohviubade mahuti: 275 g Sisseehitatud kohviveski: Jah V\u00e4rv: Must Korpus: Plastikust Kohvit\u00fc\u00fcp: Kohvioad Nutiseade: Ei Kohvimasina t\u00fc\u00fcp: T\u00e4isautomaatne kohvimasin Vaade: Philips, t\u00e4isautomaatne [&hellip;]<\/p>\n","protected":false},"featured_media":24976,"comment_status":"closed","ping_status":"closed","template":"","meta":{"inline_featured_image":false},"product_brand":[],"product_cat":[166],"product_tag":[],"class_list":{"0":"post-24975","1":"product","2":"type-product","3":"status-publish","4":"has-post-thumbnail","6":"product_cat-bytovaya-tehnika","7":"product_shipping_class-oversize","8":"pa_asukoht-lasnamae","9":"pa_seisukord-ispolzovano","11":"first","12":"instock","13":"taxable","14":"shipping-taxable","15":"purchasable","16":"product-type-simple"},"_links":{"self":[{"href":"https:\/\/a-pant.ee\/ru\/wp-json\/wp\/v2\/product\/24975","targetHints":{"allow":["GET"]}}],"collection":[{"href":"https:\/\/a-pant.ee\/ru\/wp-json\/wp\/v2\/product"}],"about":[{"href":"https:\/\/a-pant.ee\/ru\/wp-json\/wp\/v2\/types\/product"}],"replies":[{"embeddable":true,"href":"https:\/\/a-pant.ee\/ru\/wp-json\/wp\/v2\/comments?post=24975"}],"wp:featuredmedia":[{"embeddable":true,"href":"https:\/\/a-pant.ee\/ru\/wp-json\/wp\/v2\/media\/24976"}],"wp:attachment":[{"href":"https:\/\/a-pant.ee\/ru\/wp-json\/wp\/v2\/media?parent=24975"}],"wp:term":[{"taxonomy":"product_brand","embeddable":true,"href":"https:\/\/a-pant.ee\/ru\/wp-json\/wp\/v2\/product_brand?post=24975"},{"taxonomy":"product_cat","embeddable":true,"href":"https:\/\/a-pant.ee\/ru\/wp-json\/wp\/v2\/product_cat?post=24975"},{"taxonomy":"product_tag","embeddable":true,"href":"https:\/\/a-pant.ee\/ru\/wp-json\/wp\/v2\/product_tag?post=24975"}],"curies":[{"name":"wp","href":"https:\/\/api.w.org\/{rel}","templated":true}]}}