{"id":24966,"date":"2026-02-04T01:56:53","date_gmt":"2026-02-03T22:56:53","guid":{"rendered":"https:\/\/a-pant.ee\/product\/akkumulyatornyy-vintovert-metabo-ssd18-ltx-200-bl\/"},"modified":"2026-02-22T12:38:00","modified_gmt":"2026-02-22T09:38:00","slug":"akkumulyatornyj-vintovert-metabo-ssd18-ltx-200-bl-aku-5-5ach-zaryadka","status":"publish","type":"product","link":"https:\/\/a-pant.ee\/ru\/product\/akkumulyatornyj-vintovert-metabo-ssd18-ltx-200-bl-aku-5-5ach-zaryadka\/","title":{"rendered":"\u0410\u043a\u043a\u0443\u043c\u0443\u043b\u044f\u0442\u043e\u0440\u043d\u044b\u0439 \u0432\u0438\u043d\u0442\u043e\u0432\u0435\u0440\u0442 Metabo SSD18 LTX 200 BL + \u0410\u043a\u0443 5.5\u0410\u0447 + \u0417\u0430\u0440\u044f\u0434\u043a\u0430"},"content":{"rendered":"\n<p> Akul\u00f6\u00f6kkruvikeeraja Metabo SSD18 LTX 200 BL + Aku 5.5Ah + Laadija, heas seisu- ja t\u00f6\u00f6korras! <\/p><p> KIRJELDUS <\/p><p> T\u00f6\u00f6riista t\u00fc\u00fcp <br \/> L\u00f6\u00f6kmutriv\u00f5ti <br \/> T\u00f6\u00f6kiiruste arv <br \/> 1 <br \/> Toitumine <br \/> Akust <br \/> Maksimaalne p\u00f6\u00f6rdemoment <br \/> 200 Nm <br \/> Aku t\u00fc\u00fcp <br \/> Liitium-ioon <br \/> Aku pinge <br \/> 18 V <br \/> Harjadeta mootor <br \/> Jah <br \/> Kaal <br \/> 1,6 kg <\/p>\n","protected":false},"excerpt":{"rendered":"<p>Akul\u00f6\u00f6kkruvikeeraja Metabo SSD18 LTX 200 BL + Aku 5.5Ah + Laadija, heas seisu- ja t\u00f6\u00f6korras! KIRJELDUS T\u00f6\u00f6riista t\u00fc\u00fcp L\u00f6\u00f6kmutriv\u00f5ti T\u00f6\u00f6kiiruste arv 1 Toitumine Akust Maksimaalne p\u00f6\u00f6rdemoment 200 Nm Aku t\u00fc\u00fcp Liitium-ioon Aku pinge 18 V Harjadeta mootor Jah Kaal 1,6 kg<\/p>\n","protected":false},"featured_media":24967,"comment_status":"closed","ping_status":"open","template":"","meta":{"inline_featured_image":false},"product_brand":[],"product_cat":[221],"product_tag":[],"class_list":{"0":"post-24966","1":"product","2":"type-product","3":"status-publish","4":"has-post-thumbnail","6":"product_cat-akkumulyatornye-dreli","7":"pa_asukoht-mustamae","8":"pa_seisukord-ispolzovano","10":"first","11":"instock","12":"taxable","13":"shipping-taxable","14":"purchasable","15":"product-type-simple"},"_links":{"self":[{"href":"https:\/\/a-pant.ee\/ru\/wp-json\/wp\/v2\/product\/24966","targetHints":{"allow":["GET"]}}],"collection":[{"href":"https:\/\/a-pant.ee\/ru\/wp-json\/wp\/v2\/product"}],"about":[{"href":"https:\/\/a-pant.ee\/ru\/wp-json\/wp\/v2\/types\/product"}],"replies":[{"embeddable":true,"href":"https:\/\/a-pant.ee\/ru\/wp-json\/wp\/v2\/comments?post=24966"}],"wp:featuredmedia":[{"embeddable":true,"href":"https:\/\/a-pant.ee\/ru\/wp-json\/wp\/v2\/media\/24967"}],"wp:attachment":[{"href":"https:\/\/a-pant.ee\/ru\/wp-json\/wp\/v2\/media?parent=24966"}],"wp:term":[{"taxonomy":"product_brand","embeddable":true,"href":"https:\/\/a-pant.ee\/ru\/wp-json\/wp\/v2\/product_brand?post=24966"},{"taxonomy":"product_cat","embeddable":true,"href":"https:\/\/a-pant.ee\/ru\/wp-json\/wp\/v2\/product_cat?post=24966"},{"taxonomy":"product_tag","embeddable":true,"href":"https:\/\/a-pant.ee\/ru\/wp-json\/wp\/v2\/product_tag?post=24966"}],"curies":[{"name":"wp","href":"https:\/\/api.w.org\/{rel}","templated":true}]}}