{"id":24956,"date":"2026-02-04T01:56:53","date_gmt":"2026-02-03T22:56:53","guid":{"rendered":"https:\/\/a-pant.ee\/product\/umnye-chasy-samsung-gear-s3-frontier-zaryadka\/"},"modified":"2026-02-22T12:38:00","modified_gmt":"2026-02-22T09:38:00","slug":"umnye-chasy-samsung-gear-s3-frontier-zaryadka","status":"publish","type":"product","link":"https:\/\/a-pant.ee\/ru\/product\/umnye-chasy-samsung-gear-s3-frontier-zaryadka\/","title":{"rendered":"\u0423\u043c\u043d\u044b\u0435 \u0447\u0430\u0441\u044b Samsung Gear S3 Frontier + \u0437\u0430\u0440\u044f\u0434\u043a\u0430"},"content":{"rendered":"\n<p> \u00a0Nutikell Samsung Gear S3 Frontier + Laadija, heas seisu- ja t\u00f6\u00f6korras! <\/p><p> KIRJELDUS <\/p><p> Ekraan <br \/> 1,3&#8243; AMOLED <br \/> Turvalisus <br \/> Veekindel, P\u00f5rutuskindel <br \/> \u00dchilduvus <br \/> Android, iOS <br \/> Monitooring <br \/> Kiirendusm\u00f5\u00f5tur \u2013 kalorid, pulss, uni, f\u00fc\u00fcsiline aktiivsus <br \/> Aku mahutavus <br \/> 380 mAh <br \/> Operatsioonis\u00fcsteem <br \/> Tizen <br \/> Lisafunktsioonid <br \/> K\u00f5rgusm\u00f5\u00f5tja, Baromeeter, \u00c4ratuskell, Vibratsioon, G\u00fcroskoop, Valgusandur, K\u00f5lar, Kalender, Mikrofon, Kaamera, Sekundilugeja, Taimer, Sammulugeja <br \/> Klaasi t\u00fc\u00fcp <br \/> Kriimukindel <br \/> RAM-i maht <br \/> 768 MB <br \/> Sisseehitatud m\u00e4lu <br \/> 4096 MB <br \/> Vastuv\u00f5etavad helifailiformaadid <br \/> MP3, M4A, 3GA, AAC, OGG, OGA, WAV, WMA, AMR, AWB <\/p>\n","protected":false},"excerpt":{"rendered":"<p>\u00a0Nutikell Samsung Gear S3 Frontier + Laadija, heas seisu- ja t\u00f6\u00f6korras! KIRJELDUS Ekraan 1,3&#8243; AMOLED Turvalisus Veekindel, P\u00f5rutuskindel \u00dchilduvus Android, iOS Monitooring Kiirendusm\u00f5\u00f5tur \u2013 kalorid, pulss, uni, f\u00fc\u00fcsiline aktiivsus Aku mahutavus 380 mAh Operatsioonis\u00fcsteem Tizen Lisafunktsioonid K\u00f5rgusm\u00f5\u00f5tja, Baromeeter, \u00c4ratuskell, Vibratsioon, G\u00fcroskoop, Valgusandur, K\u00f5lar, Kalender, Mikrofon, Kaamera, Sekundilugeja, Taimer, Sammulugeja Klaasi t\u00fc\u00fcp Kriimukindel RAM-i maht 768 [&hellip;]<\/p>\n","protected":false},"featured_media":24957,"comment_status":"closed","ping_status":"open","template":"","meta":{"inline_featured_image":false},"product_brand":[],"product_cat":[176],"product_tag":[],"class_list":{"0":"post-24956","1":"product","2":"type-product","3":"status-publish","4":"has-post-thumbnail","6":"product_cat-smart-chasy","7":"pa_asukoht-mustamae","8":"pa_seisukord-ispolzovano","10":"first","11":"instock","12":"taxable","13":"shipping-taxable","14":"purchasable","15":"product-type-simple"},"_links":{"self":[{"href":"https:\/\/a-pant.ee\/ru\/wp-json\/wp\/v2\/product\/24956","targetHints":{"allow":["GET"]}}],"collection":[{"href":"https:\/\/a-pant.ee\/ru\/wp-json\/wp\/v2\/product"}],"about":[{"href":"https:\/\/a-pant.ee\/ru\/wp-json\/wp\/v2\/types\/product"}],"replies":[{"embeddable":true,"href":"https:\/\/a-pant.ee\/ru\/wp-json\/wp\/v2\/comments?post=24956"}],"wp:featuredmedia":[{"embeddable":true,"href":"https:\/\/a-pant.ee\/ru\/wp-json\/wp\/v2\/media\/24957"}],"wp:attachment":[{"href":"https:\/\/a-pant.ee\/ru\/wp-json\/wp\/v2\/media?parent=24956"}],"wp:term":[{"taxonomy":"product_brand","embeddable":true,"href":"https:\/\/a-pant.ee\/ru\/wp-json\/wp\/v2\/product_brand?post=24956"},{"taxonomy":"product_cat","embeddable":true,"href":"https:\/\/a-pant.ee\/ru\/wp-json\/wp\/v2\/product_cat?post=24956"},{"taxonomy":"product_tag","embeddable":true,"href":"https:\/\/a-pant.ee\/ru\/wp-json\/wp\/v2\/product_tag?post=24956"}],"curies":[{"name":"wp","href":"https:\/\/api.w.org\/{rel}","templated":true}]}}