{"id":24940,"date":"2026-02-04T01:56:53","date_gmt":"2026-02-03T22:56:53","guid":{"rendered":"https:\/\/a-pant.ee\/product\/mini-pila-einhell-tc-cs-89-600w\/"},"modified":"2026-02-22T12:37:59","modified_gmt":"2026-02-22T09:37:59","slug":"mini-pila-diskovaya-einhell-tc-cs-89-600w","status":"publish","type":"product","link":"https:\/\/a-pant.ee\/ru\/product\/mini-pila-diskovaya-einhell-tc-cs-89-600w\/","title":{"rendered":"\u041c\u0438\u043d\u0438-\u043f\u0438\u043b\u0430 \u0434\u0438\u0441\u043a\u043e\u0432\u0430\u044f Einhell TC-CS 89, 600W"},"content":{"rendered":"\n<p> Miniketassaag Einhell TC-CS 89, 600W, heas seisu- ja t\u00f6\u00f6korras! <\/p><p> KIRJELDUS <\/p><p> Toite t\u00fc\u00fcp <br \/> V\u00f5rgust <br \/> V\u00f5imsus, W) <br \/> 600 W <br \/> V\u00e4ljundv\u00f5imsus <br \/> 600 W <br \/> Kiiruste arv <br \/> 1 <br \/> P\u00f6\u00f6rlemiskiirus <br \/> 7200 p\u00f6\u00f6ret minutis <br \/> L\u00f5ikes\u00fcgavus (90\u00b0) <br \/> 27 mm <br \/> Disaini omadused <br \/> Tolmuimeja sissel\u00fclitamise v\u00f5imalus, Min-isaag, Spindli fikseerimine <br \/> Funktsioonid <br \/> Elektrooniline mootorikaitse <br \/> Plaadi l\u00e4bim\u00f5\u00f5t <br \/> 89 mm <br \/> Puuraugu l\u00e4bim\u00f5\u00f5t <br \/> 10 mm <\/p>\n","protected":false},"excerpt":{"rendered":"<p>Miniketassaag Einhell TC-CS 89, 600W, heas seisu- ja t\u00f6\u00f6korras! KIRJELDUS Toite t\u00fc\u00fcp V\u00f5rgust V\u00f5imsus, W) 600 W V\u00e4ljundv\u00f5imsus 600 W Kiiruste arv 1 P\u00f6\u00f6rlemiskiirus 7200 p\u00f6\u00f6ret minutis L\u00f5ikes\u00fcgavus (90\u00b0) 27 mm Disaini omadused Tolmuimeja sissel\u00fclitamise v\u00f5imalus, Min-isaag, Spindli fikseerimine Funktsioonid Elektrooniline mootorikaitse Plaadi l\u00e4bim\u00f5\u00f5t 89 mm Puuraugu l\u00e4bim\u00f5\u00f5t 10 mm<\/p>\n","protected":false},"featured_media":24941,"comment_status":"closed","ping_status":"open","template":"","meta":{"inline_featured_image":false},"product_brand":[],"product_cat":[230],"product_tag":[],"class_list":{"0":"post-24940","1":"product","2":"type-product","3":"status-publish","4":"has-post-thumbnail","6":"product_cat-czirkulyarnye-pily","7":"pa_asukoht-mustamae","8":"pa_seisukord-ispolzovano","10":"first","11":"instock","12":"taxable","13":"shipping-taxable","14":"purchasable","15":"product-type-simple"},"_links":{"self":[{"href":"https:\/\/a-pant.ee\/ru\/wp-json\/wp\/v2\/product\/24940","targetHints":{"allow":["GET"]}}],"collection":[{"href":"https:\/\/a-pant.ee\/ru\/wp-json\/wp\/v2\/product"}],"about":[{"href":"https:\/\/a-pant.ee\/ru\/wp-json\/wp\/v2\/types\/product"}],"replies":[{"embeddable":true,"href":"https:\/\/a-pant.ee\/ru\/wp-json\/wp\/v2\/comments?post=24940"}],"wp:featuredmedia":[{"embeddable":true,"href":"https:\/\/a-pant.ee\/ru\/wp-json\/wp\/v2\/media\/24941"}],"wp:attachment":[{"href":"https:\/\/a-pant.ee\/ru\/wp-json\/wp\/v2\/media?parent=24940"}],"wp:term":[{"taxonomy":"product_brand","embeddable":true,"href":"https:\/\/a-pant.ee\/ru\/wp-json\/wp\/v2\/product_brand?post=24940"},{"taxonomy":"product_cat","embeddable":true,"href":"https:\/\/a-pant.ee\/ru\/wp-json\/wp\/v2\/product_cat?post=24940"},{"taxonomy":"product_tag","embeddable":true,"href":"https:\/\/a-pant.ee\/ru\/wp-json\/wp\/v2\/product_tag?post=24940"}],"curies":[{"name":"wp","href":"https:\/\/api.w.org\/{rel}","templated":true}]}}