{"id":24932,"date":"2026-02-04T01:56:53","date_gmt":"2026-02-03T22:56:53","guid":{"rendered":"https:\/\/a-pant.ee\/product\/gvozdzabivnoy-pistolet-hilti-gx-3\/"},"modified":"2026-02-22T12:37:59","modified_gmt":"2026-02-22T09:37:59","slug":"gvozdezabivnoj-pistolet-na-gaze-hilti-gx-3-chemodan-chek","status":"publish","type":"product","link":"https:\/\/a-pant.ee\/ru\/product\/gvozdezabivnoj-pistolet-na-gaze-hilti-gx-3-chemodan-chek\/","title":{"rendered":"\u0413\u0432\u043e\u0437\u0434\u0435\u0437\u0430\u0431\u0438\u0432\u043d\u043e\u0439 \u043f\u0438\u0441\u0442\u043e\u043b\u0435\u0442 \u043d\u0430 \u0433\u0430\u0437\u0435 Hilti GX 3 + \u0447\u0435\u043c\u043e\u0434\u0430\u043d + \u0447\u0435\u043a"},"content":{"rendered":"\n<p> Gaasiga naelap\u00fcss Hilti GX 3 + kohver + t\u0161ekk\u00a0, heas seisu- ja t\u00f6\u00f6korras! <\/p><p> KIRJELDUS <\/p><p> M\u00f5\u00f5tmed (P x L) 436 x 132 mm <\/p><p> T\u00f6\u00f6riista korpuse kaal 3,99 kg <\/p><p> Kinnitite Mahutavus 40 naela <\/p><p> Kinniti pikkuse vahemik 14 \u2013 39 mm <\/p><p> Vooluallika t\u00fc\u00fcp GC 40 gaasiballoon, GC 41 gaasiballoon, GC 42 gaasiballoon <\/p><p> Hilti Connect Ja <\/p><p> V\u00f5imsus (max) 100J <\/p>\n","protected":false},"excerpt":{"rendered":"<p>Gaasiga naelap\u00fcss Hilti GX 3 + kohver + t\u0161ekk\u00a0, heas seisu- ja t\u00f6\u00f6korras! KIRJELDUS M\u00f5\u00f5tmed (P x L) 436 x 132 mm T\u00f6\u00f6riista korpuse kaal 3,99 kg Kinnitite Mahutavus 40 naela Kinniti pikkuse vahemik 14 \u2013 39 mm Vooluallika t\u00fc\u00fcp GC 40 gaasiballoon, GC 41 gaasiballoon, GC 42 gaasiballoon Hilti Connect Ja V\u00f5imsus (max) 100J<\/p>\n","protected":false},"featured_media":24933,"comment_status":"closed","ping_status":"open","template":"","meta":{"inline_featured_image":false},"product_brand":[],"product_cat":[224],"product_tag":[],"class_list":{"0":"post-24932","1":"product","2":"type-product","3":"status-publish","4":"has-post-thumbnail","6":"product_cat-gazovye-pistolety","7":"pa_asukoht-lasnamae","8":"pa_seisukord-ispolzovano","10":"first","11":"instock","12":"taxable","13":"shipping-taxable","14":"purchasable","15":"product-type-simple"},"_links":{"self":[{"href":"https:\/\/a-pant.ee\/ru\/wp-json\/wp\/v2\/product\/24932","targetHints":{"allow":["GET"]}}],"collection":[{"href":"https:\/\/a-pant.ee\/ru\/wp-json\/wp\/v2\/product"}],"about":[{"href":"https:\/\/a-pant.ee\/ru\/wp-json\/wp\/v2\/types\/product"}],"replies":[{"embeddable":true,"href":"https:\/\/a-pant.ee\/ru\/wp-json\/wp\/v2\/comments?post=24932"}],"wp:featuredmedia":[{"embeddable":true,"href":"https:\/\/a-pant.ee\/ru\/wp-json\/wp\/v2\/media\/24933"}],"wp:attachment":[{"href":"https:\/\/a-pant.ee\/ru\/wp-json\/wp\/v2\/media?parent=24932"}],"wp:term":[{"taxonomy":"product_brand","embeddable":true,"href":"https:\/\/a-pant.ee\/ru\/wp-json\/wp\/v2\/product_brand?post=24932"},{"taxonomy":"product_cat","embeddable":true,"href":"https:\/\/a-pant.ee\/ru\/wp-json\/wp\/v2\/product_cat?post=24932"},{"taxonomy":"product_tag","embeddable":true,"href":"https:\/\/a-pant.ee\/ru\/wp-json\/wp\/v2\/product_tag?post=24932"}],"curies":[{"name":"wp","href":"https:\/\/api.w.org\/{rel}","templated":true}]}}