{"id":24926,"date":"2026-02-04T01:56:53","date_gmt":"2026-02-03T22:56:53","guid":{"rendered":"https:\/\/a-pant.ee\/product\/kompressor-dewalt-dpc6mrc-qs\/"},"modified":"2026-02-22T12:37:59","modified_gmt":"2026-02-22T09:37:59","slug":"kompressor-dewalt-dpc6mrc-qs","status":"publish","type":"product","link":"https:\/\/a-pant.ee\/ru\/product\/kompressor-dewalt-dpc6mrc-qs\/","title":{"rendered":"\u041a\u043e\u043c\u043f\u0440\u0435\u0441\u0441\u043e\u0440 DeWalt DPC6MRC-QS"},"content":{"rendered":"\n<p> Kompressor DeWalt DPC6MRC-QS\u00a0, heas seisu- ja t\u00f6\u00f6korras! <\/p><p> KIRJELDUS <\/p><p> Toode Kompressor <\/p><p> Toide Juhtmega <\/p><p> V\u00f5imsus, W 1100 <\/p><p> Kaal, kg 10.5 <\/p><p> Pinge, V 220 \u2013 240 <\/p><p> T\u00f6\u00f6r\u00f5hk, baar 8 <\/p><p> Seadme m\u00f5\u00f5tmed (G  \/ P  \/ A), cm 44.5 x 36 x 40 <\/p><p> Mootori v\u00f5imsus, hj 1.5 <\/p><p> \u00d5huvool, l \/ min 170 <\/p><p> \u00d5hupaagi maht. l 6 <\/p>\n","protected":false},"excerpt":{"rendered":"<p>Kompressor DeWalt DPC6MRC-QS\u00a0, heas seisu- ja t\u00f6\u00f6korras! KIRJELDUS Toode Kompressor Toide Juhtmega V\u00f5imsus, W 1100 Kaal, kg 10.5 Pinge, V 220 \u2013 240 T\u00f6\u00f6r\u00f5hk, baar 8 Seadme m\u00f5\u00f5tmed (G \/ P \/ A), cm 44.5 x 36 x 40 Mootori v\u00f5imsus, hj 1.5 \u00d5huvool, l \/ min 170 \u00d5hupaagi maht. l 6<\/p>\n","protected":false},"featured_media":24927,"comment_status":"closed","ping_status":"open","template":"","meta":{"inline_featured_image":false},"product_brand":[],"product_cat":[236],"product_tag":[],"class_list":{"0":"post-24926","1":"product","2":"type-product","3":"status-publish","4":"has-post-thumbnail","6":"product_cat-pnevmaticheskij-instrument","7":"pa_asukoht-lasnamae","8":"pa_seisukord-ispolzovano","10":"first","11":"outofstock","12":"taxable","13":"shipping-taxable","14":"purchasable","15":"product-type-simple"},"_links":{"self":[{"href":"https:\/\/a-pant.ee\/ru\/wp-json\/wp\/v2\/product\/24926","targetHints":{"allow":["GET"]}}],"collection":[{"href":"https:\/\/a-pant.ee\/ru\/wp-json\/wp\/v2\/product"}],"about":[{"href":"https:\/\/a-pant.ee\/ru\/wp-json\/wp\/v2\/types\/product"}],"replies":[{"embeddable":true,"href":"https:\/\/a-pant.ee\/ru\/wp-json\/wp\/v2\/comments?post=24926"}],"wp:featuredmedia":[{"embeddable":true,"href":"https:\/\/a-pant.ee\/ru\/wp-json\/wp\/v2\/media\/24927"}],"wp:attachment":[{"href":"https:\/\/a-pant.ee\/ru\/wp-json\/wp\/v2\/media?parent=24926"}],"wp:term":[{"taxonomy":"product_brand","embeddable":true,"href":"https:\/\/a-pant.ee\/ru\/wp-json\/wp\/v2\/product_brand?post=24926"},{"taxonomy":"product_cat","embeddable":true,"href":"https:\/\/a-pant.ee\/ru\/wp-json\/wp\/v2\/product_cat?post=24926"},{"taxonomy":"product_tag","embeddable":true,"href":"https:\/\/a-pant.ee\/ru\/wp-json\/wp\/v2\/product_tag?post=24926"}],"curies":[{"name":"wp","href":"https:\/\/api.w.org\/{rel}","templated":true}]}}