{"id":24920,"date":"2026-02-04T01:56:53","date_gmt":"2026-02-03T22:56:53","guid":{"rendered":"https:\/\/a-pant.ee\/product\/bluetooth-naushniki-jbl-tune-220tws-dok\/"},"modified":"2026-02-22T12:37:59","modified_gmt":"2026-02-22T09:37:59","slug":"bluetooth-naushniki-jbl-tune-beam-2-korobka","status":"publish","type":"product","link":"https:\/\/a-pant.ee\/ru\/product\/bluetooth-naushniki-jbl-tune-beam-2-korobka\/","title":{"rendered":"Bluetooth \u043d\u0430\u0443\u0448\u043d\u0438\u043a\u0438 JBL Tune Beam 2 + \u043a\u043e\u0440\u043e\u0431\u043a\u0430"},"content":{"rendered":"\n<p> Bluetooth k\u00f5rvaklapid JBL Tune 220TWS + dok\u00a0, heas seisu- ja t\u00f6\u00f6korras! <\/p><p> KIRJELDUS <\/p><p> Kategooria: K\u00f5rvaklapid <\/p><p> Kaubam\u00e4rk: JBL <\/p><p> Kandmise viis: K\u00f5rvasisesed <\/p><p> V\u00e4rv: Roosa <\/p><p> Liidese t\u00fc\u00fcp: Bluetooth <\/p><p> Sageduskaja: 20000 Hz <\/p><p> Mikrofon: Jah <\/p><p> Maksimaalne t\u00f6\u00f6piirkond (m): 10 m <\/p><p> M\u00e4lukaardi pesa: Ei <\/p><p> Maksimaalne t\u00f6\u00f6aeg: 3 h <\/p><p> Kaal: 56 g <\/p><p> M\u00fcrasummutus: T\u00e4psustamata <\/p><p> T\u00fc\u00fcp: Juhtmevabad k\u00f5rvaklapid <\/p><p> Vaade: JBL, juhtmevabad k\u00f5rvaklapid k\u00f5rvaklapid <\/p><p> Eesm\u00e4rk: Sportimiseks <\/p>\n","protected":false},"excerpt":{"rendered":"<p>Bluetooth k\u00f5rvaklapid JBL Tune 220TWS + dok\u00a0, heas seisu- ja t\u00f6\u00f6korras! KIRJELDUS Kategooria: K\u00f5rvaklapid Kaubam\u00e4rk: JBL Kandmise viis: K\u00f5rvasisesed V\u00e4rv: Roosa Liidese t\u00fc\u00fcp: Bluetooth Sageduskaja: 20000 Hz Mikrofon: Jah Maksimaalne t\u00f6\u00f6piirkond (m): 10 m M\u00e4lukaardi pesa: Ei Maksimaalne t\u00f6\u00f6aeg: 3 h Kaal: 56 g M\u00fcrasummutus: T\u00e4psustamata T\u00fc\u00fcp: Juhtmevabad k\u00f5rvaklapid Vaade: JBL, juhtmevabad k\u00f5rvaklapid k\u00f5rvaklapid Eesm\u00e4rk: [&hellip;]<\/p>\n","protected":false},"featured_media":24921,"comment_status":"closed","ping_status":"open","template":"","meta":{"inline_featured_image":false},"product_brand":[],"product_cat":[168],"product_tag":[],"class_list":{"0":"post-24920","1":"product","2":"type-product","3":"status-publish","4":"has-post-thumbnail","6":"product_cat-naushniki","7":"pa_asukoht-lasnamae","8":"pa_seisukord-ispolzovano","10":"first","11":"instock","12":"taxable","13":"shipping-taxable","14":"purchasable","15":"product-type-simple"},"_links":{"self":[{"href":"https:\/\/a-pant.ee\/ru\/wp-json\/wp\/v2\/product\/24920","targetHints":{"allow":["GET"]}}],"collection":[{"href":"https:\/\/a-pant.ee\/ru\/wp-json\/wp\/v2\/product"}],"about":[{"href":"https:\/\/a-pant.ee\/ru\/wp-json\/wp\/v2\/types\/product"}],"replies":[{"embeddable":true,"href":"https:\/\/a-pant.ee\/ru\/wp-json\/wp\/v2\/comments?post=24920"}],"wp:featuredmedia":[{"embeddable":true,"href":"https:\/\/a-pant.ee\/ru\/wp-json\/wp\/v2\/media\/24921"}],"wp:attachment":[{"href":"https:\/\/a-pant.ee\/ru\/wp-json\/wp\/v2\/media?parent=24920"}],"wp:term":[{"taxonomy":"product_brand","embeddable":true,"href":"https:\/\/a-pant.ee\/ru\/wp-json\/wp\/v2\/product_brand?post=24920"},{"taxonomy":"product_cat","embeddable":true,"href":"https:\/\/a-pant.ee\/ru\/wp-json\/wp\/v2\/product_cat?post=24920"},{"taxonomy":"product_tag","embeddable":true,"href":"https:\/\/a-pant.ee\/ru\/wp-json\/wp\/v2\/product_tag?post=24920"}],"curies":[{"name":"wp","href":"https:\/\/api.w.org\/{rel}","templated":true}]}}