{"id":24914,"date":"2026-02-04T01:56:53","date_gmt":"2026-02-03T22:56:53","guid":{"rendered":"https:\/\/a-pant.ee\/product\/igrovaya-konsol-xbox-one-500gb-dzhoystik\/"},"modified":"2026-02-22T12:37:59","modified_gmt":"2026-02-22T09:37:59","slug":"igrovaya-konsol-xbox-one-500gb-dzhojstik","status":"publish","type":"product","link":"https:\/\/a-pant.ee\/ru\/product\/igrovaya-konsol-xbox-one-500gb-dzhojstik\/","title":{"rendered":"\u0418\u0433\u0440\u043e\u0432\u0430\u044f \u043a\u043e\u043d\u0441\u043e\u043b\u044c Xbox ONE 500GB + \u0434\u0436\u043e\u0439\u0441\u0442\u0438\u043a"},"content":{"rendered":"\n<div><div><div><div id=\"description\"><div><p> \u00a0Mangukoonsol Xbox ONE 500GB + pult\u00a0, heas seisu- ja t\u00f6\u00f6korras! <\/p><p> Sisseehitatud m\u00e4lumaht <br \/> 500 GB <br \/> Digiboksi t\u00fc\u00fcp <br \/> paigal <br \/> Juhtmeta \u00fchendus <br \/> WiFi <br \/> Wi-Fi standard <br \/> 802.11b\/g\/n <br \/> Liidesed <br \/> USB x 2 <\/p><\/div><\/div><\/div><\/div><\/div><div id=\"item-tools\"><div id=\"stats-views\"><\/div><\/div>\n","protected":false},"excerpt":{"rendered":"<p>\u00a0Mangukoonsol Xbox ONE 500GB + pult\u00a0, heas seisu- ja t\u00f6\u00f6korras! Sisseehitatud m\u00e4lumaht 500 GB Digiboksi t\u00fc\u00fcp paigal Juhtmeta \u00fchendus WiFi Wi-Fi standard 802.11b\/g\/n Liidesed USB x 2<\/p>\n","protected":false},"featured_media":24915,"comment_status":"closed","ping_status":"open","template":"","meta":{"inline_featured_image":false},"product_brand":[],"product_cat":[174],"product_tag":[],"class_list":{"0":"post-24914","1":"product","2":"type-product","3":"status-publish","4":"has-post-thumbnail","6":"product_cat-igrovye-konsoli","7":"pa_asukoht-mustamae","8":"pa_seisukord-ispolzovano","10":"first","11":"instock","12":"taxable","13":"shipping-taxable","14":"purchasable","15":"product-type-simple"},"_links":{"self":[{"href":"https:\/\/a-pant.ee\/ru\/wp-json\/wp\/v2\/product\/24914","targetHints":{"allow":["GET"]}}],"collection":[{"href":"https:\/\/a-pant.ee\/ru\/wp-json\/wp\/v2\/product"}],"about":[{"href":"https:\/\/a-pant.ee\/ru\/wp-json\/wp\/v2\/types\/product"}],"replies":[{"embeddable":true,"href":"https:\/\/a-pant.ee\/ru\/wp-json\/wp\/v2\/comments?post=24914"}],"wp:featuredmedia":[{"embeddable":true,"href":"https:\/\/a-pant.ee\/ru\/wp-json\/wp\/v2\/media\/24915"}],"wp:attachment":[{"href":"https:\/\/a-pant.ee\/ru\/wp-json\/wp\/v2\/media?parent=24914"}],"wp:term":[{"taxonomy":"product_brand","embeddable":true,"href":"https:\/\/a-pant.ee\/ru\/wp-json\/wp\/v2\/product_brand?post=24914"},{"taxonomy":"product_cat","embeddable":true,"href":"https:\/\/a-pant.ee\/ru\/wp-json\/wp\/v2\/product_cat?post=24914"},{"taxonomy":"product_tag","embeddable":true,"href":"https:\/\/a-pant.ee\/ru\/wp-json\/wp\/v2\/product_tag?post=24914"}],"curies":[{"name":"wp","href":"https:\/\/api.w.org\/{rel}","templated":true}]}}