{"id":24900,"date":"2026-02-04T01:56:53","date_gmt":"2026-02-03T22:56:53","guid":{"rendered":"https:\/\/a-pant.ee\/product\/akudrel-makita-dtd153\/"},"modified":"2026-02-22T12:37:59","modified_gmt":"2026-02-22T09:37:59","slug":"akudrel-makita-dtd153","status":"publish","type":"product","link":"https:\/\/a-pant.ee\/ru\/product\/akudrel-makita-dtd153\/","title":{"rendered":"\u0410\u043a\u0443\u0434\u0440\u0435\u043b\u044c Makita DTD153"},"content":{"rendered":"\n<p> Akutrell Makita DTD153 , heas seisu- ja t\u00f6\u00f6korras! <\/p><p> KIRJELDUS <\/p><div><table><tbody><tr><td> Toote t\u00fc\u00fcp <\/td><td><a href=\"https:\/\/www.k-rauta.ee\/c\/tooriistad\/akutooriistad-tarvikud\/akutrellid-kruvikeerajad\/4h?f=4anz\" rel=\"nofollow noopener\" target=\"_blank\"> Kruvikeeraja <\/a><\/td><\/tr><tr><td> Kaubam\u00e4rk <\/td><td><a href=\"https:\/\/www.k-rauta.ee\/c\/tooriistad\/akutooriistad-tarvikud\/akutrellid-kruvikeerajad\/4h?f=402r\" rel=\"nofollow noopener\" target=\"_blank\"> Makita <\/a><\/td><\/tr><tr><td> Mudel <\/td><td> DTD153Z <\/td><\/tr><tr><td> Kaal <\/td><td> 1.5 kg <\/td><\/tr><tr><td> Pikkus <\/td><td> 126 mm <\/td><\/tr><tr><td> Laius <\/td><td> 79 mm <\/td><\/tr><tr><td> P\u00f6\u00f6rete arv t\u00fchik\u00e4igul <\/td><td><a href=\"https:\/\/www.k-rauta.ee\/c\/tooriistad\/akutooriistad-tarvikud\/akutrellid-kruvikeerajad\/4h?f=49a5\" rel=\"nofollow noopener\" target=\"_blank\"> 0-3400 <\/a><\/td><\/tr><tr><td> K\u00e4ikude arv <\/td><td> 1 <\/td><\/tr><\/tbody><\/table><\/div><div><table><tbody><tr><td> Maksimaalne p\u00f6\u00f6rdemoment, Nm <\/td><td> 170 <\/td><\/tr><tr><td> Haaratsi l\u00e4bim\u00f5\u00f5t <\/td><td> 6.35 mm <\/td><\/tr><tr><td> L\u00f6\u00f6kide arv minutis <\/td><td> 3600 <\/td><\/tr><tr><td> Aku t\u00fc\u00fcp <\/td><td> Li-ion <\/td><\/tr><tr><td> Aku kuulub komplekti <\/td><td><a href=\"https:\/\/www.k-rauta.ee\/c\/tooriistad\/akutooriistad-tarvikud\/akutrellid-kruvikeerajad\/4h?f=40ag\" rel=\"nofollow noopener\" target=\"_blank\"> Ei <\/a><\/td><\/tr><tr><td> Aku pinge <\/td><td> 18 V <\/td><\/tr><tr><td> Laadija kuulub komplekti <\/td><td> Ei <\/td><\/tr><tr><td> Kohver kuulub komplekti <\/td><td> Ei <\/td><\/tr><\/tbody><\/table><\/div><div><table><tbody><tr><td> Laadimistaseme indikaator <\/td><td> Ei <\/td><\/tr><tr><td> Otsakute komplekt kuulub komplekti <\/td><td> Ei <\/td><\/tr><tr><td> Helitugevus <\/td><td> 105 dB <\/td><\/tr><tr><td> Sisseehitatud LED valgustus <\/td><td> Jah <\/td><\/tr><\/tbody><\/table><\/div>\n","protected":false},"excerpt":{"rendered":"<p>Akutrell Makita DTD153 , heas seisu- ja t\u00f6\u00f6korras! KIRJELDUS Toote t\u00fc\u00fcp Kruvikeeraja Kaubam\u00e4rk Makita Mudel DTD153Z Kaal 1.5 kg Pikkus 126 mm Laius 79 mm P\u00f6\u00f6rete arv t\u00fchik\u00e4igul 0-3400 K\u00e4ikude arv 1 Maksimaalne p\u00f6\u00f6rdemoment, Nm 170 Haaratsi l\u00e4bim\u00f5\u00f5t 6.35 mm L\u00f6\u00f6kide arv minutis 3600 Aku t\u00fc\u00fcp Li-ion Aku kuulub komplekti Ei Aku pinge 18 V [&hellip;]<\/p>\n","protected":false},"featured_media":24901,"comment_status":"closed","ping_status":"open","template":"","meta":{"inline_featured_image":false},"product_brand":[],"product_cat":[221],"product_tag":[],"class_list":{"0":"post-24900","1":"product","2":"type-product","3":"status-publish","4":"has-post-thumbnail","6":"product_cat-akkumulyatornye-dreli","7":"pa_asukoht-mustamae","8":"pa_seisukord-ispolzovano","10":"first","11":"instock","12":"taxable","13":"shipping-taxable","14":"purchasable","15":"product-type-simple"},"_links":{"self":[{"href":"https:\/\/a-pant.ee\/ru\/wp-json\/wp\/v2\/product\/24900","targetHints":{"allow":["GET"]}}],"collection":[{"href":"https:\/\/a-pant.ee\/ru\/wp-json\/wp\/v2\/product"}],"about":[{"href":"https:\/\/a-pant.ee\/ru\/wp-json\/wp\/v2\/types\/product"}],"replies":[{"embeddable":true,"href":"https:\/\/a-pant.ee\/ru\/wp-json\/wp\/v2\/comments?post=24900"}],"wp:featuredmedia":[{"embeddable":true,"href":"https:\/\/a-pant.ee\/ru\/wp-json\/wp\/v2\/media\/24901"}],"wp:attachment":[{"href":"https:\/\/a-pant.ee\/ru\/wp-json\/wp\/v2\/media?parent=24900"}],"wp:term":[{"taxonomy":"product_brand","embeddable":true,"href":"https:\/\/a-pant.ee\/ru\/wp-json\/wp\/v2\/product_brand?post=24900"},{"taxonomy":"product_cat","embeddable":true,"href":"https:\/\/a-pant.ee\/ru\/wp-json\/wp\/v2\/product_cat?post=24900"},{"taxonomy":"product_tag","embeddable":true,"href":"https:\/\/a-pant.ee\/ru\/wp-json\/wp\/v2\/product_tag?post=24900"}],"curies":[{"name":"wp","href":"https:\/\/api.w.org\/{rel}","templated":true}]}}