{"id":24894,"date":"2026-02-04T01:56:53","date_gmt":"2026-02-03T22:56:53","guid":{"rendered":"https:\/\/a-pant.ee\/product\/beprovodnye-naushniki-jbl-tune-225-tws\/"},"modified":"2026-02-22T12:37:59","modified_gmt":"2026-02-22T09:37:59","slug":"besprovodnye-naushniki-jbl-tune-225-tws","status":"publish","type":"product","link":"https:\/\/a-pant.ee\/ru\/product\/besprovodnye-naushniki-jbl-tune-225-tws\/","title":{"rendered":"\u0411\u0435\u0441\u043f\u0440\u043e\u0432\u043e\u0434\u043d\u044b\u0435 \u043d\u0430\u0443\u0448\u043d\u0438\u043a\u0438 JBL Tune 225 TWS"},"content":{"rendered":"\n<p> K\u00f5rvklappid JBL Tune 225 TWS\u00a0, heas seisu- ja t\u00f6\u00f6korras! <\/p><p><br \/> Seadme t\u00fc\u00fcp <br \/> juhtmevabad TWS k\u00f5rvaklapid <br \/> Disain <br \/> k\u00f5rvaklapid <br \/> Disaini omadused <br \/> mikrofon, eemaldatav kaabel, taustvalgustus, ruumiline heli, automaatne helitugevuse reguleerimine, kohanduv ekvalaiser, sisseehitatud helikaart, ruumiline heli, NFC sidumine, mitmepunktitehnoloogia <br \/> Pistiku pistik <br \/> C-t\u00fc\u00fcpi USB <br \/> Paigaldust\u00fc\u00fcp <br \/> ilma kinnituseta <br \/> Akustilise disaini t\u00fc\u00fcp <br \/> suletud <\/p>\n","protected":false},"excerpt":{"rendered":"<p>K\u00f5rvklappid JBL Tune 225 TWS\u00a0, heas seisu- ja t\u00f6\u00f6korras! Seadme t\u00fc\u00fcp juhtmevabad TWS k\u00f5rvaklapid Disain k\u00f5rvaklapid Disaini omadused mikrofon, eemaldatav kaabel, taustvalgustus, ruumiline heli, automaatne helitugevuse reguleerimine, kohanduv ekvalaiser, sisseehitatud helikaart, ruumiline heli, NFC sidumine, mitmepunktitehnoloogia Pistiku pistik C-t\u00fc\u00fcpi USB Paigaldust\u00fc\u00fcp ilma kinnituseta Akustilise disaini t\u00fc\u00fcp suletud<\/p>\n","protected":false},"featured_media":24895,"comment_status":"closed","ping_status":"open","template":"","meta":{"inline_featured_image":false},"product_brand":[],"product_cat":[168],"product_tag":[],"class_list":{"0":"post-24894","1":"product","2":"type-product","3":"status-publish","4":"has-post-thumbnail","6":"product_cat-naushniki","7":"pa_asukoht-mustamae","8":"pa_seisukord-ispolzovano","10":"first","11":"instock","12":"taxable","13":"shipping-taxable","14":"purchasable","15":"product-type-simple"},"_links":{"self":[{"href":"https:\/\/a-pant.ee\/ru\/wp-json\/wp\/v2\/product\/24894","targetHints":{"allow":["GET"]}}],"collection":[{"href":"https:\/\/a-pant.ee\/ru\/wp-json\/wp\/v2\/product"}],"about":[{"href":"https:\/\/a-pant.ee\/ru\/wp-json\/wp\/v2\/types\/product"}],"replies":[{"embeddable":true,"href":"https:\/\/a-pant.ee\/ru\/wp-json\/wp\/v2\/comments?post=24894"}],"wp:featuredmedia":[{"embeddable":true,"href":"https:\/\/a-pant.ee\/ru\/wp-json\/wp\/v2\/media\/24895"}],"wp:attachment":[{"href":"https:\/\/a-pant.ee\/ru\/wp-json\/wp\/v2\/media?parent=24894"}],"wp:term":[{"taxonomy":"product_brand","embeddable":true,"href":"https:\/\/a-pant.ee\/ru\/wp-json\/wp\/v2\/product_brand?post=24894"},{"taxonomy":"product_cat","embeddable":true,"href":"https:\/\/a-pant.ee\/ru\/wp-json\/wp\/v2\/product_cat?post=24894"},{"taxonomy":"product_tag","embeddable":true,"href":"https:\/\/a-pant.ee\/ru\/wp-json\/wp\/v2\/product_tag?post=24894"}],"curies":[{"name":"wp","href":"https:\/\/api.w.org\/{rel}","templated":true}]}}