{"id":24886,"date":"2026-02-04T01:56:53","date_gmt":"2026-02-03T22:56:53","guid":{"rendered":"https:\/\/a-pant.ee\/product\/laser-nivelir-leica-rugby-670-re\/"},"modified":"2026-02-22T12:37:58","modified_gmt":"2026-02-22T09:37:58","slug":"lazernyj-nivelir-leica-rugby-670-re","status":"publish","type":"product","link":"https:\/\/a-pant.ee\/ru\/product\/lazernyj-nivelir-leica-rugby-670-re\/","title":{"rendered":"\u041b\u0430\u0437\u0435\u0440\u043d\u044b\u0439 \u043d\u0438\u0432\u0435\u043b\u0438\u0440 Leica Rugby 670 RE"},"content":{"rendered":"\n<p> Laser-nevilir Leica Rugby 670 RE\u00a0, heas seisu- ja t\u00f6\u00f6korras! <\/p><p> katki klass esimine <\/p><p><br \/> Tala v\u00e4rv <br \/> punane <br \/> Automaatne nivelleerimine <br \/> Jah <br \/> T\u00fc\u00fcp <br \/> p\u00f6\u00f6rlev laser <br \/> Kiirte arv <br \/> 1 <br \/> Tala t\u00fc\u00fcp <br \/> horisontaalne <br \/> T\u00e4psus <br \/> 0,05 mm\/m <br \/> Statiivi niit <br \/> 5\/8&#8243; <\/p>\n","protected":false},"excerpt":{"rendered":"<p>Laser-nevilir Leica Rugby 670 RE\u00a0, heas seisu- ja t\u00f6\u00f6korras! katki klass esimine Tala v\u00e4rv punane Automaatne nivelleerimine Jah T\u00fc\u00fcp p\u00f6\u00f6rlev laser Kiirte arv 1 Tala t\u00fc\u00fcp horisontaalne T\u00e4psus 0,05 mm\/m Statiivi niit 5\/8&#8243;<\/p>\n","protected":false},"featured_media":24887,"comment_status":"closed","ping_status":"open","template":"","meta":{"inline_featured_image":false},"product_brand":[],"product_cat":[234],"product_tag":[],"class_list":{"0":"post-24886","1":"product","2":"type-product","3":"status-publish","4":"has-post-thumbnail","6":"product_cat-izmeritelnye-pribory","7":"pa_asukoht-mustamae","8":"pa_seisukord-ispolzovano","10":"first","11":"instock","12":"taxable","13":"shipping-taxable","14":"purchasable","15":"product-type-simple"},"_links":{"self":[{"href":"https:\/\/a-pant.ee\/ru\/wp-json\/wp\/v2\/product\/24886","targetHints":{"allow":["GET"]}}],"collection":[{"href":"https:\/\/a-pant.ee\/ru\/wp-json\/wp\/v2\/product"}],"about":[{"href":"https:\/\/a-pant.ee\/ru\/wp-json\/wp\/v2\/types\/product"}],"replies":[{"embeddable":true,"href":"https:\/\/a-pant.ee\/ru\/wp-json\/wp\/v2\/comments?post=24886"}],"wp:featuredmedia":[{"embeddable":true,"href":"https:\/\/a-pant.ee\/ru\/wp-json\/wp\/v2\/media\/24887"}],"wp:attachment":[{"href":"https:\/\/a-pant.ee\/ru\/wp-json\/wp\/v2\/media?parent=24886"}],"wp:term":[{"taxonomy":"product_brand","embeddable":true,"href":"https:\/\/a-pant.ee\/ru\/wp-json\/wp\/v2\/product_brand?post=24886"},{"taxonomy":"product_cat","embeddable":true,"href":"https:\/\/a-pant.ee\/ru\/wp-json\/wp\/v2\/product_cat?post=24886"},{"taxonomy":"product_tag","embeddable":true,"href":"https:\/\/a-pant.ee\/ru\/wp-json\/wp\/v2\/product_tag?post=24886"}],"curies":[{"name":"wp","href":"https:\/\/api.w.org\/{rel}","templated":true}]}}