{"id":24879,"date":"2026-02-04T01:56:53","date_gmt":"2026-02-03T22:56:53","guid":{"rendered":"https:\/\/a-pant.ee\/product\/vozdushnyy-gvozded-pistolety-essve-bn-1-6-64\/"},"modified":"2026-02-22T12:37:58","modified_gmt":"2026-02-22T09:37:58","slug":"vozdushnyj-gvozdevoj-pistolet-essve-bn-16-64-chemodan","status":"publish","type":"product","link":"https:\/\/a-pant.ee\/ru\/product\/vozdushnyj-gvozdevoj-pistolet-essve-bn-16-64-chemodan\/","title":{"rendered":"\u0412\u043e\u0437\u0434\u0443\u0448\u043d\u044b\u0439 \u0433\u0432\u043e\u0437\u0434\u0435\u0432\u043e\u0439 \u043f\u0438\u0441\u0442\u043e\u043b\u0435\u0442 Essve BN 1,6\/64 + \u0447\u0435\u043c\u043e\u0434\u0430\u043d"},"content":{"rendered":"\n<p> \u00d5hunaelap\u00fcstol Essve BN 1,6\/64 + kohver\u00a0, heas seisu- ja t\u00f6\u00f6korras! <\/p><p> KIRJELDUS <\/p><p> Pikkus\/laius\/k\u00f5rgus: 301\/80,5\/289 mm <br \/> Kaal: 1,6 kg <br \/> \u00d5hur\u00f5hk : Max 8 bar (120 psi) <br \/> Magasini mahutavus: 108 tk <br \/> Krohvinaela l\u00e4bim\u00f5\u00f5t: 1,6 mm \/ 16 Gauge <br \/> Krohvinaela diameeter: 19-64 mm <br \/> Nurk: 0\u00b0 <br \/> Krohvinaela t\u00fc\u00fcp: 1,6 mm (F 16) <br \/> Helitase: LPA, 1s = 81,4 \/ LWA, 1s = 94,4 <br \/> Vibratsioon: 3,28 m\/s2 <\/p>\n","protected":false},"excerpt":{"rendered":"<p>\u00d5hunaelap\u00fcstol Essve BN 1,6\/64 + kohver\u00a0, heas seisu- ja t\u00f6\u00f6korras! KIRJELDUS Pikkus\/laius\/k\u00f5rgus: 301\/80,5\/289 mm Kaal: 1,6 kg \u00d5hur\u00f5hk : Max 8 bar (120 psi) Magasini mahutavus: 108 tk Krohvinaela l\u00e4bim\u00f5\u00f5t: 1,6 mm \/ 16 Gauge Krohvinaela diameeter: 19-64 mm Nurk: 0\u00b0 Krohvinaela t\u00fc\u00fcp: 1,6 mm (F 16) Helitase: LPA, 1s = 81,4 \/ LWA, 1s [&hellip;]<\/p>\n","protected":false},"featured_media":24880,"comment_status":"closed","ping_status":"open","template":"","meta":{"inline_featured_image":false},"product_brand":[],"product_cat":[236],"product_tag":[],"class_list":{"0":"post-24879","1":"product","2":"type-product","3":"status-publish","4":"has-post-thumbnail","6":"product_cat-pnevmaticheskij-instrument","7":"pa_asukoht-lasnamae","8":"pa_seisukord-ispolzovano","10":"first","11":"instock","12":"taxable","13":"shipping-taxable","14":"purchasable","15":"product-type-simple"},"_links":{"self":[{"href":"https:\/\/a-pant.ee\/ru\/wp-json\/wp\/v2\/product\/24879","targetHints":{"allow":["GET"]}}],"collection":[{"href":"https:\/\/a-pant.ee\/ru\/wp-json\/wp\/v2\/product"}],"about":[{"href":"https:\/\/a-pant.ee\/ru\/wp-json\/wp\/v2\/types\/product"}],"replies":[{"embeddable":true,"href":"https:\/\/a-pant.ee\/ru\/wp-json\/wp\/v2\/comments?post=24879"}],"wp:featuredmedia":[{"embeddable":true,"href":"https:\/\/a-pant.ee\/ru\/wp-json\/wp\/v2\/media\/24880"}],"wp:attachment":[{"href":"https:\/\/a-pant.ee\/ru\/wp-json\/wp\/v2\/media?parent=24879"}],"wp:term":[{"taxonomy":"product_brand","embeddable":true,"href":"https:\/\/a-pant.ee\/ru\/wp-json\/wp\/v2\/product_brand?post=24879"},{"taxonomy":"product_cat","embeddable":true,"href":"https:\/\/a-pant.ee\/ru\/wp-json\/wp\/v2\/product_cat?post=24879"},{"taxonomy":"product_tag","embeddable":true,"href":"https:\/\/a-pant.ee\/ru\/wp-json\/wp\/v2\/product_tag?post=24879"}],"curies":[{"name":"wp","href":"https:\/\/api.w.org\/{rel}","templated":true}]}}