{"id":24872,"date":"2026-02-04T01:53:05","date_gmt":"2026-02-03T22:53:05","guid":{"rendered":"https:\/\/a-pant.ee\/product\/noutbuk-lenovo-idepad-flex-10-zaryadka\/"},"modified":"2026-02-22T12:38:03","modified_gmt":"2026-02-22T09:38:03","slug":"noutbuk-lenovo-idepad-flex-10-zaryadka","status":"publish","type":"product","link":"https:\/\/a-pant.ee\/ru\/product\/noutbuk-lenovo-idepad-flex-10-zaryadka\/","title":{"rendered":"\u041d\u043e\u0443\u0442\u0431\u0443\u043a Lenovo Idepad Flex 10 + \u0437\u0430\u0440\u044f\u0434\u043a\u0430"},"content":{"rendered":"\n<p> S\u00fclearvuti Lenovo Idepad Flex 10 + laadija, heas seisu- ja t\u00f6\u00f6korras! <\/p><p> KIRJELDUS <\/p><p> Protsessor (CPU) : Intel Celeron CPU N2807 1,58Ghz ( 2 Cpus ) <\/p><p> Operatiiv m\u00e4lu : 2 GB <\/p><p> Videokaart (CPU): Intel HD Graphics up to 1029MB <\/p><p> K\u00f5vaketas: SEAGATE ST320LT012 320GB <\/p><p> Operatsioonis\u00fcsteem: Windows 10 Home 64bit <\/p>\n","protected":false},"excerpt":{"rendered":"<p>S\u00fclearvuti Lenovo Idepad Flex 10 + laadija, heas seisu- ja t\u00f6\u00f6korras! KIRJELDUS Protsessor (CPU) : Intel Celeron CPU N2807 1,58Ghz ( 2 Cpus ) Operatiiv m\u00e4lu : 2 GB Videokaart (CPU): Intel HD Graphics up to 1029MB K\u00f5vaketas: SEAGATE ST320LT012 320GB Operatsioonis\u00fcsteem: Windows 10 Home 64bit<\/p>\n","protected":false},"featured_media":24873,"comment_status":"closed","ping_status":"open","template":"","meta":{"inline_featured_image":false},"product_brand":[],"product_cat":[179],"product_tag":[],"class_list":{"0":"post-24872","1":"product","2":"type-product","3":"status-publish","4":"has-post-thumbnail","6":"product_cat-noutbuki","7":"pa_asukoht-mustamae","8":"pa_seisukord-ispolzovano","10":"first","11":"instock","12":"taxable","13":"shipping-taxable","14":"purchasable","15":"product-type-simple"},"_links":{"self":[{"href":"https:\/\/a-pant.ee\/ru\/wp-json\/wp\/v2\/product\/24872","targetHints":{"allow":["GET"]}}],"collection":[{"href":"https:\/\/a-pant.ee\/ru\/wp-json\/wp\/v2\/product"}],"about":[{"href":"https:\/\/a-pant.ee\/ru\/wp-json\/wp\/v2\/types\/product"}],"replies":[{"embeddable":true,"href":"https:\/\/a-pant.ee\/ru\/wp-json\/wp\/v2\/comments?post=24872"}],"wp:featuredmedia":[{"embeddable":true,"href":"https:\/\/a-pant.ee\/ru\/wp-json\/wp\/v2\/media\/24873"}],"wp:attachment":[{"href":"https:\/\/a-pant.ee\/ru\/wp-json\/wp\/v2\/media?parent=24872"}],"wp:term":[{"taxonomy":"product_brand","embeddable":true,"href":"https:\/\/a-pant.ee\/ru\/wp-json\/wp\/v2\/product_brand?post=24872"},{"taxonomy":"product_cat","embeddable":true,"href":"https:\/\/a-pant.ee\/ru\/wp-json\/wp\/v2\/product_cat?post=24872"},{"taxonomy":"product_tag","embeddable":true,"href":"https:\/\/a-pant.ee\/ru\/wp-json\/wp\/v2\/product_tag?post=24872"}],"curies":[{"name":"wp","href":"https:\/\/api.w.org\/{rel}","templated":true}]}}