{"id":24866,"date":"2026-02-04T01:53:05","date_gmt":"2026-02-03T22:53:05","guid":{"rendered":"https:\/\/a-pant.ee\/product\/akkumulyatornaya-drel-shurupovert-makita-df330d\/"},"modified":"2026-02-22T12:38:03","modified_gmt":"2026-02-22T09:38:03","slug":"akkumulyatornaya-drel-shurupovert-makita-df330d-zaryadka","status":"publish","type":"product","link":"https:\/\/a-pant.ee\/ru\/product\/akkumulyatornaya-drel-shurupovert-makita-df330d-zaryadka\/","title":{"rendered":"\u0410\u043a\u043a\u0443\u043c\u0443\u043b\u044f\u0442\u043e\u0440\u043d\u0430\u044f \u0434\u0440\u0435\u043b\u044c-\u0448\u0443\u0440\u0443\u043f\u043e\u0432\u0435\u0440\u0442 Makita DF330D + \u0437\u0430\u0440\u044f\u0434\u043a\u0430"},"content":{"rendered":"\n<p> Akutrell Makita DF330D + laadija, heas seisu- ja t\u00f6\u00f6korras! <\/p><p><br \/> Aku pinge <br \/> 10,8 V <br \/> Maksimaalne p\u00f6\u00f6rdemoment <br \/> 22 Nm <br \/> Max puuri l\u00e4bim\u00f5\u00f5t (puit) <br \/> 21 mm <br \/> Max puuri l\u00e4bim\u00f5\u00f5t (metall) <br \/> 10 mm <br \/> Kaal <br \/> 0,88 kg <\/p>\n","protected":false},"excerpt":{"rendered":"<p>Akutrell Makita DF330D + laadija, heas seisu- ja t\u00f6\u00f6korras! Aku pinge 10,8 V Maksimaalne p\u00f6\u00f6rdemoment 22 Nm Max puuri l\u00e4bim\u00f5\u00f5t (puit) 21 mm Max puuri l\u00e4bim\u00f5\u00f5t (metall) 10 mm Kaal 0,88 kg<\/p>\n","protected":false},"featured_media":24867,"comment_status":"closed","ping_status":"open","template":"","meta":{"inline_featured_image":false},"product_brand":[],"product_cat":[221],"product_tag":[],"class_list":{"0":"post-24866","1":"product","2":"type-product","3":"status-publish","4":"has-post-thumbnail","6":"product_cat-akkumulyatornye-dreli","7":"pa_asukoht-mustamae","8":"pa_seisukord-ispolzovano","10":"first","11":"instock","12":"taxable","13":"shipping-taxable","14":"purchasable","15":"product-type-simple"},"_links":{"self":[{"href":"https:\/\/a-pant.ee\/ru\/wp-json\/wp\/v2\/product\/24866","targetHints":{"allow":["GET"]}}],"collection":[{"href":"https:\/\/a-pant.ee\/ru\/wp-json\/wp\/v2\/product"}],"about":[{"href":"https:\/\/a-pant.ee\/ru\/wp-json\/wp\/v2\/types\/product"}],"replies":[{"embeddable":true,"href":"https:\/\/a-pant.ee\/ru\/wp-json\/wp\/v2\/comments?post=24866"}],"wp:featuredmedia":[{"embeddable":true,"href":"https:\/\/a-pant.ee\/ru\/wp-json\/wp\/v2\/media\/24867"}],"wp:attachment":[{"href":"https:\/\/a-pant.ee\/ru\/wp-json\/wp\/v2\/media?parent=24866"}],"wp:term":[{"taxonomy":"product_brand","embeddable":true,"href":"https:\/\/a-pant.ee\/ru\/wp-json\/wp\/v2\/product_brand?post=24866"},{"taxonomy":"product_cat","embeddable":true,"href":"https:\/\/a-pant.ee\/ru\/wp-json\/wp\/v2\/product_cat?post=24866"},{"taxonomy":"product_tag","embeddable":true,"href":"https:\/\/a-pant.ee\/ru\/wp-json\/wp\/v2\/product_tag?post=24866"}],"curies":[{"name":"wp","href":"https:\/\/api.w.org\/{rel}","templated":true}]}}