{"id":24860,"date":"2026-02-04T01:53:05","date_gmt":"2026-02-03T22:53:05","guid":{"rendered":"https:\/\/a-pant.ee\/product\/elektroskuter-gpad-lite-zaryadka\/"},"modified":"2026-02-22T12:38:03","modified_gmt":"2026-02-22T09:38:03","slug":"elektroskuter-gpad-lite-zaryadka","status":"publish","type":"product","link":"https:\/\/a-pant.ee\/ru\/product\/elektroskuter-gpad-lite-zaryadka\/","title":{"rendered":"\u042d\u043b\u0435\u043a\u0442\u0440\u043e\u0441\u043a\u0443\u0442\u0435\u0440 GPad Lite + \u0437\u0430\u0440\u044f\u0434\u043a\u0430"},"content":{"rendered":"\n<p> Elektriline t\u00f5ukeratas GPad Lite (EOL) + laadija ,\u00a0heas seisu- ja t\u00f6\u00f6korras! <\/p><p><br \/> L\u00e4bitud vahemaa (km): 10 <br \/> Tippkiirus (km\/h): 23 <br \/> Maksimaalne kiirus (piiratud, km: 23 <br \/> Mootori v\u00f5imsus (W): 250 <br \/> Veoratas: eesmine <br \/> Rehvi t\u00fc\u00fcp: t\u00e4iskumm <br \/> Rehvim\u00f5\u00f5t (tolli): 5 <br \/> Aku mahutavus (W): 96 <br \/> Aku t\u00fc\u00fcp: Li-ion <br \/> Laadimisaeg (h): 4 <br \/> Aku pinge (V): 24 <br \/> Esituled: 1 LED piirang <br \/> Tagatuled: Jah <br \/> Esipidur: elektrooniline <br \/> Tagumine pidur: jalgpidur <br \/> Netokaal (kg): 8 <br \/> M\u00f5\u00f5dud (juhiasendis, cm): 920 x 440 x 1040 <br \/> M\u00f5\u00f5dud (volditud, cm): 1060 x 270 x 440 <br \/> Minimaalne konksu k\u00f5rgus platvormist: 104 <br \/> Maksimaalne konksu k\u00f5rgus platvormist d: 104 <br \/> Maksimaalne koormus (kg): 80 <br \/> P\u00fcsikiiruse hoidja: Jah <br \/> USB-port: ei <br \/> Kiiruste arv: 3 <br \/> Bluetoothi \u200b\u200bk\u00f5larid: ei <br \/> Soovitatav kasutaja vanus alates: 14 aastat <\/p>\n","protected":false},"excerpt":{"rendered":"<p>Elektriline t\u00f5ukeratas GPad Lite (EOL) + laadija ,\u00a0heas seisu- ja t\u00f6\u00f6korras! L\u00e4bitud vahemaa (km): 10 Tippkiirus (km\/h): 23 Maksimaalne kiirus (piiratud, km: 23 Mootori v\u00f5imsus (W): 250 Veoratas: eesmine Rehvi t\u00fc\u00fcp: t\u00e4iskumm Rehvim\u00f5\u00f5t (tolli): 5 Aku mahutavus (W): 96 Aku t\u00fc\u00fcp: Li-ion Laadimisaeg (h): 4 Aku pinge (V): 24 Esituled: 1 LED piirang Tagatuled: Jah [&hellip;]<\/p>\n","protected":false},"featured_media":24861,"comment_status":"closed","ping_status":"closed","template":"","meta":{"inline_featured_image":false},"product_brand":[],"product_cat":[215],"product_tag":[],"class_list":{"0":"post-24860","1":"product","2":"type-product","3":"status-publish","4":"has-post-thumbnail","6":"product_cat-elektricheskie-samokaty","7":"product_shipping_class-oversize","8":"pa_asukoht-mustamae","9":"pa_seisukord-ispolzovano","11":"first","12":"outofstock","13":"taxable","14":"shipping-taxable","15":"purchasable","16":"product-type-simple"},"_links":{"self":[{"href":"https:\/\/a-pant.ee\/ru\/wp-json\/wp\/v2\/product\/24860","targetHints":{"allow":["GET"]}}],"collection":[{"href":"https:\/\/a-pant.ee\/ru\/wp-json\/wp\/v2\/product"}],"about":[{"href":"https:\/\/a-pant.ee\/ru\/wp-json\/wp\/v2\/types\/product"}],"replies":[{"embeddable":true,"href":"https:\/\/a-pant.ee\/ru\/wp-json\/wp\/v2\/comments?post=24860"}],"wp:featuredmedia":[{"embeddable":true,"href":"https:\/\/a-pant.ee\/ru\/wp-json\/wp\/v2\/media\/24861"}],"wp:attachment":[{"href":"https:\/\/a-pant.ee\/ru\/wp-json\/wp\/v2\/media?parent=24860"}],"wp:term":[{"taxonomy":"product_brand","embeddable":true,"href":"https:\/\/a-pant.ee\/ru\/wp-json\/wp\/v2\/product_brand?post=24860"},{"taxonomy":"product_cat","embeddable":true,"href":"https:\/\/a-pant.ee\/ru\/wp-json\/wp\/v2\/product_cat?post=24860"},{"taxonomy":"product_tag","embeddable":true,"href":"https:\/\/a-pant.ee\/ru\/wp-json\/wp\/v2\/product_tag?post=24860"}],"curies":[{"name":"wp","href":"https:\/\/api.w.org\/{rel}","templated":true}]}}