{"id":24852,"date":"2026-02-04T01:53:05","date_gmt":"2026-02-03T22:53:05","guid":{"rendered":"https:\/\/a-pant.ee\/product\/mobilnyj-telefon-apple-iphone-12-pro-max-128gb\/"},"modified":"2026-02-22T12:38:02","modified_gmt":"2026-02-22T09:38:02","slug":"mobilnyj-telefon-apple-iphone-12-64gb-korobka","status":"publish","type":"product","link":"https:\/\/a-pant.ee\/ru\/product\/mobilnyj-telefon-apple-iphone-12-64gb-korobka\/","title":{"rendered":"\u041c\u043e\u0431\u0438\u043b\u044c\u043d\u044b\u0439 \u0442\u0435\u043b\u0435\u0444\u043e\u043d Apple iPhone 12 64GB + \u043a\u043e\u0440\u043e\u0431\u043a\u0430"},"content":{"rendered":"\n<p> Mobiiltelefon Apple Iphone 12 Pro Max 128Gb (korpusel\u00a0parem nurk defekt, vaata palun viimane foto) bat 89%\u00a0, heas seisu- ja t\u00f6\u00f6korras! <\/p><p> KIRJELDUS <\/p><p> Kategooria: Telefonid <\/p><p> Telefoni t\u00fc\u00fcp: Nutitelefon <\/p><p> Kaubam\u00e4rk: Apple <\/p><p> V\u00e4rv: Sinine <\/p><p> Operatiivm\u00e4lu (RAM): puudub MB <\/p><p> Sisem\u00e4lu: 128 GB <\/p><p> Operatsioonis\u00fcsteem: iOS <\/p><p> Mudel: iPhone 12 Pro Max <\/p><p> Vaade: Apple, iphone 12 pro telefonid <\/p><p> Toote seisukord: kasutatud <\/p><p> Pakendis sisaldub* (*pakendi sisu v\u00f5ib muutuda): Pole t\u00e4psustatud <\/p><p> P\u00f5hikaamera: Triple 12MP Camera Mpx <\/p><p> Eesmine kaamera: puudub Mpx <\/p>\n","protected":false},"excerpt":{"rendered":"<p>Mobiiltelefon Apple Iphone 12 Pro Max 128Gb (korpusel\u00a0parem nurk defekt, vaata palun viimane foto) bat 89%\u00a0, heas seisu- ja t\u00f6\u00f6korras! KIRJELDUS Kategooria: Telefonid Telefoni t\u00fc\u00fcp: Nutitelefon Kaubam\u00e4rk: Apple V\u00e4rv: Sinine Operatiivm\u00e4lu (RAM): puudub MB Sisem\u00e4lu: 128 GB Operatsioonis\u00fcsteem: iOS Mudel: iPhone 12 Pro Max Vaade: Apple, iphone 12 pro telefonid Toote seisukord: kasutatud Pakendis sisaldub* [&hellip;]<\/p>\n","protected":false},"featured_media":24853,"comment_status":"closed","ping_status":"open","template":"","meta":{"inline_featured_image":false},"product_brand":[],"product_cat":[171],"product_tag":[],"class_list":{"0":"post-24852","1":"product","2":"type-product","3":"status-publish","4":"has-post-thumbnail","6":"product_cat-mobilnye-telefony","7":"pa_asukoht-lasnamae","8":"pa_seisukord-ispolzovano","10":"first","11":"outofstock","12":"taxable","13":"shipping-taxable","14":"purchasable","15":"product-type-simple"},"_links":{"self":[{"href":"https:\/\/a-pant.ee\/ru\/wp-json\/wp\/v2\/product\/24852","targetHints":{"allow":["GET"]}}],"collection":[{"href":"https:\/\/a-pant.ee\/ru\/wp-json\/wp\/v2\/product"}],"about":[{"href":"https:\/\/a-pant.ee\/ru\/wp-json\/wp\/v2\/types\/product"}],"replies":[{"embeddable":true,"href":"https:\/\/a-pant.ee\/ru\/wp-json\/wp\/v2\/comments?post=24852"}],"wp:featuredmedia":[{"embeddable":true,"href":"https:\/\/a-pant.ee\/ru\/wp-json\/wp\/v2\/media\/24853"}],"wp:attachment":[{"href":"https:\/\/a-pant.ee\/ru\/wp-json\/wp\/v2\/media?parent=24852"}],"wp:term":[{"taxonomy":"product_brand","embeddable":true,"href":"https:\/\/a-pant.ee\/ru\/wp-json\/wp\/v2\/product_brand?post=24852"},{"taxonomy":"product_cat","embeddable":true,"href":"https:\/\/a-pant.ee\/ru\/wp-json\/wp\/v2\/product_cat?post=24852"},{"taxonomy":"product_tag","embeddable":true,"href":"https:\/\/a-pant.ee\/ru\/wp-json\/wp\/v2\/product_tag?post=24852"}],"curies":[{"name":"wp","href":"https:\/\/api.w.org\/{rel}","templated":true}]}}