{"id":24845,"date":"2026-02-04T01:53:05","date_gmt":"2026-02-03T22:53:05","guid":{"rendered":"https:\/\/a-pant.ee\/product\/wi-fi-router-tp-link-m7300-provod-adapter\/"},"modified":"2026-02-22T12:38:02","modified_gmt":"2026-02-22T09:38:02","slug":"wi-fi-router-tp-link-m7300-provod-adapter","status":"publish","type":"product","link":"https:\/\/a-pant.ee\/ru\/product\/wi-fi-router-tp-link-m7300-provod-adapter\/","title":{"rendered":"Wi-Fi \u0420\u043e\u0443\u0442\u0435\u0440 TP-LINK M7300 + \u041f\u0440\u043e\u0432\u043e\u0434 + \u0410\u0434\u0430\u043f\u0442\u0435\u0440"},"content":{"rendered":"\n<p> Wi-Fi Ruuter TP-LINK M7300 + Juhe + Adapter, heas seisu- ja t\u00f6\u00f6korras! <\/p><p> Tagapaneelil m\u00f5ra! <\/p><p> KIRJELDUS <\/p><p> \u00dchendust\u00fc\u00fcp <br \/> WiFi <br \/> Interneti-\u00fchendus (WAN) <br \/> SIM-kaart <br \/> Seadme t\u00fc\u00fcp <br \/> Ruuter <br \/> Wi-Fi standard 802.11 <br \/> b (Wi-Fi 1), g (Wi-Fi 3), n (Wi-Fi 4) <br \/> Wi-Fi-seadmete sagedusvahemik <br \/> 2,4 GHz <br \/> Sisseehitatud SIM-kaardi tugi <br \/> 3G, 4G LTE <br \/> Marsruutimine <br \/> DHCP server <br \/> Kr\u00fcpteerimine <br \/> WEP, WPA, WPA2 <br \/> Sisseehitatud aku <br \/> On <br \/> Laius <br \/> 103 mm <br \/> K\u00f5rgus <br \/> 16 mm <\/p>\n","protected":false},"excerpt":{"rendered":"<p>Wi-Fi Ruuter TP-LINK M7300 + Juhe + Adapter, heas seisu- ja t\u00f6\u00f6korras! Tagapaneelil m\u00f5ra! KIRJELDUS \u00dchendust\u00fc\u00fcp WiFi Interneti-\u00fchendus (WAN) SIM-kaart Seadme t\u00fc\u00fcp Ruuter Wi-Fi standard 802.11 b (Wi-Fi 1), g (Wi-Fi 3), n (Wi-Fi 4) Wi-Fi-seadmete sagedusvahemik 2,4 GHz Sisseehitatud SIM-kaardi tugi 3G, 4G LTE Marsruutimine DHCP server Kr\u00fcpteerimine WEP, WPA, WPA2 Sisseehitatud aku On [&hellip;]<\/p>\n","protected":false},"featured_media":24846,"comment_status":"closed","ping_status":"closed","template":"","meta":{"inline_featured_image":false},"product_brand":[],"product_cat":[157],"product_tag":[],"class_list":{"0":"post-24845","1":"product","2":"type-product","3":"status-publish","4":"has-post-thumbnail","6":"product_cat-vse-dlya-kompyutera","7":"pa_asukoht-mustamae","8":"pa_seisukord-ispolzovano","10":"first","11":"instock","12":"taxable","13":"shipping-taxable","14":"purchasable","15":"product-type-simple"},"_links":{"self":[{"href":"https:\/\/a-pant.ee\/ru\/wp-json\/wp\/v2\/product\/24845","targetHints":{"allow":["GET"]}}],"collection":[{"href":"https:\/\/a-pant.ee\/ru\/wp-json\/wp\/v2\/product"}],"about":[{"href":"https:\/\/a-pant.ee\/ru\/wp-json\/wp\/v2\/types\/product"}],"replies":[{"embeddable":true,"href":"https:\/\/a-pant.ee\/ru\/wp-json\/wp\/v2\/comments?post=24845"}],"wp:featuredmedia":[{"embeddable":true,"href":"https:\/\/a-pant.ee\/ru\/wp-json\/wp\/v2\/media\/24846"}],"wp:attachment":[{"href":"https:\/\/a-pant.ee\/ru\/wp-json\/wp\/v2\/media?parent=24845"}],"wp:term":[{"taxonomy":"product_brand","embeddable":true,"href":"https:\/\/a-pant.ee\/ru\/wp-json\/wp\/v2\/product_brand?post=24845"},{"taxonomy":"product_cat","embeddable":true,"href":"https:\/\/a-pant.ee\/ru\/wp-json\/wp\/v2\/product_cat?post=24845"},{"taxonomy":"product_tag","embeddable":true,"href":"https:\/\/a-pant.ee\/ru\/wp-json\/wp\/v2\/product_tag?post=24845"}],"curies":[{"name":"wp","href":"https:\/\/api.w.org\/{rel}","templated":true}]}}