{"id":24773,"date":"2026-02-04T01:53:05","date_gmt":"2026-02-03T22:53:05","guid":{"rendered":"https:\/\/a-pant.ee\/product\/akkumulyatornyy-gaykovert-bosch-gds-18-v-li\/"},"modified":"2026-02-22T12:38:00","modified_gmt":"2026-02-22T09:38:00","slug":"akkumulyatornyj-udarnyj-gajkovert-bosch-gds-18-v-li-4ah","status":"publish","type":"product","link":"https:\/\/a-pant.ee\/ru\/product\/akkumulyatornyj-udarnyj-gajkovert-bosch-gds-18-v-li-4ah\/","title":{"rendered":"\u0410\u043a\u043a\u0443\u043c\u0443\u043b\u044f\u0442\u043e\u0440\u043d\u044b\u0439 \u0443\u0434\u0430\u0440\u043d\u044b\u0439 \u0433\u0430\u0439\u043a\u043e\u0432\u0435\u0440\u0442 BOSCH GDS 18 V-LI + 4ah"},"content":{"rendered":"\n<p> Aku l\u00f6\u00f6kv\u00f5ti BOSCH GDS 18 V-LI + 4ah, heas seisu- ja t\u00f6\u00f6korras! <\/p><p><br \/> Max p\u00f6\u00f6rdemoment <br \/> 180 Nm <br \/> Padruni t\u00fc\u00fcp <br \/> ruut 1\/2&#8243; <br \/> L\u00f6\u00f6ksagedus <br \/> 3200 l\u00f6\u00f6ki\/min <br \/> Aku pinge <br \/> 18 V <br \/> Funktsioonid <br \/> tagasik\u00e4ik, kiiruse reguleerimine <br \/> Disaini omadused <br \/> toitenupu lukk <br \/> Kaal <br \/> 1,7 kg <\/p>\n","protected":false},"excerpt":{"rendered":"<p>Aku l\u00f6\u00f6kv\u00f5ti BOSCH GDS 18 V-LI + 4ah, heas seisu- ja t\u00f6\u00f6korras! Max p\u00f6\u00f6rdemoment 180 Nm Padruni t\u00fc\u00fcp ruut 1\/2&#8243; L\u00f6\u00f6ksagedus 3200 l\u00f6\u00f6ki\/min Aku pinge 18 V Funktsioonid tagasik\u00e4ik, kiiruse reguleerimine Disaini omadused toitenupu lukk Kaal 1,7 kg<\/p>\n","protected":false},"featured_media":24774,"comment_status":"closed","ping_status":"open","template":"","meta":{"inline_featured_image":false},"product_brand":[],"product_cat":[221],"product_tag":[],"class_list":{"0":"post-24773","1":"product","2":"type-product","3":"status-publish","4":"has-post-thumbnail","6":"product_cat-akkumulyatornye-dreli","7":"pa_asukoht-mustamae","8":"pa_seisukord-ispolzovano","10":"first","11":"instock","12":"taxable","13":"shipping-taxable","14":"purchasable","15":"product-type-simple"},"_links":{"self":[{"href":"https:\/\/a-pant.ee\/ru\/wp-json\/wp\/v2\/product\/24773","targetHints":{"allow":["GET"]}}],"collection":[{"href":"https:\/\/a-pant.ee\/ru\/wp-json\/wp\/v2\/product"}],"about":[{"href":"https:\/\/a-pant.ee\/ru\/wp-json\/wp\/v2\/types\/product"}],"replies":[{"embeddable":true,"href":"https:\/\/a-pant.ee\/ru\/wp-json\/wp\/v2\/comments?post=24773"}],"wp:featuredmedia":[{"embeddable":true,"href":"https:\/\/a-pant.ee\/ru\/wp-json\/wp\/v2\/media\/24774"}],"wp:attachment":[{"href":"https:\/\/a-pant.ee\/ru\/wp-json\/wp\/v2\/media?parent=24773"}],"wp:term":[{"taxonomy":"product_brand","embeddable":true,"href":"https:\/\/a-pant.ee\/ru\/wp-json\/wp\/v2\/product_brand?post=24773"},{"taxonomy":"product_cat","embeddable":true,"href":"https:\/\/a-pant.ee\/ru\/wp-json\/wp\/v2\/product_cat?post=24773"},{"taxonomy":"product_tag","embeddable":true,"href":"https:\/\/a-pant.ee\/ru\/wp-json\/wp\/v2\/product_tag?post=24773"}],"curies":[{"name":"wp","href":"https:\/\/api.w.org\/{rel}","templated":true}]}}