{"id":24755,"date":"2026-02-04T01:48:54","date_gmt":"2026-02-03T22:48:54","guid":{"rendered":"https:\/\/a-pant.ee\/product\/noutbuk-lenovo-thinkpad-edge-e320-zaryadka\/"},"modified":"2026-02-22T12:38:06","modified_gmt":"2026-02-22T09:38:06","slug":"noutbuk-lenovo-thinkpad-edge-e531m-zaryadka","status":"publish","type":"product","link":"https:\/\/a-pant.ee\/ru\/product\/noutbuk-lenovo-thinkpad-edge-e531m-zaryadka\/","title":{"rendered":"\u041d\u043e\u0443\u0442\u0431\u0443\u043a Lenovo ThinkPad Edge E531M + \u0437\u0430\u0440\u044f\u0434\u043a\u0430"},"content":{"rendered":"\n<p> S\u00fclearvuti Lenovo ThinkPad Edge E320 + Laadija, heas seisu- ja t\u00f6\u00f6korras! <\/p><p> KIRJELDUS <\/p><p> Protsessor (CPU) : Intel(R) Core (TM) i3-2350M CPU @ 2.30GHz (4 CPUs), ~2.3GHz <\/p><p> Operatiiv m\u00e4lu : 4 GB <\/p><p> Videokaart (CPU): Intel(R) HD Graphics 3000 <\/p><p> K\u00f5vaketas: ST320LTO07-9ZV142 <\/p><p> Operatsioonis\u00fcsteem: Windows 10 Pro 32-\u0440\u0430\u0437\u0440\u044f\u0434\u043d\u0430\u044f (10.0, build 19045) <\/p>\n","protected":false},"excerpt":{"rendered":"<p>S\u00fclearvuti Lenovo ThinkPad Edge E320 + Laadija, heas seisu- ja t\u00f6\u00f6korras! KIRJELDUS Protsessor (CPU) : Intel(R) Core (TM) i3-2350M CPU @ 2.30GHz (4 CPUs), ~2.3GHz Operatiiv m\u00e4lu : 4 GB Videokaart (CPU): Intel(R) HD Graphics 3000 K\u00f5vaketas: ST320LTO07-9ZV142 Operatsioonis\u00fcsteem: Windows 10 Pro 32-\u0440\u0430\u0437\u0440\u044f\u0434\u043d\u0430\u044f (10.0, build 19045)<\/p>\n","protected":false},"featured_media":24756,"comment_status":"closed","ping_status":"closed","template":"","meta":{"inline_featured_image":false},"product_brand":[],"product_cat":[179],"product_tag":[],"class_list":{"0":"post-24755","1":"product","2":"type-product","3":"status-publish","4":"has-post-thumbnail","6":"product_cat-noutbuki","7":"pa_asukoht-mustamae","8":"pa_seisukord-ispolzovano","10":"first","11":"outofstock","12":"taxable","13":"shipping-taxable","14":"purchasable","15":"product-type-simple"},"_links":{"self":[{"href":"https:\/\/a-pant.ee\/ru\/wp-json\/wp\/v2\/product\/24755","targetHints":{"allow":["GET"]}}],"collection":[{"href":"https:\/\/a-pant.ee\/ru\/wp-json\/wp\/v2\/product"}],"about":[{"href":"https:\/\/a-pant.ee\/ru\/wp-json\/wp\/v2\/types\/product"}],"replies":[{"embeddable":true,"href":"https:\/\/a-pant.ee\/ru\/wp-json\/wp\/v2\/comments?post=24755"}],"wp:featuredmedia":[{"embeddable":true,"href":"https:\/\/a-pant.ee\/ru\/wp-json\/wp\/v2\/media\/24756"}],"wp:attachment":[{"href":"https:\/\/a-pant.ee\/ru\/wp-json\/wp\/v2\/media?parent=24755"}],"wp:term":[{"taxonomy":"product_brand","embeddable":true,"href":"https:\/\/a-pant.ee\/ru\/wp-json\/wp\/v2\/product_brand?post=24755"},{"taxonomy":"product_cat","embeddable":true,"href":"https:\/\/a-pant.ee\/ru\/wp-json\/wp\/v2\/product_cat?post=24755"},{"taxonomy":"product_tag","embeddable":true,"href":"https:\/\/a-pant.ee\/ru\/wp-json\/wp\/v2\/product_tag?post=24755"}],"curies":[{"name":"wp","href":"https:\/\/api.w.org\/{rel}","templated":true}]}}