{"id":24744,"date":"2026-02-04T01:48:54","date_gmt":"2026-02-03T22:48:54","guid":{"rendered":"https:\/\/a-pant.ee\/product\/noutbuk-hp-laptop-14s-fq0xxx-zaryadka\/"},"modified":"2026-02-22T12:38:06","modified_gmt":"2026-02-22T09:38:06","slug":"noutbuk-hp-laptop-14s-fq0xxx-zaryadka","status":"publish","type":"product","link":"https:\/\/a-pant.ee\/ru\/product\/noutbuk-hp-laptop-14s-fq0xxx-zaryadka\/","title":{"rendered":"\u041d\u043e\u0443\u0442\u0431\u0443\u043a HP Laptop 14s-fq0xxx + \u0417\u0430\u0440\u044f\u0434\u043a\u0430"},"content":{"rendered":"\n<p> S\u00fclearvuti HP Laptop 14s-fq0xxx + Laadija, heas seisu- ja t\u00f6\u00f6korras! <\/p><p> Ekraanil v\u00e4ike defekt (valge udune joon)! <\/p><p> KIRJELDUS <\/p><p> Protsessor (CPU) : AMD Ryzen 5 4500U with Radeon Graphics (6 CPUS), ~2.4GHZ <\/p><p> Operatiiv m\u00e4lu : 16,384 GB <\/p><p> Videokaart (CPU): AMD Radeon(TM) Graphics 496 MB <\/p><p> K\u00f5vaketas: INTEL SSDPEKNW512G8H <\/p><p> Operatsioonis\u00fcsteem: Windows 10 Home 64-bit (10.0, Build 19045) <\/p>\n","protected":false},"excerpt":{"rendered":"<p>S\u00fclearvuti HP Laptop 14s-fq0xxx + Laadija, heas seisu- ja t\u00f6\u00f6korras! Ekraanil v\u00e4ike defekt (valge udune joon)! KIRJELDUS Protsessor (CPU) : AMD Ryzen 5 4500U with Radeon Graphics (6 CPUS), ~2.4GHZ Operatiiv m\u00e4lu : 16,384 GB Videokaart (CPU): AMD Radeon(TM) Graphics 496 MB K\u00f5vaketas: INTEL SSDPEKNW512G8H Operatsioonis\u00fcsteem: Windows 10 Home 64-bit (10.0, Build 19045)<\/p>\n","protected":false},"featured_media":24745,"comment_status":"closed","ping_status":"open","template":"","meta":{"inline_featured_image":false},"product_brand":[],"product_cat":[179],"product_tag":[],"class_list":{"0":"post-24744","1":"product","2":"type-product","3":"status-publish","4":"has-post-thumbnail","6":"product_cat-noutbuki","7":"pa_asukoht-mustamae","8":"pa_seisukord-ispolzovano","10":"first","11":"instock","12":"taxable","13":"shipping-taxable","14":"purchasable","15":"product-type-simple"},"_links":{"self":[{"href":"https:\/\/a-pant.ee\/ru\/wp-json\/wp\/v2\/product\/24744","targetHints":{"allow":["GET"]}}],"collection":[{"href":"https:\/\/a-pant.ee\/ru\/wp-json\/wp\/v2\/product"}],"about":[{"href":"https:\/\/a-pant.ee\/ru\/wp-json\/wp\/v2\/types\/product"}],"replies":[{"embeddable":true,"href":"https:\/\/a-pant.ee\/ru\/wp-json\/wp\/v2\/comments?post=24744"}],"wp:featuredmedia":[{"embeddable":true,"href":"https:\/\/a-pant.ee\/ru\/wp-json\/wp\/v2\/media\/24745"}],"wp:attachment":[{"href":"https:\/\/a-pant.ee\/ru\/wp-json\/wp\/v2\/media?parent=24744"}],"wp:term":[{"taxonomy":"product_brand","embeddable":true,"href":"https:\/\/a-pant.ee\/ru\/wp-json\/wp\/v2\/product_brand?post=24744"},{"taxonomy":"product_cat","embeddable":true,"href":"https:\/\/a-pant.ee\/ru\/wp-json\/wp\/v2\/product_cat?post=24744"},{"taxonomy":"product_tag","embeddable":true,"href":"https:\/\/a-pant.ee\/ru\/wp-json\/wp\/v2\/product_tag?post=24744"}],"curies":[{"name":"wp","href":"https:\/\/api.w.org\/{rel}","templated":true}]}}