{"id":24715,"date":"2026-02-04T01:48:54","date_gmt":"2026-02-03T22:48:54","guid":{"rendered":"https:\/\/a-pant.ee\/product\/noutbuk-dell-inspiron-5567-zaryadka\/"},"modified":"2026-02-22T12:38:05","modified_gmt":"2026-02-22T09:38:05","slug":"noutbuk-dell-inspiron-5567-zaryadka-aku-ne-rabotaet","status":"publish","type":"product","link":"https:\/\/a-pant.ee\/ru\/product\/noutbuk-dell-inspiron-5567-zaryadka-aku-ne-rabotaet\/","title":{"rendered":"\u041d\u043e\u0443\u0442\u0431\u0443\u043a Dell Inspiron 5567 + \u0417\u0430\u0440\u044f\u0434\u043a\u0430 (\u0430\u043a\u0443 \u043d\u0435 \u0440\u0430\u0431\u043e\u0442\u0430\u0435\u0442)"},"content":{"rendered":"\n<p> S\u00fclearvuti Dell Inspirion 5567 + Laadija (aku ei t\u00f6\u00f6ta)\u00a0, heas seisu- ja t\u00f6\u00f6korras! <\/p><p> KIRJELDUS <\/p><p> Protsessor: Intel (R) Core i3-6006U CPU 2,00Ghz (4CPUs) <\/p><p> Operatiiv m\u00e4lu: 4,0GB (4096 MB) <\/p><p> Videokaart: Intel \u00ae HD Graphics + AMD Radeon R7 M440 <\/p><p> K\u00f5vakettas: SK hynix SC311 SATA 256GB <\/p><p> Windows: 10 Home 64 bit <\/p>\n","protected":false},"excerpt":{"rendered":"<p>S\u00fclearvuti Dell Inspirion 5567 + Laadija (aku ei t\u00f6\u00f6ta)\u00a0, heas seisu- ja t\u00f6\u00f6korras! KIRJELDUS Protsessor: Intel (R) Core i3-6006U CPU 2,00Ghz (4CPUs) Operatiiv m\u00e4lu: 4,0GB (4096 MB) Videokaart: Intel \u00ae HD Graphics + AMD Radeon R7 M440 K\u00f5vakettas: SK hynix SC311 SATA 256GB Windows: 10 Home 64 bit<\/p>\n","protected":false},"featured_media":24716,"comment_status":"closed","ping_status":"open","template":"","meta":{"inline_featured_image":false},"product_brand":[],"product_cat":[179],"product_tag":[],"class_list":{"0":"post-24715","1":"product","2":"type-product","3":"status-publish","4":"has-post-thumbnail","6":"product_cat-noutbuki","7":"pa_asukoht-lasnamae","8":"pa_seisukord-ispolzovano","10":"first","11":"instock","12":"taxable","13":"shipping-taxable","14":"purchasable","15":"product-type-simple"},"_links":{"self":[{"href":"https:\/\/a-pant.ee\/ru\/wp-json\/wp\/v2\/product\/24715","targetHints":{"allow":["GET"]}}],"collection":[{"href":"https:\/\/a-pant.ee\/ru\/wp-json\/wp\/v2\/product"}],"about":[{"href":"https:\/\/a-pant.ee\/ru\/wp-json\/wp\/v2\/types\/product"}],"replies":[{"embeddable":true,"href":"https:\/\/a-pant.ee\/ru\/wp-json\/wp\/v2\/comments?post=24715"}],"wp:featuredmedia":[{"embeddable":true,"href":"https:\/\/a-pant.ee\/ru\/wp-json\/wp\/v2\/media\/24716"}],"wp:attachment":[{"href":"https:\/\/a-pant.ee\/ru\/wp-json\/wp\/v2\/media?parent=24715"}],"wp:term":[{"taxonomy":"product_brand","embeddable":true,"href":"https:\/\/a-pant.ee\/ru\/wp-json\/wp\/v2\/product_brand?post=24715"},{"taxonomy":"product_cat","embeddable":true,"href":"https:\/\/a-pant.ee\/ru\/wp-json\/wp\/v2\/product_cat?post=24715"},{"taxonomy":"product_tag","embeddable":true,"href":"https:\/\/a-pant.ee\/ru\/wp-json\/wp\/v2\/product_tag?post=24715"}],"curies":[{"name":"wp","href":"https:\/\/api.w.org\/{rel}","templated":true}]}}