{"id":24704,"date":"2026-02-04T01:48:54","date_gmt":"2026-02-03T22:48:54","guid":{"rendered":"https:\/\/a-pant.ee\/product\/sabelnaya-pila-makita-djr360z\/"},"modified":"2026-02-22T12:38:05","modified_gmt":"2026-02-22T09:38:05","slug":"sabelnaya-pila-makita-djr360z-2-aku-30-ach","status":"publish","type":"product","link":"https:\/\/a-pant.ee\/ru\/product\/sabelnaya-pila-makita-djr360z-2-aku-30-ach\/","title":{"rendered":"\u0421\u0430\u0431\u0435\u043b\u044c\u043d\u0430\u044f \u043f\u0438\u043b\u0430 Makita DJR360Z + 2 \u0430\u043a\u0443 3,0 \u0410\u0447"},"content":{"rendered":"\n<p> Akutiigersaag Makita DJR360Z + 2 akut 3,0 ah, heas seisu- ja t\u00f6\u00f6korras! <\/p><p> KIRJELDUS <\/p><p> L\u00f6\u00f6kide arv minutis <br \/> 3000 p\u00f6\u00f6ret minutis <br \/> Puidu maksimaalne l\u00f5ikes\u00fcgavus <br \/> 255 mm <br \/> Metalli maksimaalne l\u00f5ikes\u00fcgavus <br \/> 130 mm <br \/> Aku pinge <br \/> 36 V <br \/> Aku mahutavus <br \/> 5 Ah <br \/> Funktsioonid <br \/> sujuv kiiruse reguleerimine, pehme k\u00e4ivitus, elektrooniline mootorikaitse <br \/> Disaini omadused <br \/> varustuse v\u00f5tmeta vahetus, taustvalgustus <\/p>\n","protected":false},"excerpt":{"rendered":"<p>Akutiigersaag Makita DJR360Z + 2 akut 3,0 ah, heas seisu- ja t\u00f6\u00f6korras! KIRJELDUS L\u00f6\u00f6kide arv minutis 3000 p\u00f6\u00f6ret minutis Puidu maksimaalne l\u00f5ikes\u00fcgavus 255 mm Metalli maksimaalne l\u00f5ikes\u00fcgavus 130 mm Aku pinge 36 V Aku mahutavus 5 Ah Funktsioonid sujuv kiiruse reguleerimine, pehme k\u00e4ivitus, elektrooniline mootorikaitse Disaini omadused varustuse v\u00f5tmeta vahetus, taustvalgustus<\/p>\n","protected":false},"featured_media":24705,"comment_status":"closed","ping_status":"open","template":"","meta":{"inline_featured_image":false},"product_brand":[],"product_cat":[243],"product_tag":[],"class_list":{"0":"post-24704","1":"product","2":"type-product","3":"status-publish","4":"has-post-thumbnail","6":"product_cat-sabelnye-pily","7":"pa_asukoht-lasnamae","8":"pa_seisukord-ispolzovano","10":"first","11":"instock","12":"taxable","13":"shipping-taxable","14":"purchasable","15":"product-type-simple"},"_links":{"self":[{"href":"https:\/\/a-pant.ee\/ru\/wp-json\/wp\/v2\/product\/24704","targetHints":{"allow":["GET"]}}],"collection":[{"href":"https:\/\/a-pant.ee\/ru\/wp-json\/wp\/v2\/product"}],"about":[{"href":"https:\/\/a-pant.ee\/ru\/wp-json\/wp\/v2\/types\/product"}],"replies":[{"embeddable":true,"href":"https:\/\/a-pant.ee\/ru\/wp-json\/wp\/v2\/comments?post=24704"}],"wp:featuredmedia":[{"embeddable":true,"href":"https:\/\/a-pant.ee\/ru\/wp-json\/wp\/v2\/media\/24705"}],"wp:attachment":[{"href":"https:\/\/a-pant.ee\/ru\/wp-json\/wp\/v2\/media?parent=24704"}],"wp:term":[{"taxonomy":"product_brand","embeddable":true,"href":"https:\/\/a-pant.ee\/ru\/wp-json\/wp\/v2\/product_brand?post=24704"},{"taxonomy":"product_cat","embeddable":true,"href":"https:\/\/a-pant.ee\/ru\/wp-json\/wp\/v2\/product_cat?post=24704"},{"taxonomy":"product_tag","embeddable":true,"href":"https:\/\/a-pant.ee\/ru\/wp-json\/wp\/v2\/product_tag?post=24704"}],"curies":[{"name":"wp","href":"https:\/\/api.w.org\/{rel}","templated":true}]}}