{"id":24696,"date":"2026-02-04T01:48:54","date_gmt":"2026-02-03T22:48:54","guid":{"rendered":"https:\/\/a-pant.ee\/product\/chasy-guess-w0380g1\/"},"modified":"2026-02-22T12:38:05","modified_gmt":"2026-02-22T09:38:05","slug":"chasy-guess-w0380g1","status":"publish","type":"product","link":"https:\/\/a-pant.ee\/ru\/product\/chasy-guess-w0380g1\/","title":{"rendered":"\u0427\u0430\u0441\u044b Guess W0380G1"},"content":{"rendered":"\n<p> K\u00e4ekell Guess W0380G1 (koos Karbiga), heas seisu- ja t\u00f6\u00f6korras! <\/p><p> Klaasil v\u00e4ike m\u00f5ra! <\/p><p> KIRJELDUS <\/p><p> Mehhanismi t\u00fc\u00fcp <br \/> kvarts <br \/> T\u00fc\u00fcp <br \/> naiste k\u00e4ekell <br \/> Ise\u00e4rasused <br \/> veekindlad, valgustatud nooled <br \/> Veekindel klass <br \/> WR50 (du\u0161\u0161, ujumine ilma sukeldumiseta) <br \/> Energiaallikas <br \/> patareid <br \/> Korpuse materjal <br \/> roostevaba teras <br \/> Klaas <br \/> mineraalne <\/p>\n","protected":false},"excerpt":{"rendered":"<p>K\u00e4ekell Guess W0380G1 (koos Karbiga), heas seisu- ja t\u00f6\u00f6korras! Klaasil v\u00e4ike m\u00f5ra! KIRJELDUS Mehhanismi t\u00fc\u00fcp kvarts T\u00fc\u00fcp naiste k\u00e4ekell Ise\u00e4rasused veekindlad, valgustatud nooled Veekindel klass WR50 (du\u0161\u0161, ujumine ilma sukeldumiseta) Energiaallikas patareid Korpuse materjal roostevaba teras Klaas mineraalne<\/p>\n","protected":false},"featured_media":24697,"comment_status":"closed","ping_status":"closed","template":"","meta":{"inline_featured_image":false},"product_brand":[],"product_cat":[212],"product_tag":[],"class_list":{"0":"post-24696","1":"product","2":"type-product","3":"status-publish","4":"has-post-thumbnail","6":"product_cat-zhenskie-chasy","7":"pa_asukoht-mustamae","8":"pa_seisukord-ispolzovano","10":"first","11":"outofstock","12":"taxable","13":"shipping-taxable","14":"purchasable","15":"product-type-simple"},"_links":{"self":[{"href":"https:\/\/a-pant.ee\/ru\/wp-json\/wp\/v2\/product\/24696","targetHints":{"allow":["GET"]}}],"collection":[{"href":"https:\/\/a-pant.ee\/ru\/wp-json\/wp\/v2\/product"}],"about":[{"href":"https:\/\/a-pant.ee\/ru\/wp-json\/wp\/v2\/types\/product"}],"replies":[{"embeddable":true,"href":"https:\/\/a-pant.ee\/ru\/wp-json\/wp\/v2\/comments?post=24696"}],"wp:featuredmedia":[{"embeddable":true,"href":"https:\/\/a-pant.ee\/ru\/wp-json\/wp\/v2\/media\/24697"}],"wp:attachment":[{"href":"https:\/\/a-pant.ee\/ru\/wp-json\/wp\/v2\/media?parent=24696"}],"wp:term":[{"taxonomy":"product_brand","embeddable":true,"href":"https:\/\/a-pant.ee\/ru\/wp-json\/wp\/v2\/product_brand?post=24696"},{"taxonomy":"product_cat","embeddable":true,"href":"https:\/\/a-pant.ee\/ru\/wp-json\/wp\/v2\/product_cat?post=24696"},{"taxonomy":"product_tag","embeddable":true,"href":"https:\/\/a-pant.ee\/ru\/wp-json\/wp\/v2\/product_tag?post=24696"}],"curies":[{"name":"wp","href":"https:\/\/api.w.org\/{rel}","templated":true}]}}