{"id":24684,"date":"2026-02-04T01:48:54","date_gmt":"2026-02-03T22:48:54","guid":{"rendered":"https:\/\/a-pant.ee\/product\/smart-chasy-suunto-ambit3-peak-black\/"},"modified":"2026-02-22T12:38:05","modified_gmt":"2026-02-22T09:38:05","slug":"smart-chasy-suunto-ambit3-peak-black-zaryadka","status":"publish","type":"product","link":"https:\/\/a-pant.ee\/ru\/product\/smart-chasy-suunto-ambit3-peak-black-zaryadka\/","title":{"rendered":"\u0421\u043c\u0430\u0440\u0442-\u0427\u0430\u0441\u044b Suunto Ambit3 Peak Black + \u0437\u0430\u0440\u044f\u0434\u043a\u0430"},"content":{"rendered":"\n<p> Nutikellad Suunto Ambit3 Peak Black + laadija, heas seisu- ja t\u00f6\u00f6korras! <\/p><p> KIRJELDUS <\/p><p> OUTDOOR ja MULTISPORT: <\/p><p> Navigeerimine (etteantud punkti ja tagasi alguspunkti). <\/p><p> Aku kestvus 10 kuni 100 tundi treeningre\u017eiimis. <\/p><p> Aku kestvus kuni 14 p\u00e4eva kellare\u017eiimis. <\/p><p> Kompass. <\/p><p> GPS\u2019iga k\u00f5rguse m\u00f5\u00f5tmine. <\/p><p> Ujumistreeningul pulsim\u00f5\u00f5tmine ja hilisem anal\u00fc\u00fcs (Suunto Smart Sensor pulsiv\u00f6\u00f6ga). <\/p><p> Aktiivsuse monitoorimine. <\/p><p> Aktiivsusp\u00f5hine taastumisaeg. <\/p><p> Une kvaliteedi test ja taastumise kiirtest (Firstbeat) (Suunto Smart Sensor pulsiv\u00f6\u00f6ga). <\/p><p> Kiirus, tempo ja distants. <\/p><p> Jalgrattas\u00f5idul pedaalimisv\u00f5imsuse m\u00f5\u00f5tmise tugi (Bluetooth\u00ae Smart anduriga). <\/p><p> Multispordi funktsioon ehk \u00fche treeningu ajal spordiala vahetamise v\u00f5imalus. <\/p><p> Treeningprogrammid. <\/p><p> Intervalltreeningute planeerimine ja h\u00e4\u00e4lk\u00e4sklustega treeningu juhendamine (Movescount App\u2019iga). <\/p><p> Suunto App\u2019idega funktsioonide lisamise v\u00f5imalus. <\/p>\n","protected":false},"excerpt":{"rendered":"<p>Nutikellad Suunto Ambit3 Peak Black + laadija, heas seisu- ja t\u00f6\u00f6korras! KIRJELDUS OUTDOOR ja MULTISPORT: Navigeerimine (etteantud punkti ja tagasi alguspunkti). Aku kestvus 10 kuni 100 tundi treeningre\u017eiimis. Aku kestvus kuni 14 p\u00e4eva kellare\u017eiimis. Kompass. GPS\u2019iga k\u00f5rguse m\u00f5\u00f5tmine. Ujumistreeningul pulsim\u00f5\u00f5tmine ja hilisem anal\u00fc\u00fcs (Suunto Smart Sensor pulsiv\u00f6\u00f6ga). Aktiivsuse monitoorimine. Aktiivsusp\u00f5hine taastumisaeg. Une kvaliteedi test ja [&hellip;]<\/p>\n","protected":false},"featured_media":24685,"comment_status":"closed","ping_status":"open","template":"","meta":{"inline_featured_image":false},"product_brand":[],"product_cat":[176],"product_tag":[],"class_list":{"0":"post-24684","1":"product","2":"type-product","3":"status-publish","4":"has-post-thumbnail","6":"product_cat-smart-chasy","7":"pa_asukoht-mustamae","8":"pa_seisukord-ispolzovano","10":"first","11":"instock","12":"taxable","13":"shipping-taxable","14":"purchasable","15":"product-type-simple"},"_links":{"self":[{"href":"https:\/\/a-pant.ee\/ru\/wp-json\/wp\/v2\/product\/24684","targetHints":{"allow":["GET"]}}],"collection":[{"href":"https:\/\/a-pant.ee\/ru\/wp-json\/wp\/v2\/product"}],"about":[{"href":"https:\/\/a-pant.ee\/ru\/wp-json\/wp\/v2\/types\/product"}],"replies":[{"embeddable":true,"href":"https:\/\/a-pant.ee\/ru\/wp-json\/wp\/v2\/comments?post=24684"}],"wp:featuredmedia":[{"embeddable":true,"href":"https:\/\/a-pant.ee\/ru\/wp-json\/wp\/v2\/media\/24685"}],"wp:attachment":[{"href":"https:\/\/a-pant.ee\/ru\/wp-json\/wp\/v2\/media?parent=24684"}],"wp:term":[{"taxonomy":"product_brand","embeddable":true,"href":"https:\/\/a-pant.ee\/ru\/wp-json\/wp\/v2\/product_brand?post=24684"},{"taxonomy":"product_cat","embeddable":true,"href":"https:\/\/a-pant.ee\/ru\/wp-json\/wp\/v2\/product_cat?post=24684"},{"taxonomy":"product_tag","embeddable":true,"href":"https:\/\/a-pant.ee\/ru\/wp-json\/wp\/v2\/product_tag?post=24684"}],"curies":[{"name":"wp","href":"https:\/\/api.w.org\/{rel}","templated":true}]}}