{"id":24666,"date":"2026-02-04T01:48:54","date_gmt":"2026-02-03T22:48:54","guid":{"rendered":"https:\/\/a-pant.ee\/product\/bolgarka-milwaukee-m18-cag125x-zaryadka-yashchik\/"},"modified":"2026-02-22T12:38:04","modified_gmt":"2026-02-22T09:38:04","slug":"bolgarka-milwaukee-m18-cag125x-zaryadka","status":"publish","type":"product","link":"https:\/\/a-pant.ee\/ru\/product\/bolgarka-milwaukee-m18-cag125x-zaryadka\/","title":{"rendered":"\u0411\u043e\u043b\u0433\u0430\u0440\u043a\u0430 Milwaukee M18 CAG125X + \u0437\u0430\u0440\u044f\u0434\u043a\u0430"},"content":{"rendered":"\n<p> Akunurklihvija Milwaukee M18 CAG125X + kohver + laadija\u00a0, heas seisu- ja t\u00f6\u00f6korras! <\/p><p><br \/> Kauba andmed: M18 CAG125X-502X <br \/> Aku mahutavus (Ah) 4 <br \/> Aku t\u00fc\u00fcp: Li-ion <br \/> Kaal koos akuga (kg) 2,5 <br \/> Kaasas olevate patareide arv: 1 <br \/> Ketta l\u00e4bim\u00f5\u00f5t (mm) 125 <br \/> L\u00fcliti t\u00fc\u00fcp Liugl\u00fcliti <br \/> Kaasas laadija 59 min <br \/> Vibratsioon peenestamisel (m\/s\u00b2) 3.4 <br \/> Lihvimisvibratsiooni m\u00e4\u00e4ramatus (m\/s\u00b2) 1.5 <br \/> Pinge (V) 18 <br \/> Spindli suurus M14 <br \/> Maksimaalne l\u00f5ikes\u00fcgavus (mm) 33 <br \/> T\u00fchik\u00e4igu kiirus (rpm) 8500 <\/p>\n","protected":false},"excerpt":{"rendered":"<p>Akunurklihvija Milwaukee M18 CAG125X + kohver + laadija\u00a0, heas seisu- ja t\u00f6\u00f6korras! Kauba andmed: M18 CAG125X-502X Aku mahutavus (Ah) 4 Aku t\u00fc\u00fcp: Li-ion Kaal koos akuga (kg) 2,5 Kaasas olevate patareide arv: 1 Ketta l\u00e4bim\u00f5\u00f5t (mm) 125 L\u00fcliti t\u00fc\u00fcp Liugl\u00fcliti Kaasas laadija 59 min Vibratsioon peenestamisel (m\/s\u00b2) 3.4 Lihvimisvibratsiooni m\u00e4\u00e4ramatus (m\/s\u00b2) 1.5 Pinge (V) 18 [&hellip;]<\/p>\n","protected":false},"featured_media":24667,"comment_status":"closed","ping_status":"open","template":"","meta":{"inline_featured_image":false},"product_brand":[],"product_cat":[235],"product_tag":[],"class_list":{"0":"post-24666","1":"product","2":"type-product","3":"status-publish","4":"has-post-thumbnail","6":"product_cat-bolgarki","7":"pa_asukoht-mustamae","8":"pa_seisukord-ispolzovano","10":"first","11":"instock","12":"taxable","13":"shipping-taxable","14":"purchasable","15":"product-type-simple"},"_links":{"self":[{"href":"https:\/\/a-pant.ee\/ru\/wp-json\/wp\/v2\/product\/24666","targetHints":{"allow":["GET"]}}],"collection":[{"href":"https:\/\/a-pant.ee\/ru\/wp-json\/wp\/v2\/product"}],"about":[{"href":"https:\/\/a-pant.ee\/ru\/wp-json\/wp\/v2\/types\/product"}],"replies":[{"embeddable":true,"href":"https:\/\/a-pant.ee\/ru\/wp-json\/wp\/v2\/comments?post=24666"}],"wp:featuredmedia":[{"embeddable":true,"href":"https:\/\/a-pant.ee\/ru\/wp-json\/wp\/v2\/media\/24667"}],"wp:attachment":[{"href":"https:\/\/a-pant.ee\/ru\/wp-json\/wp\/v2\/media?parent=24666"}],"wp:term":[{"taxonomy":"product_brand","embeddable":true,"href":"https:\/\/a-pant.ee\/ru\/wp-json\/wp\/v2\/product_brand?post=24666"},{"taxonomy":"product_cat","embeddable":true,"href":"https:\/\/a-pant.ee\/ru\/wp-json\/wp\/v2\/product_cat?post=24666"},{"taxonomy":"product_tag","embeddable":true,"href":"https:\/\/a-pant.ee\/ru\/wp-json\/wp\/v2\/product_tag?post=24666"}],"curies":[{"name":"wp","href":"https:\/\/api.w.org\/{rel}","templated":true}]}}