{"id":24660,"date":"2026-02-04T01:48:54","date_gmt":"2026-02-03T22:48:54","guid":{"rendered":"https:\/\/a-pant.ee\/product\/akkumulyatornaya-drel-makita-ddf482-2\/"},"modified":"2026-02-22T12:38:04","modified_gmt":"2026-02-22T09:38:04","slug":"akkumulyatornaya-drel-makita-ddf482-bez-akkumulyatora","status":"publish","type":"product","link":"https:\/\/a-pant.ee\/ru\/product\/akkumulyatornaya-drel-makita-ddf482-bez-akkumulyatora\/","title":{"rendered":"\u0410\u043a\u043a\u0443\u043c\u0443\u043b\u044f\u0442\u043e\u0440\u043d\u0430\u044f \u0434\u0440\u0435\u043b\u044c Makita DDF482 (\u0431\u0435\u0437 \u0430\u043a\u043a\u0443\u043c\u0443\u043b\u044f\u0442\u043e\u0440\u0430)"},"content":{"rendered":"\n<p> Akutrell Makita DDF482 (ilma aku)\u00a0, heas seisu- ja t\u00f6\u00f6korras! <\/p><p> KIRJELDUS <\/p><p> Tootja Makita <\/p><p> Kaal 1.5 kg <\/p><p> Professionaalidele \/ Asjaarmastajatele Professionaalidele <\/p><p> T\u00f6\u00f6riista m\u00f5\u00f5tmed 185 mm <\/p><p> Mootori t\u00fc\u00fcp Akutoitega <\/p><p> Kas komplekt sisaldab akut Ei <\/p><p> Akukeemia Li-Ion (Liitiumioonaku) <\/p><p> Aku pinge 18 V <\/p><p> Energiat\u00f5hus harjavaba mootor Jah <\/p><p> Kiirus koormuseta 0-400\/0-1500 min-1 <\/p><p> Maksimaalne kiirus 1500 \/min <\/p><p> Maksimaalne j\u00f5umoment 54 Nm <\/p><p> P\u00f6\u00f6rdemomendi astmete arv 16 <\/p><p> Puuripadruni l\u00e4bim\u00f5\u00f5t 13 mm <\/p><p> Puuriotsaku maksimaalne l\u00e4bim\u00f5\u00f5t puidu puurimiseks 38 mm <\/p><p> Puuriotsaku maksimaalne l\u00e4bim\u00f5\u00f5t terase puurimiseks 13 mm <\/p><p> K\u00e4ikude arv 2 k\u00e4iku <\/p><p> T\u00e4htis m\u00e4rkus Aku saavutab oma t\u00e4ieliku mahtuvuse peale 3-4 laadimist <\/p><p> Sisseehitatud LED-valgustus Jah <\/p>\n","protected":false},"excerpt":{"rendered":"<p>Akutrell Makita DDF482 (ilma aku)\u00a0, heas seisu- ja t\u00f6\u00f6korras! KIRJELDUS Tootja Makita Kaal 1.5 kg Professionaalidele \/ Asjaarmastajatele Professionaalidele T\u00f6\u00f6riista m\u00f5\u00f5tmed 185 mm Mootori t\u00fc\u00fcp Akutoitega Kas komplekt sisaldab akut Ei Akukeemia Li-Ion (Liitiumioonaku) Aku pinge 18 V Energiat\u00f5hus harjavaba mootor Jah Kiirus koormuseta 0-400\/0-1500 min-1 Maksimaalne kiirus 1500 \/min Maksimaalne j\u00f5umoment 54 Nm P\u00f6\u00f6rdemomendi [&hellip;]<\/p>\n","protected":false},"featured_media":24661,"comment_status":"closed","ping_status":"open","template":"","meta":{"inline_featured_image":false},"product_brand":[],"product_cat":[221],"product_tag":[],"class_list":{"0":"post-24660","1":"product","2":"type-product","3":"status-publish","4":"has-post-thumbnail","6":"product_cat-akkumulyatornye-dreli","7":"pa_asukoht-lasnamae","8":"pa_seisukord-ispolzovano","10":"first","11":"instock","12":"taxable","13":"shipping-taxable","14":"purchasable","15":"product-type-simple"},"_links":{"self":[{"href":"https:\/\/a-pant.ee\/ru\/wp-json\/wp\/v2\/product\/24660","targetHints":{"allow":["GET"]}}],"collection":[{"href":"https:\/\/a-pant.ee\/ru\/wp-json\/wp\/v2\/product"}],"about":[{"href":"https:\/\/a-pant.ee\/ru\/wp-json\/wp\/v2\/types\/product"}],"replies":[{"embeddable":true,"href":"https:\/\/a-pant.ee\/ru\/wp-json\/wp\/v2\/comments?post=24660"}],"wp:featuredmedia":[{"embeddable":true,"href":"https:\/\/a-pant.ee\/ru\/wp-json\/wp\/v2\/media\/24661"}],"wp:attachment":[{"href":"https:\/\/a-pant.ee\/ru\/wp-json\/wp\/v2\/media?parent=24660"}],"wp:term":[{"taxonomy":"product_brand","embeddable":true,"href":"https:\/\/a-pant.ee\/ru\/wp-json\/wp\/v2\/product_brand?post=24660"},{"taxonomy":"product_cat","embeddable":true,"href":"https:\/\/a-pant.ee\/ru\/wp-json\/wp\/v2\/product_cat?post=24660"},{"taxonomy":"product_tag","embeddable":true,"href":"https:\/\/a-pant.ee\/ru\/wp-json\/wp\/v2\/product_tag?post=24660"}],"curies":[{"name":"wp","href":"https:\/\/api.w.org\/{rel}","templated":true}]}}