{"id":24654,"date":"2026-02-04T01:48:54","date_gmt":"2026-02-03T22:48:54","guid":{"rendered":"https:\/\/a-pant.ee\/product\/akkumulyatornaya-drel-makita-ddf480-ak-3-0ach\/"},"modified":"2026-02-22T12:38:04","modified_gmt":"2026-02-22T09:38:04","slug":"akkumulyatornaya-drel-makita-ddf480-ak-30ach","status":"publish","type":"product","link":"https:\/\/a-pant.ee\/ru\/product\/akkumulyatornaya-drel-makita-ddf480-ak-30ach\/","title":{"rendered":"\u0410\u043a\u043a\u0443\u043c\u0443\u043b\u044f\u0442\u043e\u0440\u043d\u0430\u044f \u0434\u0440\u0435\u043b\u044c Makita DDF480 + \u0430\u043a. 3,0\u0410\u0447"},"content":{"rendered":"\n<p> Akutrell Makita DDF480 + aku 3,0Ah\u00a0, heas seisu- ja t\u00f6\u00f6korras! <\/p><p> KIRJELDUS <\/p><p> Kategooria: Akutrellid, kruvikeerajad <\/p><p> Kaubam\u00e4rk: Makita <\/p><p> Akupinge: 18 V <\/p><p> Aku t\u00fc\u00fcp: Li-ion <\/p><p> P\u00f6\u00f6rete arv: 0-2000 min-1 <\/p><p> K\u00e4ikude arv: 2 <\/p><p> Tagurpidik\u00e4ik: Jah <\/p><p> T\u00fc\u00fcp: Akuga puurid <\/p><p> Vaade: Makita, akuga puurid akutrellid, kruvikeerajad <\/p><p> Akumahtuvus: 3,0 Ah <\/p>\n","protected":false},"excerpt":{"rendered":"<p>Akutrell Makita DDF480 + aku 3,0Ah\u00a0, heas seisu- ja t\u00f6\u00f6korras! KIRJELDUS Kategooria: Akutrellid, kruvikeerajad Kaubam\u00e4rk: Makita Akupinge: 18 V Aku t\u00fc\u00fcp: Li-ion P\u00f6\u00f6rete arv: 0-2000 min-1 K\u00e4ikude arv: 2 Tagurpidik\u00e4ik: Jah T\u00fc\u00fcp: Akuga puurid Vaade: Makita, akuga puurid akutrellid, kruvikeerajad Akumahtuvus: 3,0 Ah<\/p>\n","protected":false},"featured_media":24655,"comment_status":"closed","ping_status":"open","template":"","meta":{"inline_featured_image":false},"product_brand":[],"product_cat":[221],"product_tag":[],"class_list":{"0":"post-24654","1":"product","2":"type-product","3":"status-publish","4":"has-post-thumbnail","6":"product_cat-akkumulyatornye-dreli","7":"pa_asukoht-lasnamae","8":"pa_seisukord-ispolzovano","10":"first","11":"instock","12":"taxable","13":"shipping-taxable","14":"purchasable","15":"product-type-simple"},"_links":{"self":[{"href":"https:\/\/a-pant.ee\/ru\/wp-json\/wp\/v2\/product\/24654","targetHints":{"allow":["GET"]}}],"collection":[{"href":"https:\/\/a-pant.ee\/ru\/wp-json\/wp\/v2\/product"}],"about":[{"href":"https:\/\/a-pant.ee\/ru\/wp-json\/wp\/v2\/types\/product"}],"replies":[{"embeddable":true,"href":"https:\/\/a-pant.ee\/ru\/wp-json\/wp\/v2\/comments?post=24654"}],"wp:featuredmedia":[{"embeddable":true,"href":"https:\/\/a-pant.ee\/ru\/wp-json\/wp\/v2\/media\/24655"}],"wp:attachment":[{"href":"https:\/\/a-pant.ee\/ru\/wp-json\/wp\/v2\/media?parent=24654"}],"wp:term":[{"taxonomy":"product_brand","embeddable":true,"href":"https:\/\/a-pant.ee\/ru\/wp-json\/wp\/v2\/product_brand?post=24654"},{"taxonomy":"product_cat","embeddable":true,"href":"https:\/\/a-pant.ee\/ru\/wp-json\/wp\/v2\/product_cat?post=24654"},{"taxonomy":"product_tag","embeddable":true,"href":"https:\/\/a-pant.ee\/ru\/wp-json\/wp\/v2\/product_tag?post=24654"}],"curies":[{"name":"wp","href":"https:\/\/api.w.org\/{rel}","templated":true}]}}