{"id":24647,"date":"2026-02-04T01:48:54","date_gmt":"2026-02-03T22:48:54","guid":{"rendered":"https:\/\/a-pant.ee\/product\/noutbuk-lenovo-ideapad-120s-14iap-zaryadka\/"},"modified":"2026-02-22T12:38:03","modified_gmt":"2026-02-22T09:38:03","slug":"noutbuk-lenovo-ideapad-120s-14iap-81a5-zaryadka","status":"publish","type":"product","link":"https:\/\/a-pant.ee\/ru\/product\/noutbuk-lenovo-ideapad-120s-14iap-81a5-zaryadka\/","title":{"rendered":"\u041d\u043e\u0443\u0442\u0431\u0443\u043a Lenovo IdeaPad 120S-14IAP 81A5 + \u0417\u0430\u0440\u044f\u0434\u043a\u0430"},"content":{"rendered":"\n<p> S\u00fclearvuti Lenovo IdeaPad 120S-14IAP 81A5 + Laadija, heas seisu- ja t\u00f6\u00f6korras! <\/p><p> KIRJELDUS <\/p><p> Processor: Intel(R) Celeron(R) CPU N3350 @ 1.10GHz (2 CPUs), ~1.1GHz <\/p><p> Ram: 4GB <\/p><p> Video: Intel(R) HD Graphics 128MB <\/p><p> SSD: HFS128G39TND-N210A 128GB <\/p><p> Windows 10 Home 64bit <\/p>\n","protected":false},"excerpt":{"rendered":"<p>S\u00fclearvuti Lenovo IdeaPad 120S-14IAP 81A5 + Laadija, heas seisu- ja t\u00f6\u00f6korras! KIRJELDUS Processor: Intel(R) Celeron(R) CPU N3350 @ 1.10GHz (2 CPUs), ~1.1GHz Ram: 4GB Video: Intel(R) HD Graphics 128MB SSD: HFS128G39TND-N210A 128GB Windows 10 Home 64bit<\/p>\n","protected":false},"featured_media":24648,"comment_status":"closed","ping_status":"closed","template":"","meta":{"inline_featured_image":false},"product_brand":[],"product_cat":[179],"product_tag":[],"class_list":{"0":"post-24647","1":"product","2":"type-product","3":"status-publish","4":"has-post-thumbnail","6":"product_cat-noutbuki","7":"pa_asukoht-mustamae","8":"pa_seisukord-ispolzovano","10":"first","11":"outofstock","12":"taxable","13":"shipping-taxable","14":"purchasable","15":"product-type-simple"},"_links":{"self":[{"href":"https:\/\/a-pant.ee\/ru\/wp-json\/wp\/v2\/product\/24647","targetHints":{"allow":["GET"]}}],"collection":[{"href":"https:\/\/a-pant.ee\/ru\/wp-json\/wp\/v2\/product"}],"about":[{"href":"https:\/\/a-pant.ee\/ru\/wp-json\/wp\/v2\/types\/product"}],"replies":[{"embeddable":true,"href":"https:\/\/a-pant.ee\/ru\/wp-json\/wp\/v2\/comments?post=24647"}],"wp:featuredmedia":[{"embeddable":true,"href":"https:\/\/a-pant.ee\/ru\/wp-json\/wp\/v2\/media\/24648"}],"wp:attachment":[{"href":"https:\/\/a-pant.ee\/ru\/wp-json\/wp\/v2\/media?parent=24647"}],"wp:term":[{"taxonomy":"product_brand","embeddable":true,"href":"https:\/\/a-pant.ee\/ru\/wp-json\/wp\/v2\/product_brand?post=24647"},{"taxonomy":"product_cat","embeddable":true,"href":"https:\/\/a-pant.ee\/ru\/wp-json\/wp\/v2\/product_cat?post=24647"},{"taxonomy":"product_tag","embeddable":true,"href":"https:\/\/a-pant.ee\/ru\/wp-json\/wp\/v2\/product_tag?post=24647"}],"curies":[{"name":"wp","href":"https:\/\/api.w.org\/{rel}","templated":true}]}}