{"id":24612,"date":"2026-02-04T01:45:17","date_gmt":"2026-02-03T22:45:17","guid":{"rendered":"https:\/\/a-pant.ee\/product\/akudrel-bosch-gsb-18v-55-akumulator-4-0ah\/"},"modified":"2026-02-22T12:38:08","modified_gmt":"2026-02-22T09:38:08","slug":"akudrel-bosch-gsb-18v-55-akkumulyator-4-0ach-zaryadka-gal","status":"publish","type":"product","link":"https:\/\/a-pant.ee\/ru\/product\/akudrel-bosch-gsb-18v-55-akkumulyator-4-0ach-zaryadka-gal\/","title":{"rendered":"\u0410\u043a\u0443\u0434\u0440\u0435\u043b\u044c Bosch GSB 18V-55 + \u0430\u043a\u043a\u0443\u043c\u0443\u043b\u044f\u0442\u043e\u0440 4.0\u0410\u0447 + \u0417\u0430\u0440\u044f\u0434\u043a\u0430 GAL"},"content":{"rendered":"\n<p> Akutrell Bosch GSB 18V-55 + aku 4,0ah + Laadija GAL, heas seisu- ja t\u00f6\u00f6korras! <\/p><p> KIRJELDUS <\/p><p> Aku pinge <br \/> 18 V <br \/> Akude arv <br \/> 1 tk. <br \/> Maksimaalne p\u00f6\u00f6rdemoment <br \/> 55 Nm <br \/> Harjadeta mootor <br \/> Jah <br \/> Max puuri l\u00e4bim\u00f5\u00f5t (puit) <br \/> 35 mm <br \/> Max puuri l\u00e4bim\u00f5\u00f5t (metall) <br \/> 13 mm <br \/> Kaal <br \/> 1 kg <\/p>\n","protected":false},"excerpt":{"rendered":"<p>Akutrell Bosch GSB 18V-55 + aku 4,0ah + Laadija GAL, heas seisu- ja t\u00f6\u00f6korras! KIRJELDUS Aku pinge 18 V Akude arv 1 tk. Maksimaalne p\u00f6\u00f6rdemoment 55 Nm Harjadeta mootor Jah Max puuri l\u00e4bim\u00f5\u00f5t (puit) 35 mm Max puuri l\u00e4bim\u00f5\u00f5t (metall) 13 mm Kaal 1 kg<\/p>\n","protected":false},"featured_media":24613,"comment_status":"closed","ping_status":"open","template":"","meta":{"inline_featured_image":false},"product_brand":[],"product_cat":[221],"product_tag":[],"class_list":{"0":"post-24612","1":"product","2":"type-product","3":"status-publish","4":"has-post-thumbnail","6":"product_cat-akkumulyatornye-dreli","7":"pa_asukoht-mustamae","8":"pa_seisukord-ispolzovano","10":"first","11":"instock","12":"taxable","13":"shipping-taxable","14":"purchasable","15":"product-type-simple"},"_links":{"self":[{"href":"https:\/\/a-pant.ee\/ru\/wp-json\/wp\/v2\/product\/24612","targetHints":{"allow":["GET"]}}],"collection":[{"href":"https:\/\/a-pant.ee\/ru\/wp-json\/wp\/v2\/product"}],"about":[{"href":"https:\/\/a-pant.ee\/ru\/wp-json\/wp\/v2\/types\/product"}],"replies":[{"embeddable":true,"href":"https:\/\/a-pant.ee\/ru\/wp-json\/wp\/v2\/comments?post=24612"}],"wp:featuredmedia":[{"embeddable":true,"href":"https:\/\/a-pant.ee\/ru\/wp-json\/wp\/v2\/media\/24613"}],"wp:attachment":[{"href":"https:\/\/a-pant.ee\/ru\/wp-json\/wp\/v2\/media?parent=24612"}],"wp:term":[{"taxonomy":"product_brand","embeddable":true,"href":"https:\/\/a-pant.ee\/ru\/wp-json\/wp\/v2\/product_brand?post=24612"},{"taxonomy":"product_cat","embeddable":true,"href":"https:\/\/a-pant.ee\/ru\/wp-json\/wp\/v2\/product_cat?post=24612"},{"taxonomy":"product_tag","embeddable":true,"href":"https:\/\/a-pant.ee\/ru\/wp-json\/wp\/v2\/product_tag?post=24612"}],"curies":[{"name":"wp","href":"https:\/\/api.w.org\/{rel}","templated":true}]}}