{"id":24605,"date":"2026-02-04T01:45:17","date_gmt":"2026-02-03T22:45:17","guid":{"rendered":"https:\/\/a-pant.ee\/product\/elektricheskij-shurupovert-senco-ds5550-ac\/"},"modified":"2026-02-22T12:38:08","modified_gmt":"2026-02-22T09:38:08","slug":"elektricheskij-shurupovert-senco-ds5550-ac","status":"publish","type":"product","link":"https:\/\/a-pant.ee\/ru\/product\/elektricheskij-shurupovert-senco-ds5550-ac\/","title":{"rendered":"\u042d\u043b\u0435\u043a\u0442\u0440\u0438\u0447\u0435\u0441\u043a\u0438\u0439 \u0448\u0443\u0440\u0443\u043f\u043e\u0432\u0435\u0440\u0442 Senco DS5550-AC"},"content":{"rendered":"\n<p> Kruvip\u00fcss Senco DS5550-AC\u00a0, heas seisu- ja t\u00f6\u00f6korras! <\/p><p> KIRJELDUS <\/p><p> Tootja Senco <\/p><p> Kaal 2,51 kg <\/p><p> Kogukaal koos pakendiga 2,51 kg <\/p><p> T\u00f6\u00f6riista suurus 233 x 70 x 425 mm <\/p><p> Mootori t\u00fc\u00fcp Elektriline <\/p><p> Harjadeta energias\u00e4\u00e4stumootor Jah <\/p><p> T\u00fchik\u00e4ik 0-5000 min-1 <\/p><p> Maksimaalne kiirus 5000 \/min <\/p><p> Kruvi \u00d83,5-5,5 mm <\/p><p> Kruvi pikkus 22-55 mm <\/p><p> Reguleeritav kruvi s\u00fcgavus Jah <\/p>\n","protected":false},"excerpt":{"rendered":"<p>Kruvip\u00fcss Senco DS5550-AC\u00a0, heas seisu- ja t\u00f6\u00f6korras! KIRJELDUS Tootja Senco Kaal 2,51 kg Kogukaal koos pakendiga 2,51 kg T\u00f6\u00f6riista suurus 233 x 70 x 425 mm Mootori t\u00fc\u00fcp Elektriline Harjadeta energias\u00e4\u00e4stumootor Jah T\u00fchik\u00e4ik 0-5000 min-1 Maksimaalne kiirus 5000 \/min Kruvi \u00d83,5-5,5 mm Kruvi pikkus 22-55 mm Reguleeritav kruvi s\u00fcgavus Jah<\/p>\n","protected":false},"featured_media":24606,"comment_status":"closed","ping_status":"open","template":"","meta":{"inline_featured_image":false},"product_brand":[],"product_cat":[231],"product_tag":[],"class_list":{"0":"post-24605","1":"product","2":"type-product","3":"status-publish","4":"has-post-thumbnail","6":"product_cat-shurupoverty","7":"pa_asukoht-lasnamae","8":"pa_seisukord-ispolzovano","10":"first","11":"instock","12":"taxable","13":"shipping-taxable","14":"purchasable","15":"product-type-simple"},"_links":{"self":[{"href":"https:\/\/a-pant.ee\/ru\/wp-json\/wp\/v2\/product\/24605","targetHints":{"allow":["GET"]}}],"collection":[{"href":"https:\/\/a-pant.ee\/ru\/wp-json\/wp\/v2\/product"}],"about":[{"href":"https:\/\/a-pant.ee\/ru\/wp-json\/wp\/v2\/types\/product"}],"replies":[{"embeddable":true,"href":"https:\/\/a-pant.ee\/ru\/wp-json\/wp\/v2\/comments?post=24605"}],"wp:featuredmedia":[{"embeddable":true,"href":"https:\/\/a-pant.ee\/ru\/wp-json\/wp\/v2\/media\/24606"}],"wp:attachment":[{"href":"https:\/\/a-pant.ee\/ru\/wp-json\/wp\/v2\/media?parent=24605"}],"wp:term":[{"taxonomy":"product_brand","embeddable":true,"href":"https:\/\/a-pant.ee\/ru\/wp-json\/wp\/v2\/product_brand?post=24605"},{"taxonomy":"product_cat","embeddable":true,"href":"https:\/\/a-pant.ee\/ru\/wp-json\/wp\/v2\/product_cat?post=24605"},{"taxonomy":"product_tag","embeddable":true,"href":"https:\/\/a-pant.ee\/ru\/wp-json\/wp\/v2\/product_tag?post=24605"}],"curies":[{"name":"wp","href":"https:\/\/api.w.org\/{rel}","templated":true}]}}