{"id":24598,"date":"2026-02-04T01:45:17","date_gmt":"2026-02-03T22:45:17","guid":{"rendered":"https:\/\/a-pant.ee\/product\/perforator-bosch-gbh-3-28-dre\/"},"modified":"2026-02-22T12:38:08","modified_gmt":"2026-02-22T09:38:08","slug":"perforator-bosch-gbh-3-28-dre","status":"publish","type":"product","link":"https:\/\/a-pant.ee\/ru\/product\/perforator-bosch-gbh-3-28-dre\/","title":{"rendered":"\u041f\u0435\u0440\u0444\u043e\u0440\u0430\u0442\u043e\u0440 BOSCH GBH 3-28 DRE"},"content":{"rendered":"\n<div><div><div><div id=\"description\"><div><p> \u00a0Puurvasar Bosch GBH 3-28 DRE, heas seisu- ja t\u00f6\u00f6korras! <\/p><p> KIRJELDUS <\/p><p> Maksimaalne l\u00f6\u00f6gij\u00f5ud 3,1 J <br \/> Padruni t\u00fc\u00fcp SDS-Plus <br \/> Maksimaalne s\u00fcdamiku l\u00e4bim\u00f5\u00f5t (betoon) 82 mm <br \/> T\u00f6\u00f6re\u017eiimid: meiseldamine, puurimine, puurimine meislimisega <br \/> Tagurdusfunktsioonid, kiiruse reguleerimine, kruvikeeraja <br \/> Disainis on vibratsioonivastane s\u00fcsteem, turvasidur, spindlilukk <br \/> L\u00f6\u00f6gisagedus 4000 l\u00f6\u00f6ki\/min <\/p><\/div><\/div><\/div><\/div><\/div>\n","protected":false},"excerpt":{"rendered":"<p>\u00a0Puurvasar Bosch GBH 3-28 DRE, heas seisu- ja t\u00f6\u00f6korras! KIRJELDUS Maksimaalne l\u00f6\u00f6gij\u00f5ud 3,1 J Padruni t\u00fc\u00fcp SDS-Plus Maksimaalne s\u00fcdamiku l\u00e4bim\u00f5\u00f5t (betoon) 82 mm T\u00f6\u00f6re\u017eiimid: meiseldamine, puurimine, puurimine meislimisega Tagurdusfunktsioonid, kiiruse reguleerimine, kruvikeeraja Disainis on vibratsioonivastane s\u00fcsteem, turvasidur, spindlilukk L\u00f6\u00f6gisagedus 4000 l\u00f6\u00f6ki\/min<\/p>\n","protected":false},"featured_media":24599,"comment_status":"closed","ping_status":"open","template":"","meta":{"inline_featured_image":false},"product_brand":[],"product_cat":[239],"product_tag":[],"class_list":{"0":"post-24598","1":"product","2":"type-product","3":"status-publish","4":"has-post-thumbnail","6":"product_cat-perforatory-i-dreli","7":"pa_asukoht-lasnamae","8":"pa_seisukord-ispolzovano","10":"first","11":"instock","12":"taxable","13":"shipping-taxable","14":"purchasable","15":"product-type-simple"},"_links":{"self":[{"href":"https:\/\/a-pant.ee\/ru\/wp-json\/wp\/v2\/product\/24598","targetHints":{"allow":["GET"]}}],"collection":[{"href":"https:\/\/a-pant.ee\/ru\/wp-json\/wp\/v2\/product"}],"about":[{"href":"https:\/\/a-pant.ee\/ru\/wp-json\/wp\/v2\/types\/product"}],"replies":[{"embeddable":true,"href":"https:\/\/a-pant.ee\/ru\/wp-json\/wp\/v2\/comments?post=24598"}],"wp:featuredmedia":[{"embeddable":true,"href":"https:\/\/a-pant.ee\/ru\/wp-json\/wp\/v2\/media\/24599"}],"wp:attachment":[{"href":"https:\/\/a-pant.ee\/ru\/wp-json\/wp\/v2\/media?parent=24598"}],"wp:term":[{"taxonomy":"product_brand","embeddable":true,"href":"https:\/\/a-pant.ee\/ru\/wp-json\/wp\/v2\/product_brand?post=24598"},{"taxonomy":"product_cat","embeddable":true,"href":"https:\/\/a-pant.ee\/ru\/wp-json\/wp\/v2\/product_cat?post=24598"},{"taxonomy":"product_tag","embeddable":true,"href":"https:\/\/a-pant.ee\/ru\/wp-json\/wp\/v2\/product_tag?post=24598"}],"curies":[{"name":"wp","href":"https:\/\/api.w.org\/{rel}","templated":true}]}}