{"id":24588,"date":"2026-02-04T01:45:17","date_gmt":"2026-02-03T22:45:17","guid":{"rendered":"https:\/\/a-pant.ee\/product\/nabor-instrumentov-makita-lct204-df330-td090\/"},"modified":"2026-02-22T12:38:08","modified_gmt":"2026-02-22T09:38:08","slug":"nabor-instrumentov-makita-lct204-df330-td090108-v","status":"publish","type":"product","link":"https:\/\/a-pant.ee\/ru\/product\/nabor-instrumentov-makita-lct204-df330-td090108-v\/","title":{"rendered":"\u041d\u0430\u0431\u043e\u0440 \u0438\u043d\u0441\u0442\u0440\u0443\u043c\u0435\u043d\u0442\u043e\u0432 Makita LCT204 (DF330 + TD090)10,8 V"},"content":{"rendered":"\n<p> T\u00f6\u00f6riistakomplekt Makita LCT204 (DF330 + TD090)10,8 V + LAADIJA, heas seisu- ja t\u00f6\u00f6korras! <\/p><p> KIRJELDUS <\/p><p> Tootja Makita <br \/> Kogukaal koos pakendiga 4.2 kg <br \/> Mootori t\u00fc\u00fcp Akutoitega <br \/> Akukeemia Li-Ion (Liitiumioonaku) <br \/> Aku pinge 10,8 V <br \/> Aku maht 1,3 Ah <br \/> Aku maht ja suurus 2&#215;1,3 Ah <br \/> Professionaalidele \/ Asjaarmastajatele Professionaalidele <br \/> Trell-kruvikeeraja Metabo ASE 18 LTX <br \/> L\u00f6\u00f6ktrelli l\u00f6\u00f6ke minutis 0-3000 min-1 <br \/> L\u00f6\u00f6kkruvikeeraja Makita TD090 <br \/> L\u00f6\u00f6ktrelli kiirus koormuseta 0-2400 min-1 <br \/> L\u00f6\u00f6kkruvikeeraja standard kruvi diameeter M5-M12 <br \/> L\u00f6\u00f6kfunktsioon v\u00f5imaldab kiiresti kruvisid nii kinni kui ka lahti kruvida Jah <br \/> Kiirus koormuseta 0-350\/0-1300 min-1 <br \/> Kaasas laadija Jah <br \/> Kas komplekt sisaldab kandekohvrit Jah <br \/> Sisseehitatud LED-valgustus Jah <br \/> T\u00e4htis m\u00e4rkus Aku saavutab oma t\u00e4ieliku mahtuvuse peale 3-4 laadimist <\/p>\n","protected":false},"excerpt":{"rendered":"<p>T\u00f6\u00f6riistakomplekt Makita LCT204 (DF330 + TD090)10,8 V + LAADIJA, heas seisu- ja t\u00f6\u00f6korras! KIRJELDUS Tootja Makita Kogukaal koos pakendiga 4.2 kg Mootori t\u00fc\u00fcp Akutoitega Akukeemia Li-Ion (Liitiumioonaku) Aku pinge 10,8 V Aku maht 1,3 Ah Aku maht ja suurus 2&#215;1,3 Ah Professionaalidele \/ Asjaarmastajatele Professionaalidele Trell-kruvikeeraja Metabo ASE 18 LTX L\u00f6\u00f6ktrelli l\u00f6\u00f6ke minutis 0-3000 min-1 [&hellip;]<\/p>\n","protected":false},"featured_media":24589,"comment_status":"closed","ping_status":"open","template":"","meta":{"inline_featured_image":false},"product_brand":[],"product_cat":[221],"product_tag":[],"class_list":{"0":"post-24588","1":"product","2":"type-product","3":"status-publish","4":"has-post-thumbnail","6":"product_cat-akkumulyatornye-dreli","7":"pa_asukoht-mustamae","8":"pa_seisukord-ispolzovano","10":"first","11":"instock","12":"taxable","13":"shipping-taxable","14":"purchasable","15":"product-type-simple"},"_links":{"self":[{"href":"https:\/\/a-pant.ee\/ru\/wp-json\/wp\/v2\/product\/24588","targetHints":{"allow":["GET"]}}],"collection":[{"href":"https:\/\/a-pant.ee\/ru\/wp-json\/wp\/v2\/product"}],"about":[{"href":"https:\/\/a-pant.ee\/ru\/wp-json\/wp\/v2\/types\/product"}],"replies":[{"embeddable":true,"href":"https:\/\/a-pant.ee\/ru\/wp-json\/wp\/v2\/comments?post=24588"}],"wp:featuredmedia":[{"embeddable":true,"href":"https:\/\/a-pant.ee\/ru\/wp-json\/wp\/v2\/media\/24589"}],"wp:attachment":[{"href":"https:\/\/a-pant.ee\/ru\/wp-json\/wp\/v2\/media?parent=24588"}],"wp:term":[{"taxonomy":"product_brand","embeddable":true,"href":"https:\/\/a-pant.ee\/ru\/wp-json\/wp\/v2\/product_brand?post=24588"},{"taxonomy":"product_cat","embeddable":true,"href":"https:\/\/a-pant.ee\/ru\/wp-json\/wp\/v2\/product_cat?post=24588"},{"taxonomy":"product_tag","embeddable":true,"href":"https:\/\/a-pant.ee\/ru\/wp-json\/wp\/v2\/product_tag?post=24588"}],"curies":[{"name":"wp","href":"https:\/\/api.w.org\/{rel}","templated":true}]}}