{"id":24576,"date":"2026-02-04T01:45:17","date_gmt":"2026-02-03T22:45:17","guid":{"rendered":"https:\/\/a-pant.ee\/product\/noutbuk-asus-r416n-zaryadka\/"},"modified":"2026-02-22T12:38:08","modified_gmt":"2026-02-22T09:38:08","slug":"noutbuk-asus-r416n-zaryadka-korobka","status":"publish","type":"product","link":"https:\/\/a-pant.ee\/ru\/product\/noutbuk-asus-r416n-zaryadka-korobka\/","title":{"rendered":"\u041d\u043e\u0443\u0442\u0431\u0443\u043a Asus R416N + \u0437\u0430\u0440\u044f\u0434\u043a\u0430 + \u043a\u043e\u0440\u043e\u0431\u043a\u0430"},"content":{"rendered":"\n<p> S\u00fclearvuti Asus R416N + laadija\u00a0, heas seisu- ja t\u00f6\u00f6korras! <\/p><p> Protsessor (CPU) : Intel\u00ae Celeron N3350 1.10ghz <\/p><p> Operatiiv m\u00e4lu : 4 GB <\/p><p> Videokaart (CPU): Intel UHD Graphics 500 128mb <\/p><p> K\u00f5vaketas SSD 64 GB <\/p><p> Operatsioonis\u00fcsteem:Windows 11 <\/p><p> Ekraan 14 <\/p>\n","protected":false},"excerpt":{"rendered":"<p>S\u00fclearvuti Asus R416N + laadija\u00a0, heas seisu- ja t\u00f6\u00f6korras! Protsessor (CPU) : Intel\u00ae Celeron N3350 1.10ghz Operatiiv m\u00e4lu : 4 GB Videokaart (CPU): Intel UHD Graphics 500 128mb K\u00f5vaketas SSD 64 GB Operatsioonis\u00fcsteem:Windows 11 Ekraan 14<\/p>\n","protected":false},"featured_media":24577,"comment_status":"closed","ping_status":"open","template":"","meta":{"inline_featured_image":false},"product_brand":[],"product_cat":[179],"product_tag":[],"class_list":{"0":"post-24576","1":"product","2":"type-product","3":"status-publish","4":"has-post-thumbnail","6":"product_cat-noutbuki","7":"pa_asukoht-mustamae","8":"pa_seisukord-ispolzovano","10":"first","11":"instock","12":"taxable","13":"shipping-taxable","14":"purchasable","15":"product-type-simple"},"_links":{"self":[{"href":"https:\/\/a-pant.ee\/ru\/wp-json\/wp\/v2\/product\/24576","targetHints":{"allow":["GET"]}}],"collection":[{"href":"https:\/\/a-pant.ee\/ru\/wp-json\/wp\/v2\/product"}],"about":[{"href":"https:\/\/a-pant.ee\/ru\/wp-json\/wp\/v2\/types\/product"}],"replies":[{"embeddable":true,"href":"https:\/\/a-pant.ee\/ru\/wp-json\/wp\/v2\/comments?post=24576"}],"wp:featuredmedia":[{"embeddable":true,"href":"https:\/\/a-pant.ee\/ru\/wp-json\/wp\/v2\/media\/24577"}],"wp:attachment":[{"href":"https:\/\/a-pant.ee\/ru\/wp-json\/wp\/v2\/media?parent=24576"}],"wp:term":[{"taxonomy":"product_brand","embeddable":true,"href":"https:\/\/a-pant.ee\/ru\/wp-json\/wp\/v2\/product_brand?post=24576"},{"taxonomy":"product_cat","embeddable":true,"href":"https:\/\/a-pant.ee\/ru\/wp-json\/wp\/v2\/product_cat?post=24576"},{"taxonomy":"product_tag","embeddable":true,"href":"https:\/\/a-pant.ee\/ru\/wp-json\/wp\/v2\/product_tag?post=24576"}],"curies":[{"name":"wp","href":"https:\/\/api.w.org\/{rel}","templated":true}]}}