{"id":24535,"date":"2026-02-04T01:45:17","date_gmt":"2026-02-03T22:45:17","guid":{"rendered":"https:\/\/a-pant.ee\/product\/smart-chasy-amazfit-gtr-3-pro-zaryadka-remeshok\/"},"modified":"2026-02-22T12:38:07","modified_gmt":"2026-02-22T09:38:07","slug":"smart-chasy-amazfit-gtr-3-pro-zaryadka-remeshok","status":"publish","type":"product","link":"https:\/\/a-pant.ee\/ru\/product\/smart-chasy-amazfit-gtr-3-pro-zaryadka-remeshok\/","title":{"rendered":"\u0421\u043c\u0430\u0440\u0442 \u0447\u0430\u0441\u044b Amazfit GTR 3 Pro + \u0417\u0430\u0440\u044f\u0434\u043a\u0430 + \u0420\u0435\u043c\u0435\u0448\u043e\u043a"},"content":{"rendered":"\n<p> Nutikell Amazfit GTR 3 Pro + Laadija + Rihm, heas seisu- ja t\u00f6\u00f6korras! <\/p><p> KIRJELDUS <\/p><p> Ekraan <br \/> 1,45 tolli (480 x 480) AMOLED <br \/> Korpuse materjal <br \/> alumiiniumist <br \/> K\u00e4ev\u00f5ru\/rihma materjal <br \/> silikoon <br \/> Turvalisus <br \/> niiskuse kaitse <br \/> \u00dchilduvus <br \/> Android, iOS, iOS, Android <br \/> Juhtmeta \u00fchendus <br \/> Bluetooth, GPS, Galileo, QZSS, Wi-Fi, GLONASS <br \/> J\u00e4relevalve <br \/> kiirendusm\u00f5\u00f5tur, kalorid, pulss, uni, kehatemperatuur, vere hapnikutase, f\u00fc\u00fcsiline aktiivsus, pulsim\u00f5\u00f5tja vere hapnikutase t\u00b0 \u00fcmbritseva keskkonna loendus, uni, kalorid, f\u00fc\u00fcsiline aktiivsus, vere hapnikutase <\/p>\n","protected":false},"excerpt":{"rendered":"<p>Nutikell Amazfit GTR 3 Pro + Laadija + Rihm, heas seisu- ja t\u00f6\u00f6korras! KIRJELDUS Ekraan 1,45 tolli (480 x 480) AMOLED Korpuse materjal alumiiniumist K\u00e4ev\u00f5ru\/rihma materjal silikoon Turvalisus niiskuse kaitse \u00dchilduvus Android, iOS, iOS, Android Juhtmeta \u00fchendus Bluetooth, GPS, Galileo, QZSS, Wi-Fi, GLONASS J\u00e4relevalve kiirendusm\u00f5\u00f5tur, kalorid, pulss, uni, kehatemperatuur, vere hapnikutase, f\u00fc\u00fcsiline aktiivsus, pulsim\u00f5\u00f5tja vere [&hellip;]<\/p>\n","protected":false},"featured_media":24536,"comment_status":"closed","ping_status":"open","template":"","meta":{"inline_featured_image":false},"product_brand":[],"product_cat":[176],"product_tag":[],"class_list":{"0":"post-24535","1":"product","2":"type-product","3":"status-publish","4":"has-post-thumbnail","6":"product_cat-smart-chasy","7":"pa_asukoht-mustamae","8":"pa_seisukord-ispolzovano","10":"first","11":"instock","12":"taxable","13":"shipping-taxable","14":"purchasable","15":"product-type-simple"},"_links":{"self":[{"href":"https:\/\/a-pant.ee\/ru\/wp-json\/wp\/v2\/product\/24535","targetHints":{"allow":["GET"]}}],"collection":[{"href":"https:\/\/a-pant.ee\/ru\/wp-json\/wp\/v2\/product"}],"about":[{"href":"https:\/\/a-pant.ee\/ru\/wp-json\/wp\/v2\/types\/product"}],"replies":[{"embeddable":true,"href":"https:\/\/a-pant.ee\/ru\/wp-json\/wp\/v2\/comments?post=24535"}],"wp:featuredmedia":[{"embeddable":true,"href":"https:\/\/a-pant.ee\/ru\/wp-json\/wp\/v2\/media\/24536"}],"wp:attachment":[{"href":"https:\/\/a-pant.ee\/ru\/wp-json\/wp\/v2\/media?parent=24535"}],"wp:term":[{"taxonomy":"product_brand","embeddable":true,"href":"https:\/\/a-pant.ee\/ru\/wp-json\/wp\/v2\/product_brand?post=24535"},{"taxonomy":"product_cat","embeddable":true,"href":"https:\/\/a-pant.ee\/ru\/wp-json\/wp\/v2\/product_cat?post=24535"},{"taxonomy":"product_tag","embeddable":true,"href":"https:\/\/a-pant.ee\/ru\/wp-json\/wp\/v2\/product_tag?post=24535"}],"curies":[{"name":"wp","href":"https:\/\/api.w.org\/{rel}","templated":true}]}}