{"id":24516,"date":"2026-02-04T01:41:44","date_gmt":"2026-02-03T22:41:44","guid":{"rendered":"https:\/\/a-pant.ee\/product\/smartfon-xiaomi-13t-8gb-256gb-black\/"},"modified":"2026-02-22T12:39:28","modified_gmt":"2026-02-22T09:39:28","slug":"smartfon-xiaomi-13t-8gb-256gb-blackpolnyj-komlekt","status":"publish","type":"product","link":"https:\/\/a-pant.ee\/ru\/product\/smartfon-xiaomi-13t-8gb-256gb-blackpolnyj-komlekt\/","title":{"rendered":"\u0421\u043c\u0430\u0440\u0442\u0444\u043e\u043d Xiaomi 13T 8GB\/256GB Black(\u043f\u043e\u043b\u043d\u044b\u0439 \u043a\u043e\u043c\u043b\u0435\u043a\u0442)"},"content":{"rendered":"\n<p> Telefon Xiaomi 13T 8GB\/256GB Black\u00a0, nagu uus .heas seisu- ja t\u00f6\u00f6korras! <\/p><p> karp + laadija <\/p><p><br \/> Ekraan <br \/> 6,67 tolli (2712 x 1220) AMOLED 144 Hz <br \/> M\u00e4lu <br \/> sisseehitatud 256 GB, RAM 8 GB <br \/> Foto <br \/> 3 kaamerat, p\u00f5hiline 50 MP <br \/> Aku <br \/> 5000 mAh <br \/> Protsessor <br \/> Mediatek Dimensity 8200 Ultra <br \/> SIM-kaardid <br \/> Kaks nano-SIM-kaarti <br \/> operatsioonis\u00fcsteem <br \/> Android 13 <\/p>\n","protected":false},"excerpt":{"rendered":"<p>Telefon Xiaomi 13T 8GB\/256GB Black\u00a0, nagu uus .heas seisu- ja t\u00f6\u00f6korras! karp + laadija Ekraan 6,67 tolli (2712 x 1220) AMOLED 144 Hz M\u00e4lu sisseehitatud 256 GB, RAM 8 GB Foto 3 kaamerat, p\u00f5hiline 50 MP Aku 5000 mAh Protsessor Mediatek Dimensity 8200 Ultra SIM-kaardid Kaks nano-SIM-kaarti operatsioonis\u00fcsteem Android 13<\/p>\n","protected":false},"featured_media":24517,"comment_status":"closed","ping_status":"open","template":"","meta":{"inline_featured_image":false},"product_brand":[],"product_cat":[171],"product_tag":[],"class_list":{"0":"post-24516","1":"product","2":"type-product","3":"status-publish","4":"has-post-thumbnail","6":"product_cat-mobilnye-telefony","7":"pa_asukoht-mustamae","8":"pa_seisukord-ispolzovano","10":"first","11":"instock","12":"taxable","13":"shipping-taxable","14":"purchasable","15":"product-type-simple"},"_links":{"self":[{"href":"https:\/\/a-pant.ee\/ru\/wp-json\/wp\/v2\/product\/24516","targetHints":{"allow":["GET"]}}],"collection":[{"href":"https:\/\/a-pant.ee\/ru\/wp-json\/wp\/v2\/product"}],"about":[{"href":"https:\/\/a-pant.ee\/ru\/wp-json\/wp\/v2\/types\/product"}],"replies":[{"embeddable":true,"href":"https:\/\/a-pant.ee\/ru\/wp-json\/wp\/v2\/comments?post=24516"}],"wp:featuredmedia":[{"embeddable":true,"href":"https:\/\/a-pant.ee\/ru\/wp-json\/wp\/v2\/media\/24517"}],"wp:attachment":[{"href":"https:\/\/a-pant.ee\/ru\/wp-json\/wp\/v2\/media?parent=24516"}],"wp:term":[{"taxonomy":"product_brand","embeddable":true,"href":"https:\/\/a-pant.ee\/ru\/wp-json\/wp\/v2\/product_brand?post=24516"},{"taxonomy":"product_cat","embeddable":true,"href":"https:\/\/a-pant.ee\/ru\/wp-json\/wp\/v2\/product_cat?post=24516"},{"taxonomy":"product_tag","embeddable":true,"href":"https:\/\/a-pant.ee\/ru\/wp-json\/wp\/v2\/product_tag?post=24516"}],"curies":[{"name":"wp","href":"https:\/\/api.w.org\/{rel}","templated":true}]}}