{"id":24510,"date":"2026-02-04T01:41:44","date_gmt":"2026-02-03T22:41:44","guid":{"rendered":"https:\/\/a-pant.ee\/product\/lazernyj-uroven-laserliner-superplane-laser-3d-plus\/"},"modified":"2026-02-22T12:39:28","modified_gmt":"2026-02-22T09:39:28","slug":"lazernyj-uroven-laserliner-superplane-laser-3d-plus","status":"publish","type":"product","link":"https:\/\/a-pant.ee\/ru\/product\/lazernyj-uroven-laserliner-superplane-laser-3d-plus\/","title":{"rendered":"\u041b\u0430\u0437\u0435\u0440\u043d\u044b\u0439 \u0443\u0440\u043e\u0432\u0435\u043d\u044c Laserliner SuperPlane-Laser 3D Plus"},"content":{"rendered":"\n<p> Laserliner SuperPlane-Laser 3D Plus spetsifikatsioonid\u00a0, heas seisu- ja t\u00f6\u00f6korras! <\/p><p> kohver + ostik + prillid <\/p><p><br \/> Br\u00e4nd <br \/> Laserlainer <br \/> Kategooria <br \/> Laseri tasemed ja tasemed <br \/> Tala v\u00e4rv <br \/> punane <br \/> Automaatne nivelleerimine <br \/> Jah <br \/> T\u00fc\u00fcp <br \/> lineaarne laser <br \/> Kiirte arv <br \/> 3 <br \/> Tala t\u00fc\u00fcp <br \/> vertikaalne, horisontaalne, rist <\/p>\n","protected":false},"excerpt":{"rendered":"<p>Laserliner SuperPlane-Laser 3D Plus spetsifikatsioonid\u00a0, heas seisu- ja t\u00f6\u00f6korras! kohver + ostik + prillid Br\u00e4nd Laserlainer Kategooria Laseri tasemed ja tasemed Tala v\u00e4rv punane Automaatne nivelleerimine Jah T\u00fc\u00fcp lineaarne laser Kiirte arv 3 Tala t\u00fc\u00fcp vertikaalne, horisontaalne, rist<\/p>\n","protected":false},"featured_media":24511,"comment_status":"closed","ping_status":"open","template":"","meta":{"inline_featured_image":false},"product_brand":[],"product_cat":[232],"product_tag":[],"class_list":{"0":"post-24510","1":"product","2":"type-product","3":"status-publish","4":"has-post-thumbnail","6":"product_cat-lazernye-niveliry","7":"pa_asukoht-mustamae","8":"pa_seisukord-ispolzovano","10":"first","11":"instock","12":"taxable","13":"shipping-taxable","14":"purchasable","15":"product-type-simple"},"_links":{"self":[{"href":"https:\/\/a-pant.ee\/ru\/wp-json\/wp\/v2\/product\/24510","targetHints":{"allow":["GET"]}}],"collection":[{"href":"https:\/\/a-pant.ee\/ru\/wp-json\/wp\/v2\/product"}],"about":[{"href":"https:\/\/a-pant.ee\/ru\/wp-json\/wp\/v2\/types\/product"}],"replies":[{"embeddable":true,"href":"https:\/\/a-pant.ee\/ru\/wp-json\/wp\/v2\/comments?post=24510"}],"wp:featuredmedia":[{"embeddable":true,"href":"https:\/\/a-pant.ee\/ru\/wp-json\/wp\/v2\/media\/24511"}],"wp:attachment":[{"href":"https:\/\/a-pant.ee\/ru\/wp-json\/wp\/v2\/media?parent=24510"}],"wp:term":[{"taxonomy":"product_brand","embeddable":true,"href":"https:\/\/a-pant.ee\/ru\/wp-json\/wp\/v2\/product_brand?post=24510"},{"taxonomy":"product_cat","embeddable":true,"href":"https:\/\/a-pant.ee\/ru\/wp-json\/wp\/v2\/product_cat?post=24510"},{"taxonomy":"product_tag","embeddable":true,"href":"https:\/\/a-pant.ee\/ru\/wp-json\/wp\/v2\/product_tag?post=24510"}],"curies":[{"name":"wp","href":"https:\/\/api.w.org\/{rel}","templated":true}]}}