{"id":24497,"date":"2026-02-04T01:41:44","date_gmt":"2026-02-03T22:41:44","guid":{"rendered":"https:\/\/a-pant.ee\/product\/huawei-watch-gt-ftn-b19-zaryadka\/"},"modified":"2026-02-22T12:38:11","modified_gmt":"2026-02-22T09:38:11","slug":"huawei-watch-gt-ftn-b19-zaryadka","status":"publish","type":"product","link":"https:\/\/a-pant.ee\/ru\/product\/huawei-watch-gt-ftn-b19-zaryadka\/","title":{"rendered":"Huawei Watch GT FTN-B19 + \u0437\u0430\u0440\u044f\u0434\u043a\u0430"},"content":{"rendered":"\n<p> Nutikell Huawei Watch GT FTN-B19 + laadija\u00a0, heas seisu- ja t\u00f6\u00f6korras! <\/p><p> \u00dcldised omadused <br \/> Artikkel\/kood\/mudel\/tootja osanumber FTN-B19 <br \/> Sisestage nutikell <br \/> \u00dchildub iOS, Android OS-iga <br \/> Android 4.4 minimaalselt toetatud versioon <br \/> iOS 9 minimaalselt toetatud versioon <br \/> M\u00e4rguanded SMS-i, e-posti, kalendri, Facebooki, Twitteri, ilma vaatamise v\u00f5i vastamisega <br \/> Vibratsioon on olemas <br \/> Disain ja v\u00e4limus <br \/> Korpuse materjal roostevaba teras terasest <br \/> K\u00e4ev\u00f5ru\/rihma materjal nahk, silikoon <br \/> Digitaalne (elektrooniline) aja kuvamise meetod <br \/> Olemas niiskuskaitse <br \/> Veekindlusklass WR50 (du\u0161\u0161, ujumine ilma sukeldumiseta) <br \/> K\u00e4ev\u00f5ru\/rihma on v\u00f5imalik vahetada <br \/> Saadaval k\u00e4ev\u00f5ru\/rihma pikkuse reguleerimine <br \/> M\u00f5\u00f5dud (LxKxS) 46,5&#215;46,5&#215;10,6 mm <br \/> Kaal 46 g <br \/> Ekraan <br \/> Ekraani olemasolu jah <br \/> T\u00fc\u00fcp AMOLED, puutetundlik, taustvalgustusega <br \/> Diagonaal 1,39&#8243; <br \/> Eraldusv\u00f5ime 454&#215;454 <br \/> Piksleid tolli kohta (PPI) 327 <br \/> Multimeedia v\u00f5imalused <br \/> K\u00f5rvaklappide pesa puudub <br \/> \u00dchendus <br \/> Telefonik\u00f5nede m\u00e4rguanne sissetuleva k\u00f5ne kohta <br \/> Mobiilne internet puudub <br \/> Navigatsioon GPS, GLONASS <br \/> Liidesed Bluetooth 4.2 LE <br \/> M\u00e4lu ja protsessor <br \/> Sisseehitatud m\u00e4lu 128 MB <br \/> RAM-i maht 16 MB <\/p>\n","protected":false},"excerpt":{"rendered":"<p>Nutikell Huawei Watch GT FTN-B19 + laadija\u00a0, heas seisu- ja t\u00f6\u00f6korras! \u00dcldised omadused Artikkel\/kood\/mudel\/tootja osanumber FTN-B19 Sisestage nutikell \u00dchildub iOS, Android OS-iga Android 4.4 minimaalselt toetatud versioon iOS 9 minimaalselt toetatud versioon M\u00e4rguanded SMS-i, e-posti, kalendri, Facebooki, Twitteri, ilma vaatamise v\u00f5i vastamisega Vibratsioon on olemas Disain ja v\u00e4limus Korpuse materjal roostevaba teras terasest K\u00e4ev\u00f5ru\/rihma materjal [&hellip;]<\/p>\n","protected":false},"featured_media":24498,"comment_status":"closed","ping_status":"open","template":"","meta":{"inline_featured_image":false},"product_brand":[],"product_cat":[176],"product_tag":[],"class_list":{"0":"post-24497","1":"product","2":"type-product","3":"status-publish","4":"has-post-thumbnail","6":"product_cat-smart-chasy","7":"pa_asukoht-mustamae","8":"pa_seisukord-ispolzovano","10":"first","11":"instock","12":"taxable","13":"shipping-taxable","14":"purchasable","15":"product-type-simple"},"_links":{"self":[{"href":"https:\/\/a-pant.ee\/ru\/wp-json\/wp\/v2\/product\/24497","targetHints":{"allow":["GET"]}}],"collection":[{"href":"https:\/\/a-pant.ee\/ru\/wp-json\/wp\/v2\/product"}],"about":[{"href":"https:\/\/a-pant.ee\/ru\/wp-json\/wp\/v2\/types\/product"}],"replies":[{"embeddable":true,"href":"https:\/\/a-pant.ee\/ru\/wp-json\/wp\/v2\/comments?post=24497"}],"wp:featuredmedia":[{"embeddable":true,"href":"https:\/\/a-pant.ee\/ru\/wp-json\/wp\/v2\/media\/24498"}],"wp:attachment":[{"href":"https:\/\/a-pant.ee\/ru\/wp-json\/wp\/v2\/media?parent=24497"}],"wp:term":[{"taxonomy":"product_brand","embeddable":true,"href":"https:\/\/a-pant.ee\/ru\/wp-json\/wp\/v2\/product_brand?post=24497"},{"taxonomy":"product_cat","embeddable":true,"href":"https:\/\/a-pant.ee\/ru\/wp-json\/wp\/v2\/product_cat?post=24497"},{"taxonomy":"product_tag","embeddable":true,"href":"https:\/\/a-pant.ee\/ru\/wp-json\/wp\/v2\/product_tag?post=24497"}],"curies":[{"name":"wp","href":"https:\/\/api.w.org\/{rel}","templated":true}]}}