{"id":24491,"date":"2026-02-04T01:41:44","date_gmt":"2026-02-03T22:41:44","guid":{"rendered":"https:\/\/a-pant.ee\/product\/lobzik-metabo-ste100-quick\/"},"modified":"2026-02-22T12:38:10","modified_gmt":"2026-02-22T09:38:10","slug":"lobzik-metabo-ste100-quick","status":"publish","type":"product","link":"https:\/\/a-pant.ee\/ru\/product\/lobzik-metabo-ste100-quick\/","title":{"rendered":"\u041b\u043e\u0431\u0437\u0438\u043a Metabo STE100 Quick"},"content":{"rendered":"\n<p> Tikksaag Metabo STE100 Quick\u00a0, heas seisu- ja t\u00f6\u00f6korras! <\/p><p> KIRJELDUS <\/p><p> Metabo STE 100 Quick. <\/p><p> Varre pikkus: \u00dclemine k\u00e4epide, <\/p><p> Toote v\u00e4rv: Roheline. <\/p><p> T\u00fchik\u00e4igu p\u00f6\u00f6rded (max): 3100 spm, <\/p><p> L\u00f5ikamiss\u00fcgavus puidu puhul: 10 cm, <\/p><p> Vabak\u00e4igu kiirus (min): 1000 spm. <\/p><p> Toiteallikas: Vahelduvvool, <\/p><p> Sisendv\u00f5imsus: 710 W, <\/p><p> V\u00e4ljundv\u00f5imsus: 470 W. <\/p><p> Kaal: 2 kg <\/p>\n","protected":false},"excerpt":{"rendered":"<p>Tikksaag Metabo STE100 Quick\u00a0, heas seisu- ja t\u00f6\u00f6korras! KIRJELDUS Metabo STE 100 Quick. Varre pikkus: \u00dclemine k\u00e4epide, Toote v\u00e4rv: Roheline. T\u00fchik\u00e4igu p\u00f6\u00f6rded (max): 3100 spm, L\u00f5ikamiss\u00fcgavus puidu puhul: 10 cm, Vabak\u00e4igu kiirus (min): 1000 spm. Toiteallikas: Vahelduvvool, Sisendv\u00f5imsus: 710 W, V\u00e4ljundv\u00f5imsus: 470 W. Kaal: 2 kg<\/p>\n","protected":false},"featured_media":24492,"comment_status":"closed","ping_status":"open","template":"","meta":{"inline_featured_image":false},"product_brand":[],"product_cat":[244],"product_tag":[],"class_list":{"0":"post-24491","1":"product","2":"type-product","3":"status-publish","4":"has-post-thumbnail","6":"product_cat-lobziki","7":"pa_asukoht-lasnamae","8":"pa_seisukord-ispolzovano","10":"first","11":"outofstock","12":"taxable","13":"shipping-taxable","14":"purchasable","15":"product-type-simple"},"_links":{"self":[{"href":"https:\/\/a-pant.ee\/ru\/wp-json\/wp\/v2\/product\/24491","targetHints":{"allow":["GET"]}}],"collection":[{"href":"https:\/\/a-pant.ee\/ru\/wp-json\/wp\/v2\/product"}],"about":[{"href":"https:\/\/a-pant.ee\/ru\/wp-json\/wp\/v2\/types\/product"}],"replies":[{"embeddable":true,"href":"https:\/\/a-pant.ee\/ru\/wp-json\/wp\/v2\/comments?post=24491"}],"wp:featuredmedia":[{"embeddable":true,"href":"https:\/\/a-pant.ee\/ru\/wp-json\/wp\/v2\/media\/24492"}],"wp:attachment":[{"href":"https:\/\/a-pant.ee\/ru\/wp-json\/wp\/v2\/media?parent=24491"}],"wp:term":[{"taxonomy":"product_brand","embeddable":true,"href":"https:\/\/a-pant.ee\/ru\/wp-json\/wp\/v2\/product_brand?post=24491"},{"taxonomy":"product_cat","embeddable":true,"href":"https:\/\/a-pant.ee\/ru\/wp-json\/wp\/v2\/product_cat?post=24491"},{"taxonomy":"product_tag","embeddable":true,"href":"https:\/\/a-pant.ee\/ru\/wp-json\/wp\/v2\/product_tag?post=24491"}],"curies":[{"name":"wp","href":"https:\/\/api.w.org\/{rel}","templated":true}]}}