{"id":24483,"date":"2026-02-04T01:41:44","date_gmt":"2026-02-03T22:41:44","guid":{"rendered":"https:\/\/a-pant.ee\/product\/akkumulyatornaya-drel-dexter-power-5227-2a\/"},"modified":"2026-02-22T12:38:10","modified_gmt":"2026-02-22T09:38:10","slug":"akkumulyatornaya-drel-dexter-power-5227-2a-aku-zaryadka","status":"publish","type":"product","link":"https:\/\/a-pant.ee\/ru\/product\/akkumulyatornaya-drel-dexter-power-5227-2a-aku-zaryadka\/","title":{"rendered":"\u0410\u043a\u043a\u0443\u043c\u0443\u043b\u044f\u0442\u043e\u0440\u043d\u0430\u044f \u0434\u0440\u0435\u043b\u044c Dexter Power 5227.2A + \u0410\u043a\u0443 + \u0417\u0430\u0440\u044f\u0434\u043a\u0430"},"content":{"rendered":"\n<p> Akutrell Dexter Power 5227.2A-1.5AH + Aku + Laadija, heas seisu- ja t\u00f6\u00f6korras! <\/p><p> KIRJELDUS <\/p><p> T\u00f6\u00f6riista t\u00fc\u00fcp <br \/> puur\/keeraja <br \/> Toitumine <br \/> akust <br \/> Padruni l\u00e4bim\u00f5\u00f5t <br \/> 10 mm <br \/> T\u00e4iendavad t\u00f6\u00f6re\u017eiimid <br \/> puurimine <br \/> Kaal <br \/> 1 kg <\/p>\n","protected":false},"excerpt":{"rendered":"<p>Akutrell Dexter Power 5227.2A-1.5AH + Aku + Laadija, heas seisu- ja t\u00f6\u00f6korras! KIRJELDUS T\u00f6\u00f6riista t\u00fc\u00fcp puur\/keeraja Toitumine akust Padruni l\u00e4bim\u00f5\u00f5t 10 mm T\u00e4iendavad t\u00f6\u00f6re\u017eiimid puurimine Kaal 1 kg<\/p>\n","protected":false},"featured_media":24484,"comment_status":"closed","ping_status":"open","template":"","meta":{"inline_featured_image":false},"product_brand":[],"product_cat":[221],"product_tag":[],"class_list":{"0":"post-24483","1":"product","2":"type-product","3":"status-publish","4":"has-post-thumbnail","6":"product_cat-akkumulyatornye-dreli","7":"pa_asukoht-mustamae","8":"pa_seisukord-ispolzovano","10":"first","11":"instock","12":"taxable","13":"shipping-taxable","14":"purchasable","15":"product-type-simple"},"_links":{"self":[{"href":"https:\/\/a-pant.ee\/ru\/wp-json\/wp\/v2\/product\/24483","targetHints":{"allow":["GET"]}}],"collection":[{"href":"https:\/\/a-pant.ee\/ru\/wp-json\/wp\/v2\/product"}],"about":[{"href":"https:\/\/a-pant.ee\/ru\/wp-json\/wp\/v2\/types\/product"}],"replies":[{"embeddable":true,"href":"https:\/\/a-pant.ee\/ru\/wp-json\/wp\/v2\/comments?post=24483"}],"wp:featuredmedia":[{"embeddable":true,"href":"https:\/\/a-pant.ee\/ru\/wp-json\/wp\/v2\/media\/24484"}],"wp:attachment":[{"href":"https:\/\/a-pant.ee\/ru\/wp-json\/wp\/v2\/media?parent=24483"}],"wp:term":[{"taxonomy":"product_brand","embeddable":true,"href":"https:\/\/a-pant.ee\/ru\/wp-json\/wp\/v2\/product_brand?post=24483"},{"taxonomy":"product_cat","embeddable":true,"href":"https:\/\/a-pant.ee\/ru\/wp-json\/wp\/v2\/product_cat?post=24483"},{"taxonomy":"product_tag","embeddable":true,"href":"https:\/\/a-pant.ee\/ru\/wp-json\/wp\/v2\/product_tag?post=24483"}],"curies":[{"name":"wp","href":"https:\/\/api.w.org\/{rel}","templated":true}]}}