{"id":24470,"date":"2026-02-04T01:41:44","date_gmt":"2026-02-03T22:41:44","guid":{"rendered":"https:\/\/a-pant.ee\/product\/gazovyj-gvozdezabivnoj-pistolet-paslode-im50-f18\/"},"modified":"2026-02-22T12:38:10","modified_gmt":"2026-02-22T09:38:10","slug":"gazovyj-gvozdezabivnoj-pistolet-paslode-im50-f18-zaryadka","status":"publish","type":"product","link":"https:\/\/a-pant.ee\/ru\/product\/gazovyj-gvozdezabivnoj-pistolet-paslode-im50-f18-zaryadka\/","title":{"rendered":"\u0413\u0430\u0437\u043e\u0432\u044b\u0439 \u0433\u0432\u043e\u0437\u0434\u0435\u0437\u0430\u0431\u0438\u0432\u043d\u043e\u0439 \u043f\u0438\u0441\u0442\u043e\u043b\u0435\u0442 Paslode IM50 F18 + \u0437\u0430\u0440\u044f\u0434\u043a\u0430"},"content":{"rendered":"\n<p> Impulssnaelap\u00fcstol Paslode IM50 F18 + laadija + aku\u00a0, heas seisu- ja t\u00f6\u00f6korras! <\/p><p> Tihvtid: 18GA 16 &#8212; 50 mm. Mahutavus: 100 naela Aku t\u00fc\u00fcp: Ni-Cd &#8212; 6V DC Aku mahutavus: 4000 lasku Gaasiballooni maht: 1000 lasku Kaal koos akuga: 2,3 kg T\u00e4iskaal: 5,73 kg. <\/p>\n","protected":false},"excerpt":{"rendered":"<p>Impulssnaelap\u00fcstol Paslode IM50 F18 + laadija + aku\u00a0, heas seisu- ja t\u00f6\u00f6korras! Tihvtid: 18GA 16 &#8212; 50 mm. Mahutavus: 100 naela Aku t\u00fc\u00fcp: Ni-Cd &#8212; 6V DC Aku mahutavus: 4000 lasku Gaasiballooni maht: 1000 lasku Kaal koos akuga: 2,3 kg T\u00e4iskaal: 5,73 kg.<\/p>\n","protected":false},"featured_media":24471,"comment_status":"closed","ping_status":"open","template":"","meta":{"inline_featured_image":false},"product_brand":[],"product_cat":[224],"product_tag":[],"class_list":{"0":"post-24470","1":"product","2":"type-product","3":"status-publish","4":"has-post-thumbnail","6":"product_cat-gazovye-pistolety","7":"pa_asukoht-lasnamae","8":"pa_seisukord-ispolzovano","10":"first","11":"instock","12":"taxable","13":"shipping-taxable","14":"purchasable","15":"product-type-simple"},"_links":{"self":[{"href":"https:\/\/a-pant.ee\/ru\/wp-json\/wp\/v2\/product\/24470","targetHints":{"allow":["GET"]}}],"collection":[{"href":"https:\/\/a-pant.ee\/ru\/wp-json\/wp\/v2\/product"}],"about":[{"href":"https:\/\/a-pant.ee\/ru\/wp-json\/wp\/v2\/types\/product"}],"replies":[{"embeddable":true,"href":"https:\/\/a-pant.ee\/ru\/wp-json\/wp\/v2\/comments?post=24470"}],"wp:featuredmedia":[{"embeddable":true,"href":"https:\/\/a-pant.ee\/ru\/wp-json\/wp\/v2\/media\/24471"}],"wp:attachment":[{"href":"https:\/\/a-pant.ee\/ru\/wp-json\/wp\/v2\/media?parent=24470"}],"wp:term":[{"taxonomy":"product_brand","embeddable":true,"href":"https:\/\/a-pant.ee\/ru\/wp-json\/wp\/v2\/product_brand?post=24470"},{"taxonomy":"product_cat","embeddable":true,"href":"https:\/\/a-pant.ee\/ru\/wp-json\/wp\/v2\/product_cat?post=24470"},{"taxonomy":"product_tag","embeddable":true,"href":"https:\/\/a-pant.ee\/ru\/wp-json\/wp\/v2\/product_tag?post=24470"}],"curies":[{"name":"wp","href":"https:\/\/api.w.org\/{rel}","templated":true}]}}