{"id":24464,"date":"2026-02-04T01:41:44","date_gmt":"2026-02-03T22:41:44","guid":{"rendered":"https:\/\/a-pant.ee\/product\/noutbuk-hp-elitebook-8460p-zaryadka\/"},"modified":"2026-02-22T12:38:10","modified_gmt":"2026-02-22T09:38:10","slug":"noutbuk-hp-elitebook-8460p-zaryadka","status":"publish","type":"product","link":"https:\/\/a-pant.ee\/ru\/product\/noutbuk-hp-elitebook-8460p-zaryadka\/","title":{"rendered":"\u041d\u043e\u0443\u0442\u0431\u0443\u043a HP EliteBook 8460p + \u0437\u0430\u0440\u044f\u0434\u043a\u0430"},"content":{"rendered":"\n<p> S\u00fclearvuti HP EliteBook 8460p + laadija, heas seisu- ja t\u00f6\u00f6korras! <\/p><p> Protsessor (CPU): Intel(R) Core (TM) 15-2410M CPU @ 2.30GHz (4 CPUS), ~2. 3GHZ <\/p><p> Operatiiv m\u00e4lu: 16384MB RAM <\/p><p> Videokaart :Intel(R) HD Graphics 3000 <\/p><p> K\u00f5vaketas:500GB <\/p><p> Operatsioonis\u00fcsteem: Windows 10 Pro <\/p><p> display 14 <\/p>\n","protected":false},"excerpt":{"rendered":"<p>S\u00fclearvuti HP EliteBook 8460p + laadija, heas seisu- ja t\u00f6\u00f6korras! Protsessor (CPU): Intel(R) Core (TM) 15-2410M CPU @ 2.30GHz (4 CPUS), ~2. 3GHZ Operatiiv m\u00e4lu: 16384MB RAM Videokaart :Intel(R) HD Graphics 3000 K\u00f5vaketas:500GB Operatsioonis\u00fcsteem: Windows 10 Pro display 14<\/p>\n","protected":false},"featured_media":24465,"comment_status":"closed","ping_status":"open","template":"","meta":{"inline_featured_image":false},"product_brand":[],"product_cat":[179],"product_tag":[],"class_list":{"0":"post-24464","1":"product","2":"type-product","3":"status-publish","4":"has-post-thumbnail","6":"product_cat-noutbuki","7":"pa_asukoht-mustamae","8":"pa_seisukord-ispolzovano","10":"first","11":"instock","12":"taxable","13":"shipping-taxable","14":"purchasable","15":"product-type-simple"},"_links":{"self":[{"href":"https:\/\/a-pant.ee\/ru\/wp-json\/wp\/v2\/product\/24464","targetHints":{"allow":["GET"]}}],"collection":[{"href":"https:\/\/a-pant.ee\/ru\/wp-json\/wp\/v2\/product"}],"about":[{"href":"https:\/\/a-pant.ee\/ru\/wp-json\/wp\/v2\/types\/product"}],"replies":[{"embeddable":true,"href":"https:\/\/a-pant.ee\/ru\/wp-json\/wp\/v2\/comments?post=24464"}],"wp:featuredmedia":[{"embeddable":true,"href":"https:\/\/a-pant.ee\/ru\/wp-json\/wp\/v2\/media\/24465"}],"wp:attachment":[{"href":"https:\/\/a-pant.ee\/ru\/wp-json\/wp\/v2\/media?parent=24464"}],"wp:term":[{"taxonomy":"product_brand","embeddable":true,"href":"https:\/\/a-pant.ee\/ru\/wp-json\/wp\/v2\/product_brand?post=24464"},{"taxonomy":"product_cat","embeddable":true,"href":"https:\/\/a-pant.ee\/ru\/wp-json\/wp\/v2\/product_cat?post=24464"},{"taxonomy":"product_tag","embeddable":true,"href":"https:\/\/a-pant.ee\/ru\/wp-json\/wp\/v2\/product_tag?post=24464"}],"curies":[{"name":"wp","href":"https:\/\/api.w.org\/{rel}","templated":true}]}}