{"id":24458,"date":"2026-02-04T01:41:44","date_gmt":"2026-02-03T22:41:44","guid":{"rendered":"https:\/\/a-pant.ee\/product\/prozhektor-novipro-led-50w-ip54\/"},"modified":"2026-02-22T12:38:10","modified_gmt":"2026-02-22T09:38:10","slug":"prozhektor-novipro-led-50w-ip54-4000lm","status":"publish","type":"product","link":"https:\/\/a-pant.ee\/ru\/product\/prozhektor-novipro-led-50w-ip54-4000lm\/","title":{"rendered":"\u041f\u0440\u043e\u0436\u0435\u043a\u0442\u043e\u0440 NOVIPRO LED 50W IP54 4000lm"},"content":{"rendered":"\n<div><\/div><p> PROZEKTOR NOVIPRO LED 50W IP54 4000lm\u00a0, heas seisu- ja t\u00f6\u00f6korras! <\/p><p> KIRJELDUS <\/p><p> Alumiiniumist, kasutamiseks nii sise- kui ka v\u00e4listingimustes, IP54, 4000lm <\/p><p> SMD LED 50W <\/p><p> 220V-240VAC, 50\/60Hz <\/p><p> Kaabli pikkus 3m <\/p>\n","protected":false},"excerpt":{"rendered":"<p>PROZEKTOR NOVIPRO LED 50W IP54 4000lm\u00a0, heas seisu- ja t\u00f6\u00f6korras! KIRJELDUS Alumiiniumist, kasutamiseks nii sise- kui ka v\u00e4listingimustes, IP54, 4000lm SMD LED 50W 220V-240VAC, 50\/60Hz Kaabli pikkus 3m<\/p>\n","protected":false},"featured_media":24459,"comment_status":"closed","ping_status":"open","template":"","meta":{"inline_featured_image":false},"product_brand":[],"product_cat":[246],"product_tag":[],"class_list":{"0":"post-24458","1":"product","2":"type-product","3":"status-publish","4":"has-post-thumbnail","6":"product_cat-instrumenty-drugoe","7":"pa_asukoht-lasnamae","8":"pa_seisukord-ispolzovano","10":"first","11":"instock","12":"taxable","13":"shipping-taxable","14":"purchasable","15":"product-type-simple"},"_links":{"self":[{"href":"https:\/\/a-pant.ee\/ru\/wp-json\/wp\/v2\/product\/24458","targetHints":{"allow":["GET"]}}],"collection":[{"href":"https:\/\/a-pant.ee\/ru\/wp-json\/wp\/v2\/product"}],"about":[{"href":"https:\/\/a-pant.ee\/ru\/wp-json\/wp\/v2\/types\/product"}],"replies":[{"embeddable":true,"href":"https:\/\/a-pant.ee\/ru\/wp-json\/wp\/v2\/comments?post=24458"}],"wp:featuredmedia":[{"embeddable":true,"href":"https:\/\/a-pant.ee\/ru\/wp-json\/wp\/v2\/media\/24459"}],"wp:attachment":[{"href":"https:\/\/a-pant.ee\/ru\/wp-json\/wp\/v2\/media?parent=24458"}],"wp:term":[{"taxonomy":"product_brand","embeddable":true,"href":"https:\/\/a-pant.ee\/ru\/wp-json\/wp\/v2\/product_brand?post=24458"},{"taxonomy":"product_cat","embeddable":true,"href":"https:\/\/a-pant.ee\/ru\/wp-json\/wp\/v2\/product_cat?post=24458"},{"taxonomy":"product_tag","embeddable":true,"href":"https:\/\/a-pant.ee\/ru\/wp-json\/wp\/v2\/product_tag?post=24458"}],"curies":[{"name":"wp","href":"https:\/\/api.w.org\/{rel}","templated":true}]}}