{"id":24451,"date":"2026-02-04T01:41:44","date_gmt":"2026-02-03T22:41:44","guid":{"rendered":"https:\/\/a-pant.ee\/product\/akudrel-fxa-jd6310kit-akumulator-4-0ach\/"},"modified":"2026-02-22T12:38:10","modified_gmt":"2026-02-22T09:38:10","slug":"akudrel-fxa-jd6310kit-aku-40ach","status":"publish","type":"product","link":"https:\/\/a-pant.ee\/ru\/product\/akudrel-fxa-jd6310kit-aku-40ach\/","title":{"rendered":"\u0410\u043a\u0443\u0434\u0440\u0435\u043b\u044c FXA JD6310KIT + \u0410\u043a\u0443 4,0\u0410\u0447"},"content":{"rendered":"\n<p> Akutrell FXA JD6310KIT + Aku 4,0Ah\u00a0, heas seisu- ja t\u00f6\u00f6korras! <\/p><p> Vaata meie teised kuulutused! <\/p><p> Lasnam\u00e4e, Pae 80 <\/p><p> KIRJELDUS <\/p><p> oote omadused <\/p><p> Kaubam\u00e4rk Fxa <\/p><p> Kaal 1,2 kg <\/p><p> V\u00f5imsus ja j\u00f5udlus <\/p><p> Mootori t\u00fc\u00fcp Harjadega <\/p><p> P\u00f6\u00f6rete arv t\u00fchik\u00e4igul 0-1650, 0-440 <\/p><p> Kiiruste arv 2 <\/p><p> Maksimaalne p\u00f6\u00f6rdemoment, Nm40 <\/p><p> K\u00e4igu l\u00e4bim\u00f5\u00f5t 30 mm <\/p><p> Max puidupuuri l\u00e4bim\u00f5\u00f5t 12 mm <\/p><p> Max teraspuuri l\u00e4bim\u00f5\u00f5t 10 mm <\/p><p> \u0160okire\u017eiim Jah <\/p><p> Toitumine <\/p><p> Aku t\u00fc\u00fcp: Li-ion <\/p><p> Aku kaasas Jah <\/p><p> Kaasas olevate patareide arv: 1 <\/p><p> Aku pinge 18 V <\/p>\n","protected":false},"excerpt":{"rendered":"<p>Akutrell FXA JD6310KIT + Aku 4,0Ah\u00a0, heas seisu- ja t\u00f6\u00f6korras! Vaata meie teised kuulutused! Lasnam\u00e4e, Pae 80 KIRJELDUS oote omadused Kaubam\u00e4rk Fxa Kaal 1,2 kg V\u00f5imsus ja j\u00f5udlus Mootori t\u00fc\u00fcp Harjadega P\u00f6\u00f6rete arv t\u00fchik\u00e4igul 0-1650, 0-440 Kiiruste arv 2 Maksimaalne p\u00f6\u00f6rdemoment, Nm40 K\u00e4igu l\u00e4bim\u00f5\u00f5t 30 mm Max puidupuuri l\u00e4bim\u00f5\u00f5t 12 mm Max teraspuuri l\u00e4bim\u00f5\u00f5t 10 [&hellip;]<\/p>\n","protected":false},"featured_media":24452,"comment_status":"closed","ping_status":"open","template":"","meta":{"inline_featured_image":false},"product_brand":[],"product_cat":[221],"product_tag":[],"class_list":{"0":"post-24451","1":"product","2":"type-product","3":"status-publish","4":"has-post-thumbnail","6":"product_cat-akkumulyatornye-dreli","7":"pa_asukoht-lasnamae","8":"pa_seisukord-ispolzovano","10":"first","11":"outofstock","12":"taxable","13":"shipping-taxable","14":"purchasable","15":"product-type-simple"},"_links":{"self":[{"href":"https:\/\/a-pant.ee\/ru\/wp-json\/wp\/v2\/product\/24451","targetHints":{"allow":["GET"]}}],"collection":[{"href":"https:\/\/a-pant.ee\/ru\/wp-json\/wp\/v2\/product"}],"about":[{"href":"https:\/\/a-pant.ee\/ru\/wp-json\/wp\/v2\/types\/product"}],"replies":[{"embeddable":true,"href":"https:\/\/a-pant.ee\/ru\/wp-json\/wp\/v2\/comments?post=24451"}],"wp:featuredmedia":[{"embeddable":true,"href":"https:\/\/a-pant.ee\/ru\/wp-json\/wp\/v2\/media\/24452"}],"wp:attachment":[{"href":"https:\/\/a-pant.ee\/ru\/wp-json\/wp\/v2\/media?parent=24451"}],"wp:term":[{"taxonomy":"product_brand","embeddable":true,"href":"https:\/\/a-pant.ee\/ru\/wp-json\/wp\/v2\/product_brand?post=24451"},{"taxonomy":"product_cat","embeddable":true,"href":"https:\/\/a-pant.ee\/ru\/wp-json\/wp\/v2\/product_cat?post=24451"},{"taxonomy":"product_tag","embeddable":true,"href":"https:\/\/a-pant.ee\/ru\/wp-json\/wp\/v2\/product_tag?post=24451"}],"curies":[{"name":"wp","href":"https:\/\/api.w.org\/{rel}","templated":true}]}}