{"id":24443,"date":"2026-02-04T01:41:44","date_gmt":"2026-02-03T22:41:44","guid":{"rendered":"https:\/\/a-pant.ee\/product\/diskovaya-pila-fxa-j0g-bez-aku\/"},"modified":"2026-02-22T12:38:10","modified_gmt":"2026-02-22T09:38:10","slug":"diskovaya-pila-fxa-j0g-bez-aku","status":"publish","type":"product","link":"https:\/\/a-pant.ee\/ru\/product\/diskovaya-pila-fxa-j0g-bez-aku\/","title":{"rendered":"\u0414\u0438\u0441\u043a\u043e\u0432\u0430\u044f \u043f\u0438\u043b\u0430 FXA J0G \u0431\u0435\u0437 \u0430\u043a\u0443"},"content":{"rendered":"\n<p> \u00a0Kettsaag FXA J0G ilma aku\u00a0, heas seisu- ja t\u00f6\u00f6korras! <\/p><p> KIRJELDUS <\/p><p> Toote t\u00fc\u00fcp Ketassaag <\/p><p> Kaubam\u00e4rk Fxa <\/p><p> Kaal 12 kg <\/p><p> Toiteallikas Aku <\/p><p> V\u00f5imsus 180 W <\/p><p> Pinge 18 V <\/p><p> Maksimaalne kiirus minutis 5000 p\/min <\/p><p> Plaadi l\u00e4bim\u00f5\u00f5t 21 mm <\/p><p> L\u00f5ikes\u00fcgavus 45\u00b040 mm nurga all <\/p><p> L\u00f5ikes\u00fcgavus 90\u00b054 mm nurga all <\/p><p> L\u00f5ikes\u00fcgavuse reguleerimine nr <\/p><p> Lisainfo Ketta l\u00e4bim\u00f5\u00f5t: 21 mm. Pinge: 18V <\/p>\n","protected":false},"excerpt":{"rendered":"<p>\u00a0Kettsaag FXA J0G ilma aku\u00a0, heas seisu- ja t\u00f6\u00f6korras! KIRJELDUS Toote t\u00fc\u00fcp Ketassaag Kaubam\u00e4rk Fxa Kaal 12 kg Toiteallikas Aku V\u00f5imsus 180 W Pinge 18 V Maksimaalne kiirus minutis 5000 p\/min Plaadi l\u00e4bim\u00f5\u00f5t 21 mm L\u00f5ikes\u00fcgavus 45\u00b040 mm nurga all L\u00f5ikes\u00fcgavus 90\u00b054 mm nurga all L\u00f5ikes\u00fcgavuse reguleerimine nr Lisainfo Ketta l\u00e4bim\u00f5\u00f5t: 21 mm. Pinge: 18V<\/p>\n","protected":false},"featured_media":24444,"comment_status":"closed","ping_status":"closed","template":"","meta":{"inline_featured_image":false},"product_brand":[],"product_cat":[227],"product_tag":[],"class_list":{"0":"post-24443","1":"product","2":"type-product","3":"status-publish","4":"has-post-thumbnail","6":"product_cat-torczovochnye-pily","7":"product_shipping_class-oversize","8":"pa_asukoht-lasnamae","9":"pa_seisukord-ispolzovano","11":"first","12":"instock","13":"taxable","14":"shipping-taxable","15":"purchasable","16":"product-type-simple"},"_links":{"self":[{"href":"https:\/\/a-pant.ee\/ru\/wp-json\/wp\/v2\/product\/24443","targetHints":{"allow":["GET"]}}],"collection":[{"href":"https:\/\/a-pant.ee\/ru\/wp-json\/wp\/v2\/product"}],"about":[{"href":"https:\/\/a-pant.ee\/ru\/wp-json\/wp\/v2\/types\/product"}],"replies":[{"embeddable":true,"href":"https:\/\/a-pant.ee\/ru\/wp-json\/wp\/v2\/comments?post=24443"}],"wp:featuredmedia":[{"embeddable":true,"href":"https:\/\/a-pant.ee\/ru\/wp-json\/wp\/v2\/media\/24444"}],"wp:attachment":[{"href":"https:\/\/a-pant.ee\/ru\/wp-json\/wp\/v2\/media?parent=24443"}],"wp:term":[{"taxonomy":"product_brand","embeddable":true,"href":"https:\/\/a-pant.ee\/ru\/wp-json\/wp\/v2\/product_brand?post=24443"},{"taxonomy":"product_cat","embeddable":true,"href":"https:\/\/a-pant.ee\/ru\/wp-json\/wp\/v2\/product_cat?post=24443"},{"taxonomy":"product_tag","embeddable":true,"href":"https:\/\/a-pant.ee\/ru\/wp-json\/wp\/v2\/product_tag?post=24443"}],"curies":[{"name":"wp","href":"https:\/\/api.w.org\/{rel}","templated":true}]}}