{"id":24435,"date":"2026-02-04T01:41:44","date_gmt":"2026-02-03T22:41:44","guid":{"rendered":"https:\/\/a-pant.ee\/product\/perforator-makita-hp2051f-chemodan\/"},"modified":"2026-02-22T12:38:09","modified_gmt":"2026-02-22T09:38:09","slug":"perforator-makita-hp2051f-chemodan","status":"publish","type":"product","link":"https:\/\/a-pant.ee\/ru\/product\/perforator-makita-hp2051f-chemodan\/","title":{"rendered":"\u041f\u0435\u0440\u0444\u043e\u0440\u0430\u0442\u043e\u0440 Makita HP2051F + \u0447\u0435\u043c\u043e\u0434\u0430\u043d"},"content":{"rendered":"\n<p> \u00a0Puurvasar Makita HP2051F + kohver\u00a0, heas seisu- ja t\u00f6\u00f6korras! <\/p><p> KIRJELDUS <\/p><p> Tootja Makita <\/p><p> Kaal 2.3 kg <\/p><p> Professionaalidele \/ Asjaarmastajatele Professionaalidele <\/p><p> T\u00f6\u00f6riista m\u00f5\u00f5tmed 361 mm <\/p><p> Mootori t\u00fc\u00fcp Elektri <\/p><p> Sisendv\u00f5imsus 721 W <\/p><p> Kiirus koormuseta 0-1200\/0-2900 min-1 <\/p><p> Maksimaalne kiirus 2900 \/min <\/p><p> K\u00e4ikude arv 2 k\u00e4iku <\/p><p> L\u00f6\u00f6gisagedus 0-24000\/0-58000 min-1 <\/p><p> Kaabli pikkus 2,5 m <\/p><p> Puuriotsaku maksimaalne l\u00e4bim\u00f5\u00f5t puidu puurimiseks 40 mm <\/p><p> Puuriotsaku maksimaalne l\u00e4bim\u00f5\u00f5t terase puurimiseks 13 mm <\/p><p> Maksimaalne puurimisl\u00e4bim\u00f5\u00f5t betooni puurimisel 21 mm <\/p><p> M\u00fc\u00fcritise puurimiseks (l\u00f6\u00f6kfunktsiooniga) Jah <\/p><p> Komplektis on Plastist k\u00e4epide, S\u00fcgavuse piiraja <\/p><p> Kas komplekt sisaldab kohver Jah <\/p><p> Sisendpinge \/ sagedus 210 &#8212; 240 V \/ 50 &#8212; 60 Hz \/ AC <\/p>\n","protected":false},"excerpt":{"rendered":"<p>\u00a0Puurvasar Makita HP2051F + kohver\u00a0, heas seisu- ja t\u00f6\u00f6korras! KIRJELDUS Tootja Makita Kaal 2.3 kg Professionaalidele \/ Asjaarmastajatele Professionaalidele T\u00f6\u00f6riista m\u00f5\u00f5tmed 361 mm Mootori t\u00fc\u00fcp Elektri Sisendv\u00f5imsus 721 W Kiirus koormuseta 0-1200\/0-2900 min-1 Maksimaalne kiirus 2900 \/min K\u00e4ikude arv 2 k\u00e4iku L\u00f6\u00f6gisagedus 0-24000\/0-58000 min-1 Kaabli pikkus 2,5 m Puuriotsaku maksimaalne l\u00e4bim\u00f5\u00f5t puidu puurimiseks 40 mm [&hellip;]<\/p>\n","protected":false},"featured_media":24436,"comment_status":"closed","ping_status":"open","template":"","meta":{"inline_featured_image":false},"product_brand":[],"product_cat":[239],"product_tag":[],"class_list":{"0":"post-24435","1":"product","2":"type-product","3":"status-publish","4":"has-post-thumbnail","6":"product_cat-perforatory-i-dreli","7":"pa_asukoht-lasnamae","8":"pa_seisukord-ispolzovano","10":"first","11":"instock","12":"taxable","13":"shipping-taxable","14":"purchasable","15":"product-type-simple"},"_links":{"self":[{"href":"https:\/\/a-pant.ee\/ru\/wp-json\/wp\/v2\/product\/24435","targetHints":{"allow":["GET"]}}],"collection":[{"href":"https:\/\/a-pant.ee\/ru\/wp-json\/wp\/v2\/product"}],"about":[{"href":"https:\/\/a-pant.ee\/ru\/wp-json\/wp\/v2\/types\/product"}],"replies":[{"embeddable":true,"href":"https:\/\/a-pant.ee\/ru\/wp-json\/wp\/v2\/comments?post=24435"}],"wp:featuredmedia":[{"embeddable":true,"href":"https:\/\/a-pant.ee\/ru\/wp-json\/wp\/v2\/media\/24436"}],"wp:attachment":[{"href":"https:\/\/a-pant.ee\/ru\/wp-json\/wp\/v2\/media?parent=24435"}],"wp:term":[{"taxonomy":"product_brand","embeddable":true,"href":"https:\/\/a-pant.ee\/ru\/wp-json\/wp\/v2\/product_brand?post=24435"},{"taxonomy":"product_cat","embeddable":true,"href":"https:\/\/a-pant.ee\/ru\/wp-json\/wp\/v2\/product_cat?post=24435"},{"taxonomy":"product_tag","embeddable":true,"href":"https:\/\/a-pant.ee\/ru\/wp-json\/wp\/v2\/product_tag?post=24435"}],"curies":[{"name":"wp","href":"https:\/\/api.w.org\/{rel}","templated":true}]}}