{"id":24428,"date":"2026-02-04T01:41:44","date_gmt":"2026-02-03T22:41:44","guid":{"rendered":"https:\/\/a-pant.ee\/product\/diskovaya-pila-makita-5604r-chemodan\/"},"modified":"2026-02-22T12:38:09","modified_gmt":"2026-02-22T09:38:09","slug":"diskovaya-pila-makita-5604r-chemodan","status":"publish","type":"product","link":"https:\/\/a-pant.ee\/ru\/product\/diskovaya-pila-makita-5604r-chemodan\/","title":{"rendered":"\u0414\u0438\u0441\u043a\u043e\u0432\u0430\u044f \u043f\u0438\u043b\u0430 Makita 5604R + \u0427\u0435\u043c\u043e\u0434\u0430\u043d"},"content":{"rendered":"\n<p> Kettasaag Makita 5604R + Kohver, heas seisu- ja t\u00f6\u00f6korras! <\/p><p> KIRJELDUS <\/p><p> Plaadi l\u00e4bim\u00f5\u00f5t <br \/> 165 mm <br \/> Maandumise l\u00e4bim\u00f5\u00f5t <br \/> 20 mm <br \/> L\u00f5ikes\u00fcgavus (90\u00b0) <br \/> 54 mm <br \/> P\u00f6\u00f6rlemiskiirus <br \/> 5000 p\u00f6\u00f6ret minutis <br \/> Disaini omadused <br \/> tolmuimeja \u00fchendamise v\u00f5imalus <br \/> Kaal <br \/> 3,6 kg <\/p>\n","protected":false},"excerpt":{"rendered":"<p>Kettasaag Makita 5604R + Kohver, heas seisu- ja t\u00f6\u00f6korras! KIRJELDUS Plaadi l\u00e4bim\u00f5\u00f5t 165 mm Maandumise l\u00e4bim\u00f5\u00f5t 20 mm L\u00f5ikes\u00fcgavus (90\u00b0) 54 mm P\u00f6\u00f6rlemiskiirus 5000 p\u00f6\u00f6ret minutis Disaini omadused tolmuimeja \u00fchendamise v\u00f5imalus Kaal 3,6 kg<\/p>\n","protected":false},"featured_media":24429,"comment_status":"closed","ping_status":"open","template":"","meta":{"inline_featured_image":false},"product_brand":[],"product_cat":[230],"product_tag":[],"class_list":{"0":"post-24428","1":"product","2":"type-product","3":"status-publish","4":"has-post-thumbnail","6":"product_cat-czirkulyarnye-pily","7":"pa_asukoht-mustamae","8":"pa_seisukord-ispolzovano","10":"first","11":"instock","12":"taxable","13":"shipping-taxable","14":"purchasable","15":"product-type-simple"},"_links":{"self":[{"href":"https:\/\/a-pant.ee\/ru\/wp-json\/wp\/v2\/product\/24428","targetHints":{"allow":["GET"]}}],"collection":[{"href":"https:\/\/a-pant.ee\/ru\/wp-json\/wp\/v2\/product"}],"about":[{"href":"https:\/\/a-pant.ee\/ru\/wp-json\/wp\/v2\/types\/product"}],"replies":[{"embeddable":true,"href":"https:\/\/a-pant.ee\/ru\/wp-json\/wp\/v2\/comments?post=24428"}],"wp:featuredmedia":[{"embeddable":true,"href":"https:\/\/a-pant.ee\/ru\/wp-json\/wp\/v2\/media\/24429"}],"wp:attachment":[{"href":"https:\/\/a-pant.ee\/ru\/wp-json\/wp\/v2\/media?parent=24428"}],"wp:term":[{"taxonomy":"product_brand","embeddable":true,"href":"https:\/\/a-pant.ee\/ru\/wp-json\/wp\/v2\/product_brand?post=24428"},{"taxonomy":"product_cat","embeddable":true,"href":"https:\/\/a-pant.ee\/ru\/wp-json\/wp\/v2\/product_cat?post=24428"},{"taxonomy":"product_tag","embeddable":true,"href":"https:\/\/a-pant.ee\/ru\/wp-json\/wp\/v2\/product_tag?post=24428"}],"curies":[{"name":"wp","href":"https:\/\/api.w.org\/{rel}","templated":true}]}}