{"id":24422,"date":"2026-02-04T01:41:44","date_gmt":"2026-02-03T22:41:44","guid":{"rendered":"https:\/\/a-pant.ee\/product\/akkumulyatornaya-drel-makita-df332d\/"},"modified":"2026-02-22T12:38:09","modified_gmt":"2026-02-22T09:38:09","slug":"akudrel-makita-df332d-aku-20ach-108v","status":"publish","type":"product","link":"https:\/\/a-pant.ee\/ru\/product\/akudrel-makita-df332d-aku-20ach-108v\/","title":{"rendered":"\u0410\u043a\u0443\u0434\u0440\u0435\u043b\u044c Makita DF332D + \u0410\u043a\u0443 2,0\u0410\u0447 10,8\u0412"},"content":{"rendered":"\n<p> Akutrell Makita DF332D + aku 2,0Ah 10,8v\u00a0, heas seisu- ja t\u00f6\u00f6korras! <\/p><p> KIRJELDUS <\/p><p> Tootja Makita <\/p><p> Mootori t\u00fc\u00fcp Akutoitega <\/p><p> Akukeemia Li-Ion (Liitiumioonaku) <\/p><p> Aku pinge 10,8 V <\/p><p> Aku maht 2,0 Ah <\/p><p> Aku maht ja suurus 2,0 Ah <\/p><p> Professionaalidele \/ Asjaarmastajatele Professionaalidele <\/p>\n","protected":false},"excerpt":{"rendered":"<p>Akutrell Makita DF332D + aku 2,0Ah 10,8v\u00a0, heas seisu- ja t\u00f6\u00f6korras! KIRJELDUS Tootja Makita Mootori t\u00fc\u00fcp Akutoitega Akukeemia Li-Ion (Liitiumioonaku) Aku pinge 10,8 V Aku maht 2,0 Ah Aku maht ja suurus 2,0 Ah Professionaalidele \/ Asjaarmastajatele Professionaalidele<\/p>\n","protected":false},"featured_media":24423,"comment_status":"closed","ping_status":"open","template":"","meta":{"inline_featured_image":false},"product_brand":[],"product_cat":[221],"product_tag":[],"class_list":{"0":"post-24422","1":"product","2":"type-product","3":"status-publish","4":"has-post-thumbnail","6":"product_cat-akkumulyatornye-dreli","7":"pa_asukoht-lasnamae","8":"pa_seisukord-ispolzovano","10":"first","11":"instock","12":"taxable","13":"shipping-taxable","14":"purchasable","15":"product-type-simple"},"_links":{"self":[{"href":"https:\/\/a-pant.ee\/ru\/wp-json\/wp\/v2\/product\/24422","targetHints":{"allow":["GET"]}}],"collection":[{"href":"https:\/\/a-pant.ee\/ru\/wp-json\/wp\/v2\/product"}],"about":[{"href":"https:\/\/a-pant.ee\/ru\/wp-json\/wp\/v2\/types\/product"}],"replies":[{"embeddable":true,"href":"https:\/\/a-pant.ee\/ru\/wp-json\/wp\/v2\/comments?post=24422"}],"wp:featuredmedia":[{"embeddable":true,"href":"https:\/\/a-pant.ee\/ru\/wp-json\/wp\/v2\/media\/24423"}],"wp:attachment":[{"href":"https:\/\/a-pant.ee\/ru\/wp-json\/wp\/v2\/media?parent=24422"}],"wp:term":[{"taxonomy":"product_brand","embeddable":true,"href":"https:\/\/a-pant.ee\/ru\/wp-json\/wp\/v2\/product_brand?post=24422"},{"taxonomy":"product_cat","embeddable":true,"href":"https:\/\/a-pant.ee\/ru\/wp-json\/wp\/v2\/product_cat?post=24422"},{"taxonomy":"product_tag","embeddable":true,"href":"https:\/\/a-pant.ee\/ru\/wp-json\/wp\/v2\/product_tag?post=24422"}],"curies":[{"name":"wp","href":"https:\/\/api.w.org\/{rel}","templated":true}]}}