{"id":24415,"date":"2026-02-04T01:41:44","date_gmt":"2026-02-03T22:41:44","guid":{"rendered":"https:\/\/a-pant.ee\/product\/elektricheskij-samokat-seagway-ninebot-e25e\/"},"modified":"2026-02-22T12:38:09","modified_gmt":"2026-02-22T09:38:09","slug":"elektricheskij-samokat-seagway-ninebot-e25e-zaryadka","status":"publish","type":"product","link":"https:\/\/a-pant.ee\/ru\/product\/elektricheskij-samokat-seagway-ninebot-e25e-zaryadka\/","title":{"rendered":"\u042d\u043b\u0435\u043a\u0442\u0440\u0438\u0447\u0435\u0441\u043a\u0438\u0439 \u0441\u0430\u043c\u043e\u043a\u0430\u0442 Seagway Ninebot E25E + \u0437\u0430\u0440\u044f\u0434\u043a\u0430"},"content":{"rendered":"\n<p> Elektriline t\u00f5ukeratas Seagway Ninebot E25E + laadija\u00a0, heas seisu- ja t\u00f6\u00f6korras! <\/p><p> KIRJELDUS <\/p><p> Segway Ninebot E25E elektriline t\u00f5ukeratas on kergesti hoiustatav reisikaaslane, mis viib sind kohale soovitud sihtkohta. \u00dche nupuvajutusega kokkuvolditav raam v\u00f5imaldab ratta mugavalt \u00fche k\u00e4ega \u00fchistransporti kaasa v\u00f5tta v\u00f5i hoiustamiseks \u00e4ra panna. T\u00f5ukeratta suured rehvid lisavad s\u00f5idule juurde mugavust kuna kannavad maapinnalt \u00fcle v\u00e4hem vibratsioone. Elektrilisel t\u00f5ukerattal on kolm eraldi pidurit \u2013 magnetiline, mehaaniline ning e-ABS pidurduss\u00fcsteem, mis tagab kindla, turvalise ja kiire peatumise. Elektrilise t\u00f5ukerattaga on v\u00f5imalik saavutada kiirust kuni 25 km\/h ning \u00fche laadimisega on l\u00e4bitavaks vahemaaks kuni 25 km <\/p>\n","protected":false},"excerpt":{"rendered":"<p>Elektriline t\u00f5ukeratas Seagway Ninebot E25E + laadija\u00a0, heas seisu- ja t\u00f6\u00f6korras! KIRJELDUS Segway Ninebot E25E elektriline t\u00f5ukeratas on kergesti hoiustatav reisikaaslane, mis viib sind kohale soovitud sihtkohta. \u00dche nupuvajutusega kokkuvolditav raam v\u00f5imaldab ratta mugavalt \u00fche k\u00e4ega \u00fchistransporti kaasa v\u00f5tta v\u00f5i hoiustamiseks \u00e4ra panna. T\u00f5ukeratta suured rehvid lisavad s\u00f5idule juurde mugavust kuna kannavad maapinnalt \u00fcle v\u00e4hem [&hellip;]<\/p>\n","protected":false},"featured_media":24416,"comment_status":"closed","ping_status":"open","template":"","meta":{"inline_featured_image":false},"product_brand":[],"product_cat":[215],"product_tag":[],"class_list":{"0":"post-24415","1":"product","2":"type-product","3":"status-publish","4":"has-post-thumbnail","6":"product_cat-elektricheskie-samokaty","7":"product_shipping_class-oversize","8":"pa_asukoht-lasnamae","9":"pa_seisukord-ispolzovano","11":"first","12":"instock","13":"taxable","14":"shipping-taxable","15":"purchasable","16":"product-type-simple"},"_links":{"self":[{"href":"https:\/\/a-pant.ee\/ru\/wp-json\/wp\/v2\/product\/24415","targetHints":{"allow":["GET"]}}],"collection":[{"href":"https:\/\/a-pant.ee\/ru\/wp-json\/wp\/v2\/product"}],"about":[{"href":"https:\/\/a-pant.ee\/ru\/wp-json\/wp\/v2\/types\/product"}],"replies":[{"embeddable":true,"href":"https:\/\/a-pant.ee\/ru\/wp-json\/wp\/v2\/comments?post=24415"}],"wp:featuredmedia":[{"embeddable":true,"href":"https:\/\/a-pant.ee\/ru\/wp-json\/wp\/v2\/media\/24416"}],"wp:attachment":[{"href":"https:\/\/a-pant.ee\/ru\/wp-json\/wp\/v2\/media?parent=24415"}],"wp:term":[{"taxonomy":"product_brand","embeddable":true,"href":"https:\/\/a-pant.ee\/ru\/wp-json\/wp\/v2\/product_brand?post=24415"},{"taxonomy":"product_cat","embeddable":true,"href":"https:\/\/a-pant.ee\/ru\/wp-json\/wp\/v2\/product_cat?post=24415"},{"taxonomy":"product_tag","embeddable":true,"href":"https:\/\/a-pant.ee\/ru\/wp-json\/wp\/v2\/product_tag?post=24415"}],"curies":[{"name":"wp","href":"https:\/\/api.w.org\/{rel}","templated":true}]}}