{"id":24409,"date":"2026-02-04T01:41:44","date_gmt":"2026-02-03T22:41:44","guid":{"rendered":"https:\/\/a-pant.ee\/product\/noutbuk-lenovo-thinkpad-l560-zaryadka\/"},"modified":"2026-02-22T12:38:09","modified_gmt":"2026-02-22T09:38:09","slug":"noutbuk-lenovo-thinkpad-l560-zaryadka","status":"publish","type":"product","link":"https:\/\/a-pant.ee\/ru\/product\/noutbuk-lenovo-thinkpad-l560-zaryadka\/","title":{"rendered":"\u041d\u043e\u0443\u0442\u0431\u0443\u043a Lenovo ThinkPad L560 + \u0437\u0430\u0440\u044f\u0434\u043a\u0430"},"content":{"rendered":"\n<p> S\u00fclearvuti Lenovo ThinkPad L560 + laadija\u00a0, heas seisu- ja t\u00f6\u00f6korras! <\/p><p> KIRJELDUS <\/p><p> Protsessor: Intel (R) Core (TM) i5-6200 CPU@ 2,30GHz(4 CPUs) 2.40Ghz <\/p><p> Operatiiv m\u00e4lu: 12 GB (12288Mb) <\/p><p> Videokaart: Intel \u00ae HD Graphics 520 (6210MB) <\/p><p> K\u00f5vakettas: SAMSUNG MZYLF128HCHP-000L2 128Gb <\/p><p> Windows: 10 Home 64 bit <\/p>\n","protected":false},"excerpt":{"rendered":"<p>S\u00fclearvuti Lenovo ThinkPad L560 + laadija\u00a0, heas seisu- ja t\u00f6\u00f6korras! KIRJELDUS Protsessor: Intel (R) Core (TM) i5-6200 CPU@ 2,30GHz(4 CPUs) 2.40Ghz Operatiiv m\u00e4lu: 12 GB (12288Mb) Videokaart: Intel \u00ae HD Graphics 520 (6210MB) K\u00f5vakettas: SAMSUNG MZYLF128HCHP-000L2 128Gb Windows: 10 Home 64 bit<\/p>\n","protected":false},"featured_media":24410,"comment_status":"closed","ping_status":"open","template":"","meta":{"inline_featured_image":false},"product_brand":[],"product_cat":[179],"product_tag":[],"class_list":{"0":"post-24409","1":"product","2":"type-product","3":"status-publish","4":"has-post-thumbnail","6":"product_cat-noutbuki","7":"pa_asukoht-lasnamae","8":"pa_seisukord-ispolzovano","10":"first","11":"instock","12":"taxable","13":"shipping-taxable","14":"purchasable","15":"product-type-simple"},"_links":{"self":[{"href":"https:\/\/a-pant.ee\/ru\/wp-json\/wp\/v2\/product\/24409","targetHints":{"allow":["GET"]}}],"collection":[{"href":"https:\/\/a-pant.ee\/ru\/wp-json\/wp\/v2\/product"}],"about":[{"href":"https:\/\/a-pant.ee\/ru\/wp-json\/wp\/v2\/types\/product"}],"replies":[{"embeddable":true,"href":"https:\/\/a-pant.ee\/ru\/wp-json\/wp\/v2\/comments?post=24409"}],"wp:featuredmedia":[{"embeddable":true,"href":"https:\/\/a-pant.ee\/ru\/wp-json\/wp\/v2\/media\/24410"}],"wp:attachment":[{"href":"https:\/\/a-pant.ee\/ru\/wp-json\/wp\/v2\/media?parent=24409"}],"wp:term":[{"taxonomy":"product_brand","embeddable":true,"href":"https:\/\/a-pant.ee\/ru\/wp-json\/wp\/v2\/product_brand?post=24409"},{"taxonomy":"product_cat","embeddable":true,"href":"https:\/\/a-pant.ee\/ru\/wp-json\/wp\/v2\/product_cat?post=24409"},{"taxonomy":"product_tag","embeddable":true,"href":"https:\/\/a-pant.ee\/ru\/wp-json\/wp\/v2\/product_tag?post=24409"}],"curies":[{"name":"wp","href":"https:\/\/api.w.org\/{rel}","templated":true}]}}